{"id":10605,"date":"2025-06-20T17:57:15","date_gmt":"2025-06-20T21:57:15","guid":{"rendered":"https:\/\/www.multicasa.com.br\/inicio\/?post_type=product&#038;p=10605"},"modified":"2025-06-20T17:57:58","modified_gmt":"2025-06-20T21:57:58","slug":"tapete-para-box-com-ventosa-antiderrapante-transparente-azul-daivak","status":"publish","type":"product","link":"https:\/\/www.multicasa.com.br\/inicio\/produto\/tapete-para-box-com-ventosa-antiderrapante-transparente-azul-daivak\/","title":{"rendered":"Tapete para Box com Ventosa Antiderrapante Transparente\/Azul Daivak"},"content":{"rendered":"<p>Tapete para Box Daivak ideal para usar no box do banheiro, \u00e9 confeccionada em pvc na cor transparente e azul, possui 70 ventosas antiderrapantes que se prendem \u00e0 superf\u00edcie, evitando que o tapete saia do lugar ou derrape. Garante seguran\u00e7a.<\/p>\n","protected":false},"excerpt":{"rendered":"<h4 style=\"margin: 0px;padding: 0px 0px 16px;font-family: Lato, sans-serif;font-weight: bold;line-height: 3rem;color: var(--dark-grey3);font-size: 22px;font-style: normal;letter-spacing: normal;text-align: start;text-indent: 0px;text-transform: none\">Informa\u00e7\u00f5es t\u00e9cnicas<\/h4>\n<p><span style=\"margin: 0px;padding: 0px;font-weight: 450;font-size: 14px;line-height: 21px;color: var(--dark-grey2);font-family: Lato, sans-serif;font-style: normal;letter-spacing: normal;text-align: start;text-indent: 0px;text-transform: none\">Produto: Tapete para box<br \/>\nMarca: Daivak<br \/>\nMaterial: PVC<br \/>\nCor: Azul, incolor<br \/>\nCaracter\u00edsticas:Transparente<br \/>\nFixa\u00e7\u00e3o por 70 ventosas<br \/>\nN\u00e3o escorrega<br \/>\nItens inclusos: 1 Tapete para box<br \/>\nDimens\u00f5es do produto (L X P): 45 x 32cm<br \/>\n<\/span><\/p>\n","protected":false},"featured_media":10671,"template":"","meta":{"_joinchat":[]},"product_brand":[],"product_cat":[96],"product_tag":[],"class_list":{"0":"post-10605","1":"product","2":"type-product","3":"status-publish","4":"has-post-thumbnail","6":"product_cat-limpeza-e-cia","8":"first","9":"outofstock","10":"shipping-taxable","11":"product-type-simple"},"_links":{"self":[{"href":"https:\/\/www.multicasa.com.br\/inicio\/wp-json\/wp\/v2\/product\/10605","targetHints":{"allow":["GET"]}}],"collection":[{"href":"https:\/\/www.multicasa.com.br\/inicio\/wp-json\/wp\/v2\/product"}],"about":[{"href":"https:\/\/www.multicasa.com.br\/inicio\/wp-json\/wp\/v2\/types\/product"}],"wp:featuredmedia":[{"embeddable":true,"href":"https:\/\/www.multicasa.com.br\/inicio\/wp-json\/wp\/v2\/media\/10671"}],"wp:attachment":[{"href":"https:\/\/www.multicasa.com.br\/inicio\/wp-json\/wp\/v2\/media?parent=10605"}],"wp:term":[{"taxonomy":"product_brand","embeddable":true,"href":"https:\/\/www.multicasa.com.br\/inicio\/wp-json\/wp\/v2\/product_brand?post=10605"},{"taxonomy":"product_cat","embeddable":true,"href":"https:\/\/www.multicasa.com.br\/inicio\/wp-json\/wp\/v2\/product_cat?post=10605"},{"taxonomy":"product_tag","embeddable":true,"href":"https:\/\/www.multicasa.com.br\/inicio\/wp-json\/wp\/v2\/product_tag?post=10605"}],"curies":[{"name":"wp","href":"https:\/\/api.w.org\/{rel}","templated":true}]}}