{"id":10609,"date":"2025-06-20T17:57:15","date_gmt":"2025-06-20T21:57:15","guid":{"rendered":"https:\/\/www.multicasa.com.br\/inicio\/?post_type=product&#038;p=10609"},"modified":"2026-02-21T11:00:40","modified_gmt":"2026-02-21T15:00:40","slug":"cabide-de-acrilico-giratorio-preto-para-saias-cinquetti","status":"publish","type":"product","link":"https:\/\/www.multicasa.com.br\/inicio\/produto\/cabide-de-acrilico-giratorio-preto-para-saias-cinquetti\/","title":{"rendered":"Cabide de Acr\u00edlico Girat\u00f3rio Preto para Saias Cinquetti"},"content":{"rendered":"<p>Use o Cabide de Acr\u00edlico Girat\u00f3rio Preto para pendurar suas saias e otimizar o espa\u00e7o dentro do arm\u00e1rio. Possui gancho que se movimenta e mant\u00e9m seu guarda-roupa em ordem, al\u00e9m de 2 presilhas que facilitam a visualiza\u00e7\u00e3o e n\u00e3o deixam suas pe\u00e7as amarrotarem. Tem as extremidades pr\u00f3prias para pendurar vestidos e blusas de al\u00e7a. Mede 40,5 x 19 cm.<\/p>\n","protected":false},"excerpt":{"rendered":"<h4 style=\"margin: 0px;padding: 0px 0px 16px;font-family: Lato, sans-serif;font-weight: bold;line-height: 3rem;color: var(--dark-grey3);font-size: 22px;font-style: normal;letter-spacing: normal;text-align: start;text-indent: 0px;text-transform: none\">Informa\u00e7\u00f5es t\u00e9cnicas<\/h4>\n<p><span style=\"margin: 0px;padding: 0px;font-weight: 450;font-size: 14px;line-height: 21px;color: var(--dark-grey2);font-family: Lato, sans-serif;font-style: normal;letter-spacing: normal;text-align: start;text-indent: 0px;text-transform: none\">Produto: Cabide para Saias<br \/>\nMarca: Cinquentti<br \/>\nMaterial: Acr\u00edlico<br \/>\nCor: Preto<br \/>\nCaracter\u00edstica: Girat\u00f3rio;<br \/>\n2 presilhas<br \/>\nItens Inclusos: 1 Cabide para saias<br \/>\nDimens\u00f5es do produto (A X L): 19 x 40,5cm<\/span><\/p>\n","protected":false},"featured_media":10683,"template":"","meta":{"_joinchat":[]},"product_brand":[],"product_cat":[95],"product_tag":[],"class_list":{"0":"post-10609","1":"product","2":"type-product","3":"status-publish","4":"has-post-thumbnail","6":"product_cat-lavanderia","8":"first","9":"instock","10":"shipping-taxable","11":"purchasable","12":"product-type-simple"},"_links":{"self":[{"href":"https:\/\/www.multicasa.com.br\/inicio\/wp-json\/wp\/v2\/product\/10609","targetHints":{"allow":["GET"]}}],"collection":[{"href":"https:\/\/www.multicasa.com.br\/inicio\/wp-json\/wp\/v2\/product"}],"about":[{"href":"https:\/\/www.multicasa.com.br\/inicio\/wp-json\/wp\/v2\/types\/product"}],"wp:featuredmedia":[{"embeddable":true,"href":"https:\/\/www.multicasa.com.br\/inicio\/wp-json\/wp\/v2\/media\/10683"}],"wp:attachment":[{"href":"https:\/\/www.multicasa.com.br\/inicio\/wp-json\/wp\/v2\/media?parent=10609"}],"wp:term":[{"taxonomy":"product_brand","embeddable":true,"href":"https:\/\/www.multicasa.com.br\/inicio\/wp-json\/wp\/v2\/product_brand?post=10609"},{"taxonomy":"product_cat","embeddable":true,"href":"https:\/\/www.multicasa.com.br\/inicio\/wp-json\/wp\/v2\/product_cat?post=10609"},{"taxonomy":"product_tag","embeddable":true,"href":"https:\/\/www.multicasa.com.br\/inicio\/wp-json\/wp\/v2\/product_tag?post=10609"}],"curies":[{"name":"wp","href":"https:\/\/api.w.org\/{rel}","templated":true}]}}