{"id":10638,"date":"2025-06-20T17:57:38","date_gmt":"2025-06-20T21:57:38","guid":{"rendered":"https:\/\/www.multicasa.com.br\/inicio\/?post_type=product&#038;p=10638"},"modified":"2025-12-16T19:18:00","modified_gmt":"2025-12-16T23:18:00","slug":"parafuso-de-aco-para-madeira-45x40mm-bemfixa-10-unidades","status":"publish","type":"product","link":"https:\/\/www.multicasa.com.br\/inicio\/produto\/parafuso-de-aco-para-madeira-45x40mm-bemfixa-10-unidades\/","title":{"rendered":"Parafuso de A\u00e7o para Madeira 4,5x40mm Bemfixa 10 unidades"},"content":{"rendered":"<p>Use parafuso de a\u00e7o 4,5 x 40 mm de cabe\u00e7a chata com encaixe philips Bemfixa para reparos e fixa\u00e7\u00f5es gerais em pe\u00e7as de madeira. Resistente e eficiente para obras e consertos do dia-a-dia. Embalagem com 10 unidades.<\/p>\n","protected":false},"excerpt":{"rendered":"<h4 style=\"margin: 0px;padding: 0px 0px 16px;font-family: Lato, sans-serif;font-weight: bold;line-height: 3rem;color: var(--dark-grey3);font-size: 22px;font-style: normal;letter-spacing: normal;text-align: start;text-indent: 0px;text-transform: none\">Informa\u00e7\u00f5es t\u00e9cnicas<\/h4>\n<p><span style=\"margin: 0px;padding: 0px;font-weight: 450;font-size: 14px;line-height: 21px;color: var(--dark-grey2);font-family: Lato, sans-serif;font-style: normal;letter-spacing: normal;text-align: start;text-indent: 0px;text-transform: none\">Produto: Parafuso<br \/>\nMarca: Bemfixa<br \/>\nMaterial: A\u00e7o<br \/>\nAcabamento: Galvanizado<br \/>\nCor: Dourado<br \/>\nCaracter\u00edsticas: Para aglomerado<br \/>\nPara uso em madeira<br \/>\nCabe\u00e7a chata<br \/>\nFenda philips<br \/>\nResistente contra oxida\u00e7\u00e3o<br \/>\nN\u00e3o enferruja<br \/>\nItens inclusos: 10 Parafusos<br \/>\nDimens\u00f5es do produto (A X L) 40 x 4,5mm<br \/>\n<\/span><\/p>\n","protected":false},"featured_media":10698,"template":"","meta":{"_joinchat":[]},"product_brand":[],"product_cat":[135],"product_tag":[],"class_list":{"0":"post-10638","1":"product","2":"type-product","3":"status-publish","4":"has-post-thumbnail","6":"product_cat-parafusos-e-buchas","8":"first","9":"outofstock","10":"shipping-taxable","11":"product-type-simple"},"_links":{"self":[{"href":"https:\/\/www.multicasa.com.br\/inicio\/wp-json\/wp\/v2\/product\/10638","targetHints":{"allow":["GET"]}}],"collection":[{"href":"https:\/\/www.multicasa.com.br\/inicio\/wp-json\/wp\/v2\/product"}],"about":[{"href":"https:\/\/www.multicasa.com.br\/inicio\/wp-json\/wp\/v2\/types\/product"}],"wp:featuredmedia":[{"embeddable":true,"href":"https:\/\/www.multicasa.com.br\/inicio\/wp-json\/wp\/v2\/media\/10698"}],"wp:attachment":[{"href":"https:\/\/www.multicasa.com.br\/inicio\/wp-json\/wp\/v2\/media?parent=10638"}],"wp:term":[{"taxonomy":"product_brand","embeddable":true,"href":"https:\/\/www.multicasa.com.br\/inicio\/wp-json\/wp\/v2\/product_brand?post=10638"},{"taxonomy":"product_cat","embeddable":true,"href":"https:\/\/www.multicasa.com.br\/inicio\/wp-json\/wp\/v2\/product_cat?post=10638"},{"taxonomy":"product_tag","embeddable":true,"href":"https:\/\/www.multicasa.com.br\/inicio\/wp-json\/wp\/v2\/product_tag?post=10638"}],"curies":[{"name":"wp","href":"https:\/\/api.w.org\/{rel}","templated":true}]}}