{"id":10639,"date":"2025-06-20T17:57:38","date_gmt":"2025-06-20T21:57:38","guid":{"rendered":"https:\/\/www.multicasa.com.br\/inicio\/?post_type=product&#038;p=10639"},"modified":"2025-06-20T17:58:30","modified_gmt":"2025-06-20T21:58:30","slug":"bastao-tira-manchas-limpeza-verde-105g","status":"publish","type":"product","link":"https:\/\/www.multicasa.com.br\/inicio\/produto\/bastao-tira-manchas-limpeza-verde-105g\/","title":{"rendered":"Bast\u00e3o Tira Manchas Limpeza Verde 105g"},"content":{"rendered":"<p>O Bast\u00e3o Tira Manchas Limpeza Verde pode ser utilizado em qualquer tecido sem qualquer risco, ele tira manchas de caneta esferogr\u00e1fica, batom, vinho, caf\u00e9, manga, \u00f3leo, beterraba, ketchup, molho de tomate, manchas amareladas em baixo da manga da camisa, sangue, colarinhos amarelados, etc. Sua f\u00f3rmula \u00e9 ecol\u00f3gica e biodegrad\u00e1vel, possui alto desempenho de limpeza e n\u00e3o agride a sa\u00fade.<br \/>\nA embalagem cont\u00e9m 105g, \u00e9 de f\u00e1cil utiliza\u00e7\u00e3o e econ\u00f4mica!<br \/>\nTire manchas com facilidade com o bast\u00e3o 100% natural, n\u00e3o desbota roupas coloridas e n\u00e3o danifica suas roupas!<\/p>\n","protected":false},"excerpt":{"rendered":"<h4 style=\"margin: 0px;padding: 0px 0px 16px;font-family: Lato, sans-serif;font-weight: bold;line-height: 3rem;color: var(--dark-grey3);font-size: 22px;font-style: normal;letter-spacing: normal;text-align: start;text-indent: 0px;text-transform: none\">Informa\u00e7\u00f5es t\u00e9cnicas<\/h4>\n<p><span style=\"margin: 0px;padding: 0px;font-weight: 450;font-size: 14px;line-height: 21px;color: var(--dark-grey2);font-family: Lato, sans-serif;font-style: normal;letter-spacing: normal;text-align: start;text-indent: 0px;text-transform: none\">Produto: Tira manchas<br \/>\nMarca: Limpeza verde<br \/>\nConte\u00fado: 105g<br \/>\nCaracter\u00edsticas: Ecol\u00f3gico, biodegrad\u00e1vel, aprovado pela Anvisa, 100% natural, n\u00e3o faz mal a sa\u00fade, n\u00e3o desbota roupas coloridas<br \/>\nItens Inclusos: 1 tira manchas<br \/>\nDimens\u00f5es do produto (A X L X P): 14 x 4,5 x 3,5cm<br \/>\n<\/span><\/p>\n","protected":false},"featured_media":10710,"template":"","meta":{"_joinchat":[]},"product_brand":[],"product_cat":[95],"product_tag":[],"class_list":{"0":"post-10639","1":"product","2":"type-product","3":"status-publish","4":"has-post-thumbnail","6":"product_cat-lavanderia","8":"first","9":"outofstock","10":"shipping-taxable","11":"product-type-simple"},"_links":{"self":[{"href":"https:\/\/www.multicasa.com.br\/inicio\/wp-json\/wp\/v2\/product\/10639","targetHints":{"allow":["GET"]}}],"collection":[{"href":"https:\/\/www.multicasa.com.br\/inicio\/wp-json\/wp\/v2\/product"}],"about":[{"href":"https:\/\/www.multicasa.com.br\/inicio\/wp-json\/wp\/v2\/types\/product"}],"wp:featuredmedia":[{"embeddable":true,"href":"https:\/\/www.multicasa.com.br\/inicio\/wp-json\/wp\/v2\/media\/10710"}],"wp:attachment":[{"href":"https:\/\/www.multicasa.com.br\/inicio\/wp-json\/wp\/v2\/media?parent=10639"}],"wp:term":[{"taxonomy":"product_brand","embeddable":true,"href":"https:\/\/www.multicasa.com.br\/inicio\/wp-json\/wp\/v2\/product_brand?post=10639"},{"taxonomy":"product_cat","embeddable":true,"href":"https:\/\/www.multicasa.com.br\/inicio\/wp-json\/wp\/v2\/product_cat?post=10639"},{"taxonomy":"product_tag","embeddable":true,"href":"https:\/\/www.multicasa.com.br\/inicio\/wp-json\/wp\/v2\/product_tag?post=10639"}],"curies":[{"name":"wp","href":"https:\/\/api.w.org\/{rel}","templated":true}]}}