{"id":10642,"date":"2025-06-20T17:57:39","date_gmt":"2025-06-20T21:57:39","guid":{"rendered":"https:\/\/www.multicasa.com.br\/inicio\/?post_type=product&#038;p=10642"},"modified":"2025-08-18T03:43:25","modified_gmt":"2025-08-18T07:43:25","slug":"sapateira-vertical-21-pares-branca-arthi","status":"publish","type":"product","link":"https:\/\/www.multicasa.com.br\/inicio\/produto\/sapateira-vertical-21-pares-branca-arthi\/","title":{"rendered":"Sapateira Vertical 21 Pares Branca Arthi"},"content":{"rendered":"<p>Conhe\u00e7a a Sapateira Vertical da Arthi com espa\u00e7os para at\u00e9 21 pares. Dispon\u00edvel na cor branca, possui tubos de alt\u00edssima resist\u00eancia em a\u00e7o cromado que n\u00e3o oxidam. Pode ser usada no closet, quarto, lavanderia ou despensa. Com suas laterais em resina branca resistente e de qualidade, \u00e9 ideal para colocar sapatos sem a preocupa\u00e7\u00e3o com o peso. Para deixar sua casa mais arrumada sem cal\u00e7ados espalhados pelos c\u00f4modos.<\/p>\n","protected":false},"excerpt":{"rendered":"<h4 style=\"margin: 0px;padding: 0px 0px 16px;font-family: Lato, sans-serif;font-weight: bold;line-height: 3rem;color: var(--dark-grey3);font-size: 22px;font-style: normal;letter-spacing: normal;text-align: start;text-indent: 0px;text-transform: none\">Informa\u00e7\u00f5es t\u00e9cnicas<\/h4>\n<p><span style=\"margin: 0px;padding: 0px;font-weight: 450;font-size: 14px;line-height: 21px;color: var(--dark-grey2);font-family: Lato, sans-serif;font-style: normal;letter-spacing: normal;text-align: start;text-indent: 0px;text-transform: none\">Produto: Sapateira<br \/>\nMarca: Arthi<br \/>\nMaterial: A\u00e7o cromado e resina pl\u00e1stica<br \/>\nCor: Branco e prata<br \/>\nCapacidade: 21 pares<br \/>\nCaracter\u00edsticas: N\u00e3o oxida<br \/>\nF\u00e1cil de montar<br \/>\nItens inclusos: 1 sapateira<br \/>\nDimens\u00f5es do produto (A x L x P): 95,5 x 55,2 x 25,5cm<br \/>\n<\/span><\/p>\n","protected":false},"featured_media":10718,"template":"","meta":{"_joinchat":[]},"product_brand":[],"product_cat":[98],"product_tag":[],"class_list":{"0":"post-10642","1":"product","2":"type-product","3":"status-publish","4":"has-post-thumbnail","6":"product_cat-organizadores","8":"first","9":"outofstock","10":"shipping-taxable","11":"purchasable","12":"product-type-simple"},"_links":{"self":[{"href":"https:\/\/www.multicasa.com.br\/inicio\/wp-json\/wp\/v2\/product\/10642","targetHints":{"allow":["GET"]}}],"collection":[{"href":"https:\/\/www.multicasa.com.br\/inicio\/wp-json\/wp\/v2\/product"}],"about":[{"href":"https:\/\/www.multicasa.com.br\/inicio\/wp-json\/wp\/v2\/types\/product"}],"wp:featuredmedia":[{"embeddable":true,"href":"https:\/\/www.multicasa.com.br\/inicio\/wp-json\/wp\/v2\/media\/10718"}],"wp:attachment":[{"href":"https:\/\/www.multicasa.com.br\/inicio\/wp-json\/wp\/v2\/media?parent=10642"}],"wp:term":[{"taxonomy":"product_brand","embeddable":true,"href":"https:\/\/www.multicasa.com.br\/inicio\/wp-json\/wp\/v2\/product_brand?post=10642"},{"taxonomy":"product_cat","embeddable":true,"href":"https:\/\/www.multicasa.com.br\/inicio\/wp-json\/wp\/v2\/product_cat?post=10642"},{"taxonomy":"product_tag","embeddable":true,"href":"https:\/\/www.multicasa.com.br\/inicio\/wp-json\/wp\/v2\/product_tag?post=10642"}],"curies":[{"name":"wp","href":"https:\/\/api.w.org\/{rel}","templated":true}]}}