{"id":10645,"date":"2025-06-20T17:57:39","date_gmt":"2025-06-20T21:57:39","guid":{"rendered":"https:\/\/www.multicasa.com.br\/inicio\/?post_type=product&#038;p=10645"},"modified":"2025-12-16T19:17:47","modified_gmt":"2025-12-16T23:17:47","slug":"cabo-coaxial-rg6-megatron-1m","status":"publish","type":"product","link":"https:\/\/www.multicasa.com.br\/inicio\/produto\/cabo-coaxial-rg6-megatron-1m\/","title":{"rendered":"Cabo Coaxial RG6 Megatron 1m"},"content":{"rendered":"<p>Use o cabo coaxial RG6 Megatron na instala\u00e7\u00e3o de circuito fechado de TV (CFTV), antenas UHF VHF, parab\u00f3licas, sistema de TV a cabo (CATV), liga\u00e7\u00f5es de c\u00e2meras em elevadores e outros equipamentos de v\u00eddeo. Com 1 m, possui condutor em a\u00e7o acobreado, isola\u00e7\u00e3o em polietileno, blindagem em fios de alum\u00ednio tran\u00e7ado e capa de PVC.<\/p>\n","protected":false},"excerpt":{"rendered":"<h4 style=\"margin: 0px;padding: 0px 0px 16px;font-family: Lato, sans-serif;font-weight: bold;line-height: 3rem;color: var(--dark-grey3);font-size: 22px;font-style: normal;letter-spacing: normal;text-align: start;text-indent: 0px;text-transform: none\">Informa\u00e7\u00f5es t\u00e9cnicas<\/h4>\n<p><span style=\"margin: 0px;padding: 0px;font-weight: 450;font-size: 14px;line-height: 21px;color: var(--dark-grey2);font-family: Lato, sans-serif;font-style: normal;letter-spacing: normal;text-align: start;text-indent: 0px;text-transform: none\">Produto: Cabo coaxial<br \/>\nMarca: Megatron<br \/>\nMaterial: A\u00e7o Acobreado<br \/>\nIsolamento de polietileno<br \/>\nBlindagem de alum\u00ednio tran\u00e7ado<br \/>\nCapa de PVC<br \/>\nCor: Branco<br \/>\nCaracter\u00edsticas: Conector RGC-6<br \/>\nItens inclusos: 1 Cabo coaxial<br \/>\nDimens\u00f5es do produto (C): 1m<br \/>\n<\/span><\/p>\n","protected":false},"featured_media":10723,"template":"","meta":{"_joinchat":[]},"product_brand":[],"product_cat":[150],"product_tag":[],"class_list":{"0":"post-10645","1":"product","2":"type-product","3":"status-publish","4":"has-post-thumbnail","6":"product_cat-antenas-e-cia","8":"first","9":"instock","10":"shipping-taxable","11":"purchasable","12":"product-type-simple"},"_links":{"self":[{"href":"https:\/\/www.multicasa.com.br\/inicio\/wp-json\/wp\/v2\/product\/10645","targetHints":{"allow":["GET"]}}],"collection":[{"href":"https:\/\/www.multicasa.com.br\/inicio\/wp-json\/wp\/v2\/product"}],"about":[{"href":"https:\/\/www.multicasa.com.br\/inicio\/wp-json\/wp\/v2\/types\/product"}],"wp:featuredmedia":[{"embeddable":true,"href":"https:\/\/www.multicasa.com.br\/inicio\/wp-json\/wp\/v2\/media\/10723"}],"wp:attachment":[{"href":"https:\/\/www.multicasa.com.br\/inicio\/wp-json\/wp\/v2\/media?parent=10645"}],"wp:term":[{"taxonomy":"product_brand","embeddable":true,"href":"https:\/\/www.multicasa.com.br\/inicio\/wp-json\/wp\/v2\/product_brand?post=10645"},{"taxonomy":"product_cat","embeddable":true,"href":"https:\/\/www.multicasa.com.br\/inicio\/wp-json\/wp\/v2\/product_cat?post=10645"},{"taxonomy":"product_tag","embeddable":true,"href":"https:\/\/www.multicasa.com.br\/inicio\/wp-json\/wp\/v2\/product_tag?post=10645"}],"curies":[{"name":"wp","href":"https:\/\/api.w.org\/{rel}","templated":true}]}}