{"id":10647,"date":"2025-06-20T17:57:39","date_gmt":"2025-06-20T21:57:39","guid":{"rendered":"https:\/\/www.multicasa.com.br\/inicio\/?post_type=product&#038;p=10647"},"modified":"2025-08-17T19:12:49","modified_gmt":"2025-08-17T23:12:49","slug":"mini-macarico-portatil-recarregavel-western","status":"publish","type":"product","link":"https:\/\/www.multicasa.com.br\/inicio\/produto\/mini-macarico-portatil-recarregavel-western\/","title":{"rendered":"Mini Ma\u00e7arico Port\u00e1til Recarreg\u00e1vel Western"},"content":{"rendered":"<p>Mini Ma\u00e7arico Port\u00e1til Recarreg\u00e1vel a g\u00e1s Butano da Western para artesanatos, camping, lareiras, soldas e at\u00e9 mesmo laborat\u00f3rios. Possui trava para deslig\u00e1-lo e \u00e9 seguro para ser transportado. \u00c9 feito de pl\u00e1stico, alum\u00ednio, liga de zinco e cromo com capacidade de 800 a 1300 graus e controle manual da chama. Al\u00e9m disso, tamb\u00e9m possui tecnologia para controle de fluxo de ar e g\u00e1s de f\u00e1cil abastecimento. Seu consumo \u00e9 de 40 gramas de g\u00e1s por hora de uso e n\u00e3o \u00e9 indicado que seja utilizado por mais de 20 minutos cont\u00ednuos. Dispon\u00edvel na cor azul e vermelho.<\/p>\n","protected":false},"excerpt":{"rendered":"<h4 style=\"margin: 0px;padding: 0px 0px 16px;font-family: Lato, sans-serif;font-weight: bold;line-height: 3rem;color: var(--dark-grey3);font-size: 22px;font-style: normal;letter-spacing: normal;text-align: start;text-indent: 0px;text-transform: none\">Informa\u00e7\u00f5es t\u00e9cnicas<\/h4>\n<p><span style=\"margin: 0px;padding: 0px;font-weight: 450;font-size: 14px;line-height: 21px;color: var(--dark-grey2);font-family: Lato, sans-serif;font-style: normal;letter-spacing: normal;text-align: start;text-indent: 0px;text-transform: none\">Produto: Mini Ma\u00e7arico Port\u00e1til<br \/>\nCor: Sortido<br \/>\nCaracter\u00edsticas: Port\u00e1til<br \/>\nRecarreg\u00e1vel a g\u00e1s butano<br \/>\nPossui bot\u00e3o de acendimento autom\u00e1tico<br \/>\nBase remov\u00edvel<br \/>\nControle de fluxo de g\u00e1s para regulagem da chama<br \/>\nPossui interruptor\/trava desliga<br \/>\nItens Inclusos: 1 mini ma\u00e7arico port\u00e1til<br \/>\nDimens\u00f5es do produto (A x L x P): 13 x 9 x 4,5cm<\/span><\/p>\n","protected":false},"featured_media":27394,"template":"","meta":{"_joinchat":[]},"product_brand":[],"product_cat":[137],"product_tag":[],"class_list":{"0":"post-10647","1":"product","2":"type-product","3":"status-publish","4":"has-post-thumbnail","6":"product_cat-ferramentas-manuais","8":"first","9":"outofstock","10":"shipping-taxable","11":"purchasable","12":"product-type-simple"},"_links":{"self":[{"href":"https:\/\/www.multicasa.com.br\/inicio\/wp-json\/wp\/v2\/product\/10647","targetHints":{"allow":["GET"]}}],"collection":[{"href":"https:\/\/www.multicasa.com.br\/inicio\/wp-json\/wp\/v2\/product"}],"about":[{"href":"https:\/\/www.multicasa.com.br\/inicio\/wp-json\/wp\/v2\/types\/product"}],"wp:featuredmedia":[{"embeddable":true,"href":"https:\/\/www.multicasa.com.br\/inicio\/wp-json\/wp\/v2\/media\/27394"}],"wp:attachment":[{"href":"https:\/\/www.multicasa.com.br\/inicio\/wp-json\/wp\/v2\/media?parent=10647"}],"wp:term":[{"taxonomy":"product_brand","embeddable":true,"href":"https:\/\/www.multicasa.com.br\/inicio\/wp-json\/wp\/v2\/product_brand?post=10647"},{"taxonomy":"product_cat","embeddable":true,"href":"https:\/\/www.multicasa.com.br\/inicio\/wp-json\/wp\/v2\/product_cat?post=10647"},{"taxonomy":"product_tag","embeddable":true,"href":"https:\/\/www.multicasa.com.br\/inicio\/wp-json\/wp\/v2\/product_tag?post=10647"}],"curies":[{"name":"wp","href":"https:\/\/api.w.org\/{rel}","templated":true}]}}