{"id":10652,"date":"2025-06-20T17:57:40","date_gmt":"2025-06-20T21:57:40","guid":{"rendered":"https:\/\/www.multicasa.com.br\/inicio\/?post_type=product&#038;p=10652"},"modified":"2025-12-16T19:18:42","modified_gmt":"2025-12-16T23:18:42","slug":"raquete-a-pilhas-mata-insetos-brasfort","status":"publish","type":"product","link":"https:\/\/www.multicasa.com.br\/inicio\/produto\/raquete-a-pilhas-mata-insetos-brasfort\/","title":{"rendered":"Raquete a Pilhas Mata Insetos Brasfort"},"content":{"rendered":"<p>Utilize a Raquete Mata Insetos Brasfort e livre-se de uma vez dos mosquitos da dengue e pernilongos de forma simples e segura. Mata os insetos sem utilizar inseticidas ou veneno, apenas com a descarga el\u00e9trica, al\u00e9m de possuir grade de seguran\u00e7a. Utiliza 02 pilhas AA (pilhas n\u00e3o inclusas).<\/p>\n","protected":false},"excerpt":{"rendered":"<h4 style=\"margin: 0px;padding: 0px 0px 16px;font-family: Lato, sans-serif;font-weight: bold;line-height: 3rem;color: var(--dark-grey3);font-size: 22px;font-style: normal;letter-spacing: normal;text-align: start;text-indent: 0px;text-transform: none\">Informa\u00e7\u00f5es t\u00e9cnicas<\/h4>\n<p><span style=\"margin: 0px;padding: 0px;font-weight: 450;font-size: 14px;line-height: 21px;color: var(--dark-grey2);font-family: Lato, sans-serif;font-style: normal;letter-spacing: normal;text-align: start;text-indent: 0px;text-transform: none\">Produto: Raquete Mata El\u00e9trica<br \/>\nMarca: Brasfort<br \/>\nCor: Azul e preto<br \/>\nAlimenta\u00e7\u00e3o: 2 pilhas AA (n\u00e3o inclusas)<br \/>\nCaracter\u00edsticas: Mata insetos apenas com a descarga el\u00e9trica<br \/>\nGrade de seguran\u00e7a<br \/>\nSem fuma\u00e7a<br \/>\nItens Inclusos: 1 Raquete Mata El\u00e9trica<br \/>\nDimens\u00f5es do produto (A X L): 50 x 21cm<br \/>\nPeso do produto: 300g<br \/>\n<\/span><\/p>\n","protected":false},"featured_media":10743,"template":"","meta":{"_joinchat":[]},"product_brand":[],"product_cat":[132],"product_tag":[],"class_list":{"0":"post-10652","1":"product","2":"type-product","3":"status-publish","4":"has-post-thumbnail","6":"product_cat-inseticidas","8":"first","9":"outofstock","10":"shipping-taxable","11":"purchasable","12":"product-type-simple"},"_links":{"self":[{"href":"https:\/\/www.multicasa.com.br\/inicio\/wp-json\/wp\/v2\/product\/10652","targetHints":{"allow":["GET"]}}],"collection":[{"href":"https:\/\/www.multicasa.com.br\/inicio\/wp-json\/wp\/v2\/product"}],"about":[{"href":"https:\/\/www.multicasa.com.br\/inicio\/wp-json\/wp\/v2\/types\/product"}],"wp:featuredmedia":[{"embeddable":true,"href":"https:\/\/www.multicasa.com.br\/inicio\/wp-json\/wp\/v2\/media\/10743"}],"wp:attachment":[{"href":"https:\/\/www.multicasa.com.br\/inicio\/wp-json\/wp\/v2\/media?parent=10652"}],"wp:term":[{"taxonomy":"product_brand","embeddable":true,"href":"https:\/\/www.multicasa.com.br\/inicio\/wp-json\/wp\/v2\/product_brand?post=10652"},{"taxonomy":"product_cat","embeddable":true,"href":"https:\/\/www.multicasa.com.br\/inicio\/wp-json\/wp\/v2\/product_cat?post=10652"},{"taxonomy":"product_tag","embeddable":true,"href":"https:\/\/www.multicasa.com.br\/inicio\/wp-json\/wp\/v2\/product_tag?post=10652"}],"curies":[{"name":"wp","href":"https:\/\/api.w.org\/{rel}","templated":true}]}}