{"id":10676,"date":"2025-06-20T17:58:01","date_gmt":"2025-06-20T21:58:01","guid":{"rendered":"https:\/\/www.multicasa.com.br\/inicio\/?post_type=product&#038;p=10676"},"modified":"2025-06-20T17:59:00","modified_gmt":"2025-06-20T21:59:00","slug":"papa-bolinhas-regulavel-a-pilha-western","status":"publish","type":"product","link":"https:\/\/www.multicasa.com.br\/inicio\/produto\/papa-bolinhas-regulavel-a-pilha-western\/","title":{"rendered":"Papa Bolinhas Regul\u00e1vel \u00e0 Pilha Western"},"content":{"rendered":"<p>O Papa Bolinhas Regul\u00e1vel Western \u00e9 a op\u00e7\u00e3o perfeita para retirar bolinhas das suas roupas, sof\u00e1s, carpetes e cortinas sem danificar a pe\u00e7a. Fabricado em pl\u00e1stico ABS, poliestireno e a\u00e7o na cor cinza e azul, tamb\u00e9m tem reservat\u00f3rio transparente. Possui 3 n\u00edveis de altura entre a l\u00e2mina e o tecido (alto, m\u00e9dio e baixo) o que garante um melhor resultado. Sua alimenta\u00e7\u00e3o \u00e9 feito a base de pilhas AA.<\/p>\n","protected":false},"excerpt":{"rendered":"<h4 style=\"margin: 0px;padding: 0px 0px 16px;font-family: Lato, sans-serif;font-weight: bold;line-height: 3rem;color: var(--dark-grey3);font-size: 22px;font-style: normal;letter-spacing: normal;text-align: start;text-indent: 0px;text-transform: none\">Informa\u00e7\u00f5es t\u00e9cnicas<\/h4>\n<p><span style=\"margin: 0px;padding: 0px;font-weight: 450;font-size: 14px;line-height: 21px;color: var(--dark-grey2);font-family: Lato, sans-serif;font-style: normal;letter-spacing: normal;text-align: start;text-indent: 0px;text-transform: none\">Produto: Papa bolinhas<br \/>\nMarca: Western<br \/>\nMaterial: A\u00e7o<br \/>\nABS<br \/>\nPoliestireno<br \/>\nCor: Cinza, azul<br \/>\nUso indicado: retirar bolinhas de artigos de l\u00e3, sof\u00e1, carpete, cortina<br \/>\nAlimenta\u00e7\u00e3o: 2 pilhas AA (n\u00e3o inclusas).<br \/>\nCaracter\u00edsticas: Reservat\u00f3rio transparente<br \/>\n3 n\u00edveis de altura (espa\u00e7o entre a l\u00e2mina e o tecido)<br \/>\nAlto 2,3mm &#8211; M\u00e9dio 1,8mm &#8211; Baixo 1,3mm.<br \/>\nItens Inclusos: 1 papa bolinhas<br \/>\nDimens\u00f5es do produto (A x L x P): 17 x 8,5 x 6,5cm<\/span><\/p>\n","protected":false},"featured_media":10749,"template":"","meta":{"_joinchat":[]},"product_brand":[],"product_cat":[95],"product_tag":[],"class_list":{"0":"post-10676","1":"product","2":"type-product","3":"status-publish","4":"has-post-thumbnail","6":"product_cat-lavanderia","8":"first","9":"outofstock","10":"shipping-taxable","11":"product-type-simple"},"_links":{"self":[{"href":"https:\/\/www.multicasa.com.br\/inicio\/wp-json\/wp\/v2\/product\/10676","targetHints":{"allow":["GET"]}}],"collection":[{"href":"https:\/\/www.multicasa.com.br\/inicio\/wp-json\/wp\/v2\/product"}],"about":[{"href":"https:\/\/www.multicasa.com.br\/inicio\/wp-json\/wp\/v2\/types\/product"}],"wp:featuredmedia":[{"embeddable":true,"href":"https:\/\/www.multicasa.com.br\/inicio\/wp-json\/wp\/v2\/media\/10749"}],"wp:attachment":[{"href":"https:\/\/www.multicasa.com.br\/inicio\/wp-json\/wp\/v2\/media?parent=10676"}],"wp:term":[{"taxonomy":"product_brand","embeddable":true,"href":"https:\/\/www.multicasa.com.br\/inicio\/wp-json\/wp\/v2\/product_brand?post=10676"},{"taxonomy":"product_cat","embeddable":true,"href":"https:\/\/www.multicasa.com.br\/inicio\/wp-json\/wp\/v2\/product_cat?post=10676"},{"taxonomy":"product_tag","embeddable":true,"href":"https:\/\/www.multicasa.com.br\/inicio\/wp-json\/wp\/v2\/product_tag?post=10676"}],"curies":[{"name":"wp","href":"https:\/\/api.w.org\/{rel}","templated":true}]}}