{"id":10678,"date":"2025-06-20T17:58:01","date_gmt":"2025-06-20T21:58:01","guid":{"rendered":"https:\/\/www.multicasa.com.br\/inicio\/?post_type=product&#038;p=10678"},"modified":"2025-06-20T17:59:03","modified_gmt":"2025-06-20T21:59:03","slug":"espelho-com-ventosa-cristal-astra","status":"publish","type":"product","link":"https:\/\/www.multicasa.com.br\/inicio\/produto\/espelho-com-ventosa-cristal-astra\/","title":{"rendered":"Espelho com Ventosa Cristal Astra"},"content":{"rendered":"<p>A solu\u00e7\u00e3o que voc\u00ea buscava para espelhos port\u00e1teis \u00e9 este espelho com ventosa Cristal Astra. Com acabamento em acr\u00edlico, a espelheira \u00e9 pr\u00e1tica, conta com excelente ader\u00eancia que permite ser fixada em vidros, cer\u00e2micas, azulejos, m\u00e1rmores e etc. Vem com suporte para barbeador que torna seu uso ideal para banheiros. Voc\u00ea pode instalar e desinstalar onde quiser sempre que desejar. Mede 14 x 22 x 6 cm.<\/p>\n","protected":false},"excerpt":{"rendered":"<h4 style=\"margin: 0px;padding: 0px 0px 16px;font-family: Lato, sans-serif;font-weight: bold;line-height: 3rem;color: var(--dark-grey3);font-size: 22px;font-style: normal;letter-spacing: normal;text-align: start;text-indent: 0px;text-transform: none\">Informa\u00e7\u00f5es t\u00e9cnicas<\/h4>\n<p><span style=\"margin: 0px;padding: 0px;font-weight: 450;font-size: 14px;line-height: 21px;color: var(--dark-grey2);font-family: Lato, sans-serif;font-style: normal;letter-spacing: normal;text-align: start;text-indent: 0px;text-transform: none\"><br \/>\nProduto: Espelho<br \/>\nMarca: Astra<br \/>\nMaterial: Acr\u00edlico<br \/>\nCor: Azul<br \/>\nCaracter\u00edsticas: De parede<br \/>\nSuper ventosa embutida<br \/>\nSuporta at\u00e9 1,5kg<br \/>\nSuporte para 2 barbeadores<br \/>\nItens inclusos: 1 espelho<br \/>\nDimens\u00f5es do produto (A X L x P): 22 x 14 x 6cm<\/span><\/p>\n","protected":false},"featured_media":10755,"template":"","meta":{"_joinchat":[]},"product_brand":[],"product_cat":[69],"product_tag":[],"class_list":{"0":"post-10678","1":"product","2":"type-product","3":"status-publish","4":"has-post-thumbnail","6":"product_cat-acessorios-para-banheiro","8":"first","9":"outofstock","10":"shipping-taxable","11":"product-type-simple"},"_links":{"self":[{"href":"https:\/\/www.multicasa.com.br\/inicio\/wp-json\/wp\/v2\/product\/10678","targetHints":{"allow":["GET"]}}],"collection":[{"href":"https:\/\/www.multicasa.com.br\/inicio\/wp-json\/wp\/v2\/product"}],"about":[{"href":"https:\/\/www.multicasa.com.br\/inicio\/wp-json\/wp\/v2\/types\/product"}],"wp:featuredmedia":[{"embeddable":true,"href":"https:\/\/www.multicasa.com.br\/inicio\/wp-json\/wp\/v2\/media\/10755"}],"wp:attachment":[{"href":"https:\/\/www.multicasa.com.br\/inicio\/wp-json\/wp\/v2\/media?parent=10678"}],"wp:term":[{"taxonomy":"product_brand","embeddable":true,"href":"https:\/\/www.multicasa.com.br\/inicio\/wp-json\/wp\/v2\/product_brand?post=10678"},{"taxonomy":"product_cat","embeddable":true,"href":"https:\/\/www.multicasa.com.br\/inicio\/wp-json\/wp\/v2\/product_cat?post=10678"},{"taxonomy":"product_tag","embeddable":true,"href":"https:\/\/www.multicasa.com.br\/inicio\/wp-json\/wp\/v2\/product_tag?post=10678"}],"curies":[{"name":"wp","href":"https:\/\/api.w.org\/{rel}","templated":true}]}}