{"id":10679,"date":"2025-06-20T17:58:01","date_gmt":"2025-06-20T21:58:01","guid":{"rendered":"https:\/\/www.multicasa.com.br\/inicio\/?post_type=product&#038;p=10679"},"modified":"2025-06-20T17:59:06","modified_gmt":"2025-06-20T21:59:06","slug":"saboneteira-de-parede-com-ventosa-plastico-transparente-astra","status":"publish","type":"product","link":"https:\/\/www.multicasa.com.br\/inicio\/produto\/saboneteira-de-parede-com-ventosa-plastico-transparente-astra\/","title":{"rendered":"Saboneteira de Parede com Ventosa Pl\u00e1stico Transparente Astra"},"content":{"rendered":"<p>Saboneteira de Parede Astra, pr\u00e1tica e funcional, vem com ventosa e pode ser usada em superf\u00edcies lisas como azulejos, cer\u00e2micas esmaltadas, vidros, f\u00f3rmicas, m\u00e1rmores polidos, entre outros, podendo ser instalada em outro lugar sempre que voc\u00ea desejar. Produzida em pl\u00e1stico transparente, \u00e9 super resistente suportando at\u00e9 1, 5kg.<br \/>\nA saboneteira Astra une praticidade e estilo para a sua casa!<\/p>\n","protected":false},"excerpt":{"rendered":"<h4 style=\"margin: 0px;padding: 0px 0px 16px;font-family: Lato, sans-serif;font-weight: bold;line-height: 3rem;color: var(--dark-grey3);font-size: 22px;font-style: normal;letter-spacing: normal;text-align: start;text-indent: 0px;text-transform: none\">Informa\u00e7\u00f5es t\u00e9cnicas<\/h4>\n<p><span style=\"margin: 0px;padding: 0px;font-weight: 450;font-size: 14px;line-height: 21px;color: var(--dark-grey2);font-family: Lato, sans-serif;font-style: normal;letter-spacing: normal;text-align: start;text-indent: 0px;text-transform: none\">Produto: Saboneteira<br \/>\nMarca: Astra<br \/>\nMaterial: Pl\u00e1stico<br \/>\nCapacidade: 1,5kg<br \/>\nCaracter\u00edsticas: Para parede<br \/>\nTransparente<br \/>\nFixa\u00e7\u00e3o por super ventosa<br \/>\nItens inclusos: 1 saboneteira<br \/>\nDimens\u00f5es do produto (A x L x P): 6 x 22,3 x 17,4cm<\/span><\/p>\n","protected":false},"featured_media":10756,"template":"","meta":{"_joinchat":[]},"product_brand":[],"product_cat":[69],"product_tag":[],"class_list":{"0":"post-10679","1":"product","2":"type-product","3":"status-publish","4":"has-post-thumbnail","6":"product_cat-acessorios-para-banheiro","8":"first","9":"outofstock","10":"shipping-taxable","11":"product-type-simple"},"_links":{"self":[{"href":"https:\/\/www.multicasa.com.br\/inicio\/wp-json\/wp\/v2\/product\/10679","targetHints":{"allow":["GET"]}}],"collection":[{"href":"https:\/\/www.multicasa.com.br\/inicio\/wp-json\/wp\/v2\/product"}],"about":[{"href":"https:\/\/www.multicasa.com.br\/inicio\/wp-json\/wp\/v2\/types\/product"}],"wp:featuredmedia":[{"embeddable":true,"href":"https:\/\/www.multicasa.com.br\/inicio\/wp-json\/wp\/v2\/media\/10756"}],"wp:attachment":[{"href":"https:\/\/www.multicasa.com.br\/inicio\/wp-json\/wp\/v2\/media?parent=10679"}],"wp:term":[{"taxonomy":"product_brand","embeddable":true,"href":"https:\/\/www.multicasa.com.br\/inicio\/wp-json\/wp\/v2\/product_brand?post=10679"},{"taxonomy":"product_cat","embeddable":true,"href":"https:\/\/www.multicasa.com.br\/inicio\/wp-json\/wp\/v2\/product_cat?post=10679"},{"taxonomy":"product_tag","embeddable":true,"href":"https:\/\/www.multicasa.com.br\/inicio\/wp-json\/wp\/v2\/product_tag?post=10679"}],"curies":[{"name":"wp","href":"https:\/\/api.w.org\/{rel}","templated":true}]}}