{"id":10704,"date":"2025-06-20T17:58:22","date_gmt":"2025-06-20T21:58:22","guid":{"rendered":"https:\/\/www.multicasa.com.br\/inicio\/?post_type=product&#038;p=10704"},"modified":"2025-12-16T19:19:18","modified_gmt":"2025-12-16T23:19:18","slug":"caneca-cerveja-vidro-bristol-nadir-340ml","status":"publish","type":"product","link":"https:\/\/www.multicasa.com.br\/inicio\/produto\/caneca-cerveja-vidro-bristol-nadir-340ml\/","title":{"rendered":"Caneca Cerveja Vidro Bristol Nadir 340ml"},"content":{"rendered":"<p>Com a Caneca para Cerveja de Vidro Nadir voc\u00ea tem design e inova\u00e7\u00e3o para extrair o melhor do aroma, sabor e apar\u00eancia das bebidas. Em vidro, com capacidade de 340ml para voc\u00ea esbanjar estilo e bom gosto com sua caneca bristol.<\/p>\n","protected":false},"excerpt":{"rendered":"<h4 style=\"margin: 0px;padding: 0px 0px 16px;font-family: Lato, sans-serif;font-weight: bold;line-height: 3rem;color: var(--dark-grey3);font-size: 22px;font-style: normal;letter-spacing: normal;text-align: start;text-indent: 0px;text-transform: none\">Informa\u00e7\u00f5es t\u00e9cnicas<\/h4>\n<p><span style=\"margin: 0px;padding: 0px;font-weight: 450;font-size: 14px;line-height: 21px;color: var(--dark-grey2);font-family: Lato, sans-serif;font-style: normal;letter-spacing: normal;text-align: start;text-indent: 0px;text-transform: none\">Produto: Caneca Cerveja<br \/>\nMarca: Nadir<br \/>\nMaterial: Vidro<br \/>\nCor: Incolor<br \/>\nCapacidade: 340ml<br \/>\nItens Inclusos: 1 caneca para cerveja<br \/>\nDimens\u00f5es do produto (A x L x P): 13 x 11 x 5cm<\/span><\/p>\n","protected":false},"featured_media":10777,"template":"","meta":{"_joinchat":[]},"product_brand":[],"product_cat":[136],"product_tag":[],"class_list":{"0":"post-10704","1":"product","2":"type-product","3":"status-publish","4":"has-post-thumbnail","6":"product_cat-lazer","8":"first","9":"outofstock","10":"shipping-taxable","11":"product-type-simple"},"_links":{"self":[{"href":"https:\/\/www.multicasa.com.br\/inicio\/wp-json\/wp\/v2\/product\/10704","targetHints":{"allow":["GET"]}}],"collection":[{"href":"https:\/\/www.multicasa.com.br\/inicio\/wp-json\/wp\/v2\/product"}],"about":[{"href":"https:\/\/www.multicasa.com.br\/inicio\/wp-json\/wp\/v2\/types\/product"}],"wp:featuredmedia":[{"embeddable":true,"href":"https:\/\/www.multicasa.com.br\/inicio\/wp-json\/wp\/v2\/media\/10777"}],"wp:attachment":[{"href":"https:\/\/www.multicasa.com.br\/inicio\/wp-json\/wp\/v2\/media?parent=10704"}],"wp:term":[{"taxonomy":"product_brand","embeddable":true,"href":"https:\/\/www.multicasa.com.br\/inicio\/wp-json\/wp\/v2\/product_brand?post=10704"},{"taxonomy":"product_cat","embeddable":true,"href":"https:\/\/www.multicasa.com.br\/inicio\/wp-json\/wp\/v2\/product_cat?post=10704"},{"taxonomy":"product_tag","embeddable":true,"href":"https:\/\/www.multicasa.com.br\/inicio\/wp-json\/wp\/v2\/product_tag?post=10704"}],"curies":[{"name":"wp","href":"https:\/\/api.w.org\/{rel}","templated":true}]}}