{"id":10707,"date":"2025-06-20T17:58:22","date_gmt":"2025-06-20T21:58:22","guid":{"rendered":"https:\/\/www.multicasa.com.br\/inicio\/?post_type=product&#038;p=10707"},"modified":"2025-08-18T03:43:58","modified_gmt":"2025-08-18T07:43:58","slug":"polidor-de-metais-cromados-bombril-200ml","status":"publish","type":"product","link":"https:\/\/www.multicasa.com.br\/inicio\/produto\/polidor-de-metais-cromados-bombril-200ml\/","title":{"rendered":"Polidor de Metais Cromados Bombril 200ml"},"content":{"rendered":"<p>O Polidor de Metais Cromados Bombril limpa, conserva e d\u00e1 brilho para metais cromados como lat\u00e3o, cobre, bronze, alum\u00ednio e a\u00e7o. Com 200ml e com componente ativo de oleoto de am\u00f4nio com a\u00e7\u00e3o exclusiva antimanchas que protege, d\u00e1 brilho e elimina riscos leves.<\/p>\n","protected":false},"excerpt":{"rendered":"<h4 style=\"margin: 0px;padding: 0px 0px 16px;font-family: Lato, sans-serif;font-weight: bold;line-height: 3rem;color: var(--dark-grey3);font-size: 22px;font-style: normal;letter-spacing: normal;text-align: start;text-indent: 0px;text-transform: none\">Informa\u00e7\u00f5es t\u00e9cnicas<\/h4>\n<p><span style=\"margin: 0px;padding: 0px;font-weight: 450;font-size: 14px;line-height: 21px;color: var(--dark-grey2);font-family: Lato, sans-serif;font-style: normal;letter-spacing: normal;text-align: start;text-indent: 0px;text-transform: none\">Produto: Polidor de metais<br \/>\nMarca: Bombril<br \/>\nUso indicado: Para polir metais cromados<br \/>\nConte\u00fado: 200ml<br \/>\nCaracter\u00edsticas: Ideal para limpar lat\u00e3o, cobre, bronze, alum\u00ednio e a\u00e7o<br \/>\nAntimanchas<br \/>\nExtra brilho<br \/>\nElimina riscos leves<br \/>\nItens Inclusos: 1 polidor de metais<br \/>\nDimens\u00f5es do produto (A x L): 13 x 6cm<br \/>\n<\/span><\/p>\n","protected":false},"featured_media":10780,"template":"","meta":{"_joinchat":[]},"product_brand":[],"product_cat":[96],"product_tag":[],"class_list":{"0":"post-10707","1":"product","2":"type-product","3":"status-publish","4":"has-post-thumbnail","6":"product_cat-limpeza-e-cia","8":"first","9":"outofstock","10":"shipping-taxable","11":"purchasable","12":"product-type-simple"},"_links":{"self":[{"href":"https:\/\/www.multicasa.com.br\/inicio\/wp-json\/wp\/v2\/product\/10707","targetHints":{"allow":["GET"]}}],"collection":[{"href":"https:\/\/www.multicasa.com.br\/inicio\/wp-json\/wp\/v2\/product"}],"about":[{"href":"https:\/\/www.multicasa.com.br\/inicio\/wp-json\/wp\/v2\/types\/product"}],"wp:featuredmedia":[{"embeddable":true,"href":"https:\/\/www.multicasa.com.br\/inicio\/wp-json\/wp\/v2\/media\/10780"}],"wp:attachment":[{"href":"https:\/\/www.multicasa.com.br\/inicio\/wp-json\/wp\/v2\/media?parent=10707"}],"wp:term":[{"taxonomy":"product_brand","embeddable":true,"href":"https:\/\/www.multicasa.com.br\/inicio\/wp-json\/wp\/v2\/product_brand?post=10707"},{"taxonomy":"product_cat","embeddable":true,"href":"https:\/\/www.multicasa.com.br\/inicio\/wp-json\/wp\/v2\/product_cat?post=10707"},{"taxonomy":"product_tag","embeddable":true,"href":"https:\/\/www.multicasa.com.br\/inicio\/wp-json\/wp\/v2\/product_tag?post=10707"}],"curies":[{"name":"wp","href":"https:\/\/api.w.org\/{rel}","templated":true}]}}