{"id":10709,"date":"2025-06-20T17:58:23","date_gmt":"2025-06-20T21:58:23","guid":{"rendered":"https:\/\/www.multicasa.com.br\/inicio\/?post_type=product&#038;p=10709"},"modified":"2025-06-20T17:59:26","modified_gmt":"2025-06-20T21:59:26","slug":"trava-para-porta-de-vidro-joy-ordene","status":"publish","type":"product","link":"https:\/\/www.multicasa.com.br\/inicio\/produto\/trava-para-porta-de-vidro-joy-ordene\/","title":{"rendered":"Trava para Porta de Vidro Joy Ordene"},"content":{"rendered":"<p>Trava para Portas Joy Ordene \u00e9 ideal para evitar que as crian\u00e7as abram as portas dos arm\u00e1rios ou as estantes de vidro da casa. Confeccionado em pl\u00e1stico super resistente, possui f\u00e1cil aplica\u00e7\u00e3o, podendo ser instalado por qualquer pessoa sem a necessidade de acess\u00f3rios, al\u00e9m de n\u00e3o danificar os m\u00f3veis. Proteja sua fam\u00edlia com o trava portas da Joy Ordene.<\/p>\n","protected":false},"excerpt":{"rendered":"<h4 style=\"margin: 0px;padding: 0px 0px 16px;font-family: Lato, sans-serif;font-weight: bold;line-height: 3rem;color: var(--dark-grey3);font-size: 22px;font-style: normal;letter-spacing: normal;text-align: start;text-indent: 0px;text-transform: none\">Informa\u00e7\u00f5es t\u00e9cnicas<\/h4>\n<p><span style=\"margin: 0px;padding: 0px;font-weight: 450;font-size: 14px;line-height: 21px;color: var(--dark-grey2);font-family: Lato, sans-serif;font-style: normal;letter-spacing: normal;text-align: start;text-indent: 0px;text-transform: none\"><br \/>\nProduto: Trava para Porta<br \/>\nMarca: Ordene<br \/>\nMaterial: Pl\u00e1stico<br \/>\nCor: Branco<br \/>\nCaracter\u00edsticas: Possui f\u00e1cil aplica\u00e7\u00e3o<br \/>\nN\u00e3o danifica os m\u00f3veis<br \/>\nResistente<br \/>\nItens inclusos: 1 Trava para Porta<br \/>\nDimens\u00f5es do produto (A X L X C): 3,8 x 9,7 x 1,5cm<br \/>\n<\/span><\/p>\n","protected":false},"featured_media":10787,"template":"","meta":{"_joinchat":[]},"product_brand":[],"product_cat":[141],"product_tag":[],"class_list":{"0":"post-10709","1":"product","2":"type-product","3":"status-publish","4":"has-post-thumbnail","6":"product_cat-marcenaria","8":"first","9":"outofstock","10":"shipping-taxable","11":"product-type-simple"},"_links":{"self":[{"href":"https:\/\/www.multicasa.com.br\/inicio\/wp-json\/wp\/v2\/product\/10709","targetHints":{"allow":["GET"]}}],"collection":[{"href":"https:\/\/www.multicasa.com.br\/inicio\/wp-json\/wp\/v2\/product"}],"about":[{"href":"https:\/\/www.multicasa.com.br\/inicio\/wp-json\/wp\/v2\/types\/product"}],"wp:featuredmedia":[{"embeddable":true,"href":"https:\/\/www.multicasa.com.br\/inicio\/wp-json\/wp\/v2\/media\/10787"}],"wp:attachment":[{"href":"https:\/\/www.multicasa.com.br\/inicio\/wp-json\/wp\/v2\/media?parent=10709"}],"wp:term":[{"taxonomy":"product_brand","embeddable":true,"href":"https:\/\/www.multicasa.com.br\/inicio\/wp-json\/wp\/v2\/product_brand?post=10709"},{"taxonomy":"product_cat","embeddable":true,"href":"https:\/\/www.multicasa.com.br\/inicio\/wp-json\/wp\/v2\/product_cat?post=10709"},{"taxonomy":"product_tag","embeddable":true,"href":"https:\/\/www.multicasa.com.br\/inicio\/wp-json\/wp\/v2\/product_tag?post=10709"}],"curies":[{"name":"wp","href":"https:\/\/api.w.org\/{rel}","templated":true}]}}