{"id":10737,"date":"2025-06-20T17:58:47","date_gmt":"2025-06-20T21:58:47","guid":{"rendered":"https:\/\/www.multicasa.com.br\/inicio\/?post_type=product&#038;p=10737"},"modified":"2026-04-28T16:30:29","modified_gmt":"2026-04-28T20:30:29","slug":"banqueta-escada-de-aco-mor-3-degraus","status":"publish","type":"product","link":"https:\/\/www.multicasa.com.br\/inicio\/produto\/banqueta-escada-de-aco-mor-3-degraus\/","title":{"rendered":"Banqueta Escada de A\u00e7o Mor 3 Degraus"},"content":{"rendered":"<p>Para facilitar as tarefas do seu dia a dia, use a Banqueta Escada de A\u00e7o Mor. Feita em alum\u00ednio, leve e dobr\u00e1vel, possui 3 degraus que alcan\u00e7am at\u00e9 65cm, ideal para alcan\u00e7ar lugares mais altos como arm\u00e1rios, balc\u00f5es e prateleiras. Leve e funcional, pode tamb\u00e9m ser usada como uma confort\u00e1vel banqueta. Suporta at\u00e9 120kg, j\u00e1 que sua estrutura em tubos e chapas s\u00e3o de alum\u00ednio e suas pe\u00e7as azuis s\u00e3o em pl\u00e1stico de polipropileno.<\/p>\n","protected":false},"excerpt":{"rendered":"<h4 style=\"margin: 0px;padding: 0px 0px 16px;font-family: Lato, sans-serif;font-weight: bold;line-height: 3rem;color: var(--dark-grey3);font-size: 22px;font-style: normal;letter-spacing: normal;text-align: start;text-indent: 0px;text-transform: none\">Informa\u00e7\u00f5es t\u00e9cnicas<\/h4>\n<p><span style=\"margin: 0px;padding: 0px;font-weight: 450;font-size: 14px;line-height: 21px;color: var(--dark-grey2);font-family: Lato, sans-serif;font-style: normal;letter-spacing: normal;text-align: start;text-indent: 0px;text-transform: none\">Produto: Banqueta escada<br \/>\nMarca: Mor<br \/>\nMaterial: Alum\u00ednio; polipropileno<br \/>\nCor: Prata; azul<br \/>\nCaracter\u00edsticas: 3 Degraus; capacidade 120kg<br \/>\nItens Inclusos: 1 Banqueta escada<br \/>\nDimens\u00f5es do produto (A x L x P): 65 x  42 x 59cm<\/span><\/p>\n","protected":false},"featured_media":10815,"template":"","meta":{"_joinchat":[]},"product_brand":[],"product_cat":[156],"product_tag":[],"class_list":{"0":"post-10737","1":"product","2":"type-product","3":"status-publish","4":"has-post-thumbnail","6":"product_cat-escadas","8":"first","9":"instock","10":"shipping-taxable","11":"purchasable","12":"product-type-simple"},"_links":{"self":[{"href":"https:\/\/www.multicasa.com.br\/inicio\/wp-json\/wp\/v2\/product\/10737","targetHints":{"allow":["GET"]}}],"collection":[{"href":"https:\/\/www.multicasa.com.br\/inicio\/wp-json\/wp\/v2\/product"}],"about":[{"href":"https:\/\/www.multicasa.com.br\/inicio\/wp-json\/wp\/v2\/types\/product"}],"wp:featuredmedia":[{"embeddable":true,"href":"https:\/\/www.multicasa.com.br\/inicio\/wp-json\/wp\/v2\/media\/10815"}],"wp:attachment":[{"href":"https:\/\/www.multicasa.com.br\/inicio\/wp-json\/wp\/v2\/media?parent=10737"}],"wp:term":[{"taxonomy":"product_brand","embeddable":true,"href":"https:\/\/www.multicasa.com.br\/inicio\/wp-json\/wp\/v2\/product_brand?post=10737"},{"taxonomy":"product_cat","embeddable":true,"href":"https:\/\/www.multicasa.com.br\/inicio\/wp-json\/wp\/v2\/product_cat?post=10737"},{"taxonomy":"product_tag","embeddable":true,"href":"https:\/\/www.multicasa.com.br\/inicio\/wp-json\/wp\/v2\/product_tag?post=10737"}],"curies":[{"name":"wp","href":"https:\/\/api.w.org\/{rel}","templated":true}]}}