{"id":10762,"date":"2025-06-20T17:59:10","date_gmt":"2025-06-20T21:59:10","guid":{"rendered":"https:\/\/www.multicasa.com.br\/inicio\/?post_type=product&#038;p=10762"},"modified":"2025-12-16T19:21:39","modified_gmt":"2025-12-16T23:21:39","slug":"protetor-de-tomada-padrao-ordene-9-pecas","status":"publish","type":"product","link":"https:\/\/www.multicasa.com.br\/inicio\/produto\/protetor-de-tomada-padrao-ordene-9-pecas\/","title":{"rendered":"Protetor de Tomada Padr\u00e3o Ordene 9 Pe\u00e7as"},"content":{"rendered":"<p>O Protetor de Tomada Padr\u00e3o Flat Ordene quando utilizadas, impossibilitam a entrada de objetos estranhos na tomada, protegendo de choques el\u00e9tricos. S\u00e3o 6 unidades e 1 chave para retirada dos protetores, ideal para manter crian\u00e7as afastadas, evitando choques el\u00e9tricos.<\/p>\n","protected":false},"excerpt":{"rendered":"<h4 style=\"margin: 0px;padding: 0px 0px 16px;font-family: Lato, sans-serif;font-weight: bold;line-height: 3rem;color: var(--dark-grey3);font-size: 22px;font-style: normal;letter-spacing: normal;text-align: start;text-indent: 0px;text-transform: none\">Informa\u00e7\u00f5es t\u00e9cnicas<\/h4>\n<p><span style=\"margin: 0px;padding: 0px;font-weight: 450;font-size: 14px;line-height: 21px;color: var(--dark-grey2);font-family: Lato, sans-serif;font-style: normal;letter-spacing: normal;text-align: start;text-indent: 0px;text-transform: none\">Produto: Protetor de tomada<br \/>\nMarca: Ordene<br \/>\nMaterial: Pl\u00e1stico<br \/>\nCor: Branca<br \/>\nCaracter\u00edsticas: Evita choques<br \/>\nSeguran\u00e7a para as crian\u00e7as<br \/>\nQuantidade de pe\u00e7as: 10<br \/>\nItens Inclusos: 9 Protetores de tomada<br \/>\n1 chave para remo\u00e7\u00e3o<br \/>\nDimens\u00f5es (A X L X P): 3,2 x 2,2 x 1,6cm<br \/>\n<\/span><\/p>\n","protected":false},"featured_media":10821,"template":"","meta":{"_joinchat":[]},"product_brand":[],"product_cat":[144],"product_tag":[],"class_list":{"0":"post-10762","1":"product","2":"type-product","3":"status-publish","4":"has-post-thumbnail","6":"product_cat-tomadas-e-cia","8":"first","9":"outofstock","10":"shipping-taxable","11":"product-type-simple"},"_links":{"self":[{"href":"https:\/\/www.multicasa.com.br\/inicio\/wp-json\/wp\/v2\/product\/10762","targetHints":{"allow":["GET"]}}],"collection":[{"href":"https:\/\/www.multicasa.com.br\/inicio\/wp-json\/wp\/v2\/product"}],"about":[{"href":"https:\/\/www.multicasa.com.br\/inicio\/wp-json\/wp\/v2\/types\/product"}],"wp:featuredmedia":[{"embeddable":true,"href":"https:\/\/www.multicasa.com.br\/inicio\/wp-json\/wp\/v2\/media\/10821"}],"wp:attachment":[{"href":"https:\/\/www.multicasa.com.br\/inicio\/wp-json\/wp\/v2\/media?parent=10762"}],"wp:term":[{"taxonomy":"product_brand","embeddable":true,"href":"https:\/\/www.multicasa.com.br\/inicio\/wp-json\/wp\/v2\/product_brand?post=10762"},{"taxonomy":"product_cat","embeddable":true,"href":"https:\/\/www.multicasa.com.br\/inicio\/wp-json\/wp\/v2\/product_cat?post=10762"},{"taxonomy":"product_tag","embeddable":true,"href":"https:\/\/www.multicasa.com.br\/inicio\/wp-json\/wp\/v2\/product_tag?post=10762"}],"curies":[{"name":"wp","href":"https:\/\/api.w.org\/{rel}","templated":true}]}}