{"id":10768,"date":"2025-06-20T17:59:10","date_gmt":"2025-06-20T21:59:10","guid":{"rendered":"https:\/\/www.multicasa.com.br\/inicio\/?post_type=product&#038;p=10768"},"modified":"2025-06-20T18:00:03","modified_gmt":"2025-06-20T22:00:03","slug":"protetor-veda-porta-marrom-twin-door-90cm","status":"publish","type":"product","link":"https:\/\/www.multicasa.com.br\/inicio\/produto\/protetor-veda-porta-marrom-twin-door-90cm\/","title":{"rendered":"Protetor Veda Porta Marrom Twin Door 90cm"},"content":{"rendered":"<p>O Protetor Veda Porta Marrom Twin Door ir\u00e1 evitar a passagem do vento gelado embaixo da porta, al\u00e9m de barrar a entrada de insetos rasteiros. O protetor desliza facilmente em pisos, carpetes e madeira, e permite o uso em qualquer tipo de porta, interna ou externa. Confeccionado em tubo de polietileno envolto em tecido 100% poli\u00e9ster e com tamanho de 90cm de extens\u00e3o, pode ser cortado em sua extens\u00e3o para de adequar ao exato tamanho da porta.<\/p>\n","protected":false},"excerpt":{"rendered":"<h4 style=\"margin: 0px;padding: 0px 0px 16px;font-family: Lato, sans-serif;font-weight: bold;line-height: 3rem;color: var(--dark-grey3);font-size: 22px;font-style: normal;letter-spacing: normal;text-align: start;text-indent: 0px;text-transform: none\">Informa\u00e7\u00f5es t\u00e9cnicas<\/h4>\n<p><span style=\"margin: 0px;padding: 0px;font-weight: 450;font-size: 14px;line-height: 21px;color: var(--dark-grey2);font-family: Lato, sans-serif;font-style: normal;letter-spacing: normal;text-align: start;text-indent: 0px;text-transform: none\">Produto: Protetor Veda Porta<br \/>\nMarca: Nai BR<br \/>\nMaterial: Polietileno com tecido 100% poli\u00e9ster<br \/>\nCor: Marrom<br \/>\nCaracter\u00edsticas: Desliza facilmente<br \/>\nUso em qualquer tipo de porta<br \/>\nItens inclusos: 1 Protetor Veda Porta<br \/>\nDimens\u00f5es do produto (c): 90cm<\/span><\/p>\n","protected":false},"featured_media":10842,"template":"","meta":{"_joinchat":[]},"product_brand":[],"product_cat":[141],"product_tag":[],"class_list":{"0":"post-10768","1":"product","2":"type-product","3":"status-publish","4":"has-post-thumbnail","6":"product_cat-marcenaria","8":"first","9":"outofstock","10":"shipping-taxable","11":"product-type-simple"},"_links":{"self":[{"href":"https:\/\/www.multicasa.com.br\/inicio\/wp-json\/wp\/v2\/product\/10768","targetHints":{"allow":["GET"]}}],"collection":[{"href":"https:\/\/www.multicasa.com.br\/inicio\/wp-json\/wp\/v2\/product"}],"about":[{"href":"https:\/\/www.multicasa.com.br\/inicio\/wp-json\/wp\/v2\/types\/product"}],"wp:featuredmedia":[{"embeddable":true,"href":"https:\/\/www.multicasa.com.br\/inicio\/wp-json\/wp\/v2\/media\/10842"}],"wp:attachment":[{"href":"https:\/\/www.multicasa.com.br\/inicio\/wp-json\/wp\/v2\/media?parent=10768"}],"wp:term":[{"taxonomy":"product_brand","embeddable":true,"href":"https:\/\/www.multicasa.com.br\/inicio\/wp-json\/wp\/v2\/product_brand?post=10768"},{"taxonomy":"product_cat","embeddable":true,"href":"https:\/\/www.multicasa.com.br\/inicio\/wp-json\/wp\/v2\/product_cat?post=10768"},{"taxonomy":"product_tag","embeddable":true,"href":"https:\/\/www.multicasa.com.br\/inicio\/wp-json\/wp\/v2\/product_tag?post=10768"}],"curies":[{"name":"wp","href":"https:\/\/api.w.org\/{rel}","templated":true}]}}