{"id":10793,"date":"2025-06-20T17:59:32","date_gmt":"2025-06-20T21:59:32","guid":{"rendered":"https:\/\/www.multicasa.com.br\/inicio\/?post_type=product&#038;p=10793"},"modified":"2026-02-02T17:50:35","modified_gmt":"2026-02-02T21:50:35","slug":"suporte-organizador-de-chaves-com-8-chaveiros-acrimet","status":"publish","type":"product","link":"https:\/\/www.multicasa.com.br\/inicio\/produto\/suporte-organizador-de-chaves-com-8-chaveiros-acrimet\/","title":{"rendered":"Suporte Organizador de Chaves com 8 Chaveiros Acrimet"},"content":{"rendered":"<p>Suporte Organizador de Chaves com 8 Chaveiros Acrimet, confeccionado em pl\u00e1stico resistente, \u00e9 ideal para resid\u00eancias e estabelecimentos comerciais. Chega de chaves espalhadas e bagun\u00e7adas, organize todas as chaves com as 12 etiquetas de cores sortidas.<\/p>\n","protected":false},"excerpt":{"rendered":"<h4 style=\"margin: 0px;padding: 0px 0px 16px;font-family: Lato, sans-serif;font-weight: bold;line-height: 3rem;color: var(--dark-grey3);font-size: 22px;font-style: normal;letter-spacing: normal;text-align: start;text-indent: 0px;text-transform: none\">Informa\u00e7\u00f5es t\u00e9cnicas<\/h4>\n<p><span style=\"margin: 0px;padding: 0px;font-weight: 450;font-size: 14px;line-height: 21px;color: var(--dark-grey2);font-family: Lato, sans-serif;font-style: normal;letter-spacing: normal;text-align: start;text-indent: 0px;text-transform: none\">Produto: Suporte organizador de chaves<br \/>\nMarca: Acrimet<br \/>\nMaterial: Pl\u00e1stico<br \/>\nCor: Colorido<br \/>\nCaracter\u00edsticas: Suporte para 8 chaveiros<br \/>\n12 etiquetas<br \/>\nQuantidade de pe\u00e7as: 21<br \/>\nItens Inclusos: 1 Suporte organizador de chaves<br \/>\n12 etiquetas<br \/>\n8 Chaveiros<br \/>\nDimens\u00f5es do produto (A x L): 36,5 x 12cm<br \/>\n<\/span><\/p>\n","protected":false},"featured_media":10854,"template":"","meta":{"_joinchat":[]},"product_brand":[],"product_cat":[148],"product_tag":[],"class_list":{"0":"post-10793","1":"product","2":"type-product","3":"status-publish","4":"has-post-thumbnail","6":"product_cat-chaveiros","8":"first","9":"outofstock","10":"shipping-taxable","11":"purchasable","12":"product-type-simple"},"_links":{"self":[{"href":"https:\/\/www.multicasa.com.br\/inicio\/wp-json\/wp\/v2\/product\/10793","targetHints":{"allow":["GET"]}}],"collection":[{"href":"https:\/\/www.multicasa.com.br\/inicio\/wp-json\/wp\/v2\/product"}],"about":[{"href":"https:\/\/www.multicasa.com.br\/inicio\/wp-json\/wp\/v2\/types\/product"}],"wp:featuredmedia":[{"embeddable":true,"href":"https:\/\/www.multicasa.com.br\/inicio\/wp-json\/wp\/v2\/media\/10854"}],"wp:attachment":[{"href":"https:\/\/www.multicasa.com.br\/inicio\/wp-json\/wp\/v2\/media?parent=10793"}],"wp:term":[{"taxonomy":"product_brand","embeddable":true,"href":"https:\/\/www.multicasa.com.br\/inicio\/wp-json\/wp\/v2\/product_brand?post=10793"},{"taxonomy":"product_cat","embeddable":true,"href":"https:\/\/www.multicasa.com.br\/inicio\/wp-json\/wp\/v2\/product_cat?post=10793"},{"taxonomy":"product_tag","embeddable":true,"href":"https:\/\/www.multicasa.com.br\/inicio\/wp-json\/wp\/v2\/product_tag?post=10793"}],"curies":[{"name":"wp","href":"https:\/\/api.w.org\/{rel}","templated":true}]}}