{"id":10794,"date":"2025-06-20T17:59:32","date_gmt":"2025-06-20T21:59:32","guid":{"rendered":"https:\/\/www.multicasa.com.br\/inicio\/?post_type=product&#038;p=10794"},"modified":"2025-08-18T03:53:32","modified_gmt":"2025-08-18T07:53:32","slug":"espanador-de-po-com-pena-de-avestruz-duster","status":"publish","type":"product","link":"https:\/\/www.multicasa.com.br\/inicio\/produto\/espanador-de-po-com-pena-de-avestruz-duster\/","title":{"rendered":"Espanador de P\u00f3 com Pena de Avestruz Duster"},"content":{"rendered":"<p>Use o Espanador de P\u00f3 com Penas de Avestruz para remover sujeiras e poeira de cristais, m\u00f3veis, mesas, prateleiras, computadores e outros locais de dif\u00edcil acesso. Pode ser usado em vitrines e carros por n\u00e3o arranhar superf\u00edcies. Com 35 cm de altura, \u00e9 o utens\u00edlio ideal para garantir efici\u00eancia na limpeza dom\u00e9stica.<\/p>\n","protected":false},"excerpt":{"rendered":"<h4 style=\"margin: 0px;padding: 0px 0px 16px;font-family: Lato, sans-serif;font-weight: bold;line-height: 3rem;color: var(--dark-grey3);font-size: 22px;font-style: normal;letter-spacing: normal;text-align: start;text-indent: 0px;text-transform: none\">Informa\u00e7\u00f5es t\u00e9cnicas<\/h4>\n<p><span style=\"margin: 0px;padding: 0px;font-weight: 450;font-size: 14px;line-height: 21px;color: var(--dark-grey2);font-family: Lato, sans-serif;font-style: normal;letter-spacing: normal;text-align: start;text-indent: 0px;text-transform: none\">Produto: Espanador de P\u00f3<br \/>\nMarca: Duster<br \/>\nMaterial: Pena de avestruz<br \/>\nCor: Verde, Amarelo e grafite<br \/>\nItens Inclusos: 1 Espanador de p\u00f3<br \/>\nDimens\u00f5es do produto (A): 35cm<br \/>\n<\/span><\/p>\n","protected":false},"featured_media":10856,"template":"","meta":{"_joinchat":[]},"product_brand":[],"product_cat":[96],"product_tag":[],"class_list":{"0":"post-10794","1":"product","2":"type-product","3":"status-publish","4":"has-post-thumbnail","6":"product_cat-limpeza-e-cia","8":"first","9":"outofstock","10":"shipping-taxable","11":"purchasable","12":"product-type-simple"},"_links":{"self":[{"href":"https:\/\/www.multicasa.com.br\/inicio\/wp-json\/wp\/v2\/product\/10794","targetHints":{"allow":["GET"]}}],"collection":[{"href":"https:\/\/www.multicasa.com.br\/inicio\/wp-json\/wp\/v2\/product"}],"about":[{"href":"https:\/\/www.multicasa.com.br\/inicio\/wp-json\/wp\/v2\/types\/product"}],"wp:featuredmedia":[{"embeddable":true,"href":"https:\/\/www.multicasa.com.br\/inicio\/wp-json\/wp\/v2\/media\/10856"}],"wp:attachment":[{"href":"https:\/\/www.multicasa.com.br\/inicio\/wp-json\/wp\/v2\/media?parent=10794"}],"wp:term":[{"taxonomy":"product_brand","embeddable":true,"href":"https:\/\/www.multicasa.com.br\/inicio\/wp-json\/wp\/v2\/product_brand?post=10794"},{"taxonomy":"product_cat","embeddable":true,"href":"https:\/\/www.multicasa.com.br\/inicio\/wp-json\/wp\/v2\/product_cat?post=10794"},{"taxonomy":"product_tag","embeddable":true,"href":"https:\/\/www.multicasa.com.br\/inicio\/wp-json\/wp\/v2\/product_tag?post=10794"}],"curies":[{"name":"wp","href":"https:\/\/api.w.org\/{rel}","templated":true}]}}