{"id":10796,"date":"2025-06-20T17:59:32","date_gmt":"2025-06-20T21:59:32","guid":{"rendered":"https:\/\/www.multicasa.com.br\/inicio\/?post_type=product&#038;p=10796"},"modified":"2025-12-16T19:22:53","modified_gmt":"2025-12-16T23:22:53","slug":"kit-adaptadores-de-audio-tblack-5-pecas","status":"publish","type":"product","link":"https:\/\/www.multicasa.com.br\/inicio\/produto\/kit-adaptadores-de-audio-tblack-5-pecas\/","title":{"rendered":"Kit Adaptadores de \u00c1udio Tblack 5 Pe\u00e7as"},"content":{"rendered":"<p>Com o Kit Adaptadores de \u00c1udio Tblack voc\u00ea tem 5 pe\u00e7as para conex\u00f5es de \u00e1udio independente do tipo ou tamanho das entradas e sa\u00eddas do seu aparelho. Conta com adaptadores: P2 est\u00e9reo 2x J2 est\u00e9reo, P10 est\u00e9reo J10, P2 J10 est\u00e9reo, J0 mono e cabo P2 est\u00e9reo J2 de 1,8m.<\/p>\n","protected":false},"excerpt":{"rendered":"<h4 style=\"margin: 0px;padding: 0px 0px 16px;font-family: Lato, sans-serif;font-weight: bold;line-height: 3rem;color: var(--dark-grey3);font-size: 22px;font-style: normal;letter-spacing: normal;text-align: start;text-indent: 0px;text-transform: none\">Informa\u00e7\u00f5es t\u00e9cnicas<\/h4>\n<p><span style=\"margin: 0px;padding: 0px;font-weight: 450;font-size: 14px;line-height: 21px;color: var(--dark-grey2);font-family: Lato, sans-serif;font-style: normal;letter-spacing: normal;text-align: start;text-indent: 0px;text-transform: none\">Produto: Kit adaptador<br \/>\nMarca: Tblack<br \/>\nMaterial: Pl\u00e1stico<br \/>\nMetal<br \/>\nBorracha<br \/>\nCor: Preto e prata<br \/>\nQuantidade de pe\u00e7as: 5<br \/>\nItens inclusos: 1 Cabo P2<br \/>\n1 Adaptador P2 est\u00e9reo 2x J2 est\u00e9reo<br \/>\n1 Adaptador P2 est\u00e9reo J10 est\u00e9reo<br \/>\n1 Adaptador P2 est\u00e9reo J0 est\u00e9reo<br \/>\n1 Adaptador P10 est\u00e9reo J10 est\u00e9reo<br \/>\nDimens\u00f5es do produto (C): Cabo &#8211; 1,8m<br \/>\n<\/span><\/p>\n","protected":false},"featured_media":10871,"template":"","meta":{"_joinchat":[]},"product_brand":[],"product_cat":[153],"product_tag":[],"class_list":{"0":"post-10796","1":"product","2":"type-product","3":"status-publish","4":"has-post-thumbnail","6":"product_cat-eletronica-e-cia","8":"first","9":"instock","10":"shipping-taxable","11":"purchasable","12":"product-type-simple"},"_links":{"self":[{"href":"https:\/\/www.multicasa.com.br\/inicio\/wp-json\/wp\/v2\/product\/10796","targetHints":{"allow":["GET"]}}],"collection":[{"href":"https:\/\/www.multicasa.com.br\/inicio\/wp-json\/wp\/v2\/product"}],"about":[{"href":"https:\/\/www.multicasa.com.br\/inicio\/wp-json\/wp\/v2\/types\/product"}],"wp:featuredmedia":[{"embeddable":true,"href":"https:\/\/www.multicasa.com.br\/inicio\/wp-json\/wp\/v2\/media\/10871"}],"wp:attachment":[{"href":"https:\/\/www.multicasa.com.br\/inicio\/wp-json\/wp\/v2\/media?parent=10796"}],"wp:term":[{"taxonomy":"product_brand","embeddable":true,"href":"https:\/\/www.multicasa.com.br\/inicio\/wp-json\/wp\/v2\/product_brand?post=10796"},{"taxonomy":"product_cat","embeddable":true,"href":"https:\/\/www.multicasa.com.br\/inicio\/wp-json\/wp\/v2\/product_cat?post=10796"},{"taxonomy":"product_tag","embeddable":true,"href":"https:\/\/www.multicasa.com.br\/inicio\/wp-json\/wp\/v2\/product_tag?post=10796"}],"curies":[{"name":"wp","href":"https:\/\/api.w.org\/{rel}","templated":true}]}}