{"id":10797,"date":"2025-06-20T17:59:32","date_gmt":"2025-06-20T21:59:32","guid":{"rendered":"https:\/\/www.multicasa.com.br\/inicio\/?post_type=product&#038;p=10797"},"modified":"2025-12-16T19:22:58","modified_gmt":"2025-12-16T23:22:58","slug":"pe-para-geladeira-fogao-branco-overtime","status":"publish","type":"product","link":"https:\/\/www.multicasa.com.br\/inicio\/produto\/pe-para-geladeira-fogao-branco-overtime\/","title":{"rendered":"P\u00e9 para Geladeira\/Fog\u00e3o Branco Overtime"},"content":{"rendered":"<p>O P\u00e9 para Geladeira ou Fog\u00e3o da Overtime \u00e9 um produto de f\u00e1cil utiliza\u00e7\u00e3o que vai ajudar na regulagem de altura e outros ajustes no seu eletrodom\u00e9stico. Feito de ferro e pl\u00e1stico, o jogo \u00e9 formado por 4 pe\u00e7as de cor branca que v\u00e3o deixar sua cozinha preparada para a melhor utiliza\u00e7\u00e3o.<\/p>\n","protected":false},"excerpt":{"rendered":"<h4 style=\"margin: 0px;padding: 0px 0px 16px;font-family: Lato, sans-serif;font-weight: bold;line-height: 3rem;color: var(--dark-grey3);font-size: 22px;font-style: normal;letter-spacing: normal;text-align: start;text-indent: 0px;text-transform: none\">Informa\u00e7\u00f5es t\u00e9cnicas<\/h4>\n<p><span style=\"margin: 0px;padding: 0px;font-weight: 450;font-size: 14px;line-height: 21px;color: var(--dark-grey2);font-family: Lato, sans-serif;font-style: normal;letter-spacing: normal;text-align: start;text-indent: 0px;text-transform: none\">Produto: P\u00e9 para Geladeira\/Fog\u00e3o<br \/>\nTipo: japon\u00eas<br \/>\nMarca: Overtime<br \/>\nMaterial: Ferro e pl\u00e1stico<br \/>\nUso indicado: fog\u00f5es e refrigeradores<br \/>\nCor: Branco<br \/>\nItens Inclusos: 1 conjunto de 4 pe\u00e7as de p\u00e9s para geladeiras.<br \/>\nDimens\u00f5es do produto (A x L): 18,5 x 18,5cm<br \/>\n<\/span><\/p>\n","protected":false},"featured_media":10873,"template":"","meta":{"_joinchat":[]},"product_brand":[],"product_cat":[141],"product_tag":[],"class_list":{"0":"post-10797","1":"product","2":"type-product","3":"status-publish","4":"has-post-thumbnail","6":"product_cat-marcenaria","8":"first","9":"instock","10":"shipping-taxable","11":"purchasable","12":"product-type-simple"},"_links":{"self":[{"href":"https:\/\/www.multicasa.com.br\/inicio\/wp-json\/wp\/v2\/product\/10797","targetHints":{"allow":["GET"]}}],"collection":[{"href":"https:\/\/www.multicasa.com.br\/inicio\/wp-json\/wp\/v2\/product"}],"about":[{"href":"https:\/\/www.multicasa.com.br\/inicio\/wp-json\/wp\/v2\/types\/product"}],"wp:featuredmedia":[{"embeddable":true,"href":"https:\/\/www.multicasa.com.br\/inicio\/wp-json\/wp\/v2\/media\/10873"}],"wp:attachment":[{"href":"https:\/\/www.multicasa.com.br\/inicio\/wp-json\/wp\/v2\/media?parent=10797"}],"wp:term":[{"taxonomy":"product_brand","embeddable":true,"href":"https:\/\/www.multicasa.com.br\/inicio\/wp-json\/wp\/v2\/product_brand?post=10797"},{"taxonomy":"product_cat","embeddable":true,"href":"https:\/\/www.multicasa.com.br\/inicio\/wp-json\/wp\/v2\/product_cat?post=10797"},{"taxonomy":"product_tag","embeddable":true,"href":"https:\/\/www.multicasa.com.br\/inicio\/wp-json\/wp\/v2\/product_tag?post=10797"}],"curies":[{"name":"wp","href":"https:\/\/api.w.org\/{rel}","templated":true}]}}