{"id":10800,"date":"2025-06-20T17:59:32","date_gmt":"2025-06-20T21:59:32","guid":{"rendered":"https:\/\/www.multicasa.com.br\/inicio\/?post_type=product&#038;p=10800"},"modified":"2026-01-02T08:20:08","modified_gmt":"2026-01-02T12:20:08","slug":"inseticida-mata-baratas-em-gel-straik","status":"publish","type":"product","link":"https:\/\/www.multicasa.com.br\/inicio\/produto\/inseticida-mata-baratas-em-gel-straik\/","title":{"rendered":"Inseticida Mata Baratas em Gel Straik"},"content":{"rendered":"<p>O inseticida mata baratas em gel Straik deve ser aplicado na forma de gotas embaixo de mesas, balc\u00f5es, aparelhos eletr\u00f4nicos, fornos e dentro ou atr\u00e1s de arm\u00e1rios, fendas e frestas de paredes, ralos e etc. Aplique de 2 a 3 gotas por m\u00b2.<\/p>\n","protected":false},"excerpt":{"rendered":"<h4 style=\"margin: 0px;padding: 0px 0px 16px;font-family: Lato, sans-serif;font-weight: bold;line-height: 3rem;color: var(--dark-grey3);font-size: 22px;font-style: normal;letter-spacing: normal;text-align: start;text-indent: 0px;text-transform: none\">Informa\u00e7\u00f5es t\u00e9cnicas<\/h4>\n<p><span style=\"margin: 0px;padding: 0px;font-weight: 450;font-size: 14px;line-height: 21px;color: var(--dark-grey2);font-family: Lato, sans-serif;font-style: normal;letter-spacing: normal;text-align: start;text-indent: 0px;text-transform: none\">Produto: Inseticida mata baratas<br \/>\nMarca: Straik<br \/>\nComposi\u00e7\u00e3o: Hidramethylnone 1,65%<br \/>\nConte\u00fado: 10g<br \/>\nCaracter\u00edsticas: Produto em Gel<br \/>\nAplicador em seringa<br \/>\nItens Inclusos: 1 Inseticida mata baratas<br \/>\n<\/span><\/p>\n","protected":false},"featured_media":10875,"template":"","meta":{"_joinchat":[]},"product_brand":[],"product_cat":[132],"product_tag":[],"class_list":{"0":"post-10800","1":"product","2":"type-product","3":"status-publish","4":"has-post-thumbnail","6":"product_cat-inseticidas","8":"first","9":"outofstock","10":"shipping-taxable","11":"purchasable","12":"product-type-simple"},"_links":{"self":[{"href":"https:\/\/www.multicasa.com.br\/inicio\/wp-json\/wp\/v2\/product\/10800","targetHints":{"allow":["GET"]}}],"collection":[{"href":"https:\/\/www.multicasa.com.br\/inicio\/wp-json\/wp\/v2\/product"}],"about":[{"href":"https:\/\/www.multicasa.com.br\/inicio\/wp-json\/wp\/v2\/types\/product"}],"wp:featuredmedia":[{"embeddable":true,"href":"https:\/\/www.multicasa.com.br\/inicio\/wp-json\/wp\/v2\/media\/10875"}],"wp:attachment":[{"href":"https:\/\/www.multicasa.com.br\/inicio\/wp-json\/wp\/v2\/media?parent=10800"}],"wp:term":[{"taxonomy":"product_brand","embeddable":true,"href":"https:\/\/www.multicasa.com.br\/inicio\/wp-json\/wp\/v2\/product_brand?post=10800"},{"taxonomy":"product_cat","embeddable":true,"href":"https:\/\/www.multicasa.com.br\/inicio\/wp-json\/wp\/v2\/product_cat?post=10800"},{"taxonomy":"product_tag","embeddable":true,"href":"https:\/\/www.multicasa.com.br\/inicio\/wp-json\/wp\/v2\/product_tag?post=10800"}],"curies":[{"name":"wp","href":"https:\/\/api.w.org\/{rel}","templated":true}]}}