{"id":10802,"date":"2025-06-20T17:59:33","date_gmt":"2025-06-20T21:59:33","guid":{"rendered":"https:\/\/www.multicasa.com.br\/inicio\/?post_type=product&#038;p=10802"},"modified":"2025-12-16T19:23:27","modified_gmt":"2025-12-16T23:23:27","slug":"lixeira-de-inox-para-pia-tampa-click-preta-viel-25l","status":"publish","type":"product","link":"https:\/\/www.multicasa.com.br\/inicio\/produto\/lixeira-de-inox-para-pia-tampa-click-preta-viel-25l\/","title":{"rendered":"Lixeira de Inox para Pia Tampa Click Preta Viel 2,5L"},"content":{"rendered":"<p>Ideal para ficar na pia da sua cozinha, a Lixeira de Inox da Viel possui sistema de abertura superior que com apenas um clique se abre. Compacta e de f\u00e1cil manuseio, possui recipiente interno de pl\u00e1stico que suporta at\u00e9 2,5 litros e facilita a retirada do lixo e mant\u00e9m sua bancada sempre limpa. Suas medidas s\u00e3o de 19,5 cm de altura e 16,5 cm de di\u00e2metro.<\/p>\n","protected":false},"excerpt":{"rendered":"<h4 style=\"margin: 0px;padding: 0px 0px 16px;font-family: Lato, sans-serif;font-weight: bold;line-height: 3rem;color: var(--dark-grey3);font-size: 22px;font-style: normal;letter-spacing: normal;text-align: start;text-indent: 0px;text-transform: none\">Informa\u00e7\u00f5es t\u00e9cnicas<\/h4>\n<p><span style=\"margin: 0px;padding: 0px;font-weight: 450;font-size: 14px;line-height: 21px;color: var(--dark-grey2);font-family: Lato, sans-serif;font-style: normal;letter-spacing: normal;text-align: start;text-indent: 0px;text-transform: none\">Produto: Lixeira<br \/>\nMarca: Viel<br \/>\nMaterial: A\u00e7o inox<br \/>\nPl\u00e1stico<br \/>\nCor: Prata e Preto<br \/>\nCapacidade: 2,5L<br \/>\nCaracter\u00edsticas: Possui recipiente interno de pl\u00e1stico<br \/>\nTampa com sistema click<br \/>\nItens Inclusos: 1 lixeira<br \/>\nDi\u00e2metro: 16,5cm<br \/>\nDimens\u00f5es do produto (A x L x P): 19,5cm<br \/>\n<\/span><\/p>\n","protected":false},"featured_media":10878,"template":"","meta":{"_joinchat":[]},"product_brand":[],"product_cat":[99],"product_tag":[],"class_list":{"0":"post-10802","1":"product","2":"type-product","3":"status-publish","4":"has-post-thumbnail","6":"product_cat-lixeiras","8":"first","9":"outofstock","10":"shipping-taxable","11":"purchasable","12":"product-type-simple"},"_links":{"self":[{"href":"https:\/\/www.multicasa.com.br\/inicio\/wp-json\/wp\/v2\/product\/10802","targetHints":{"allow":["GET"]}}],"collection":[{"href":"https:\/\/www.multicasa.com.br\/inicio\/wp-json\/wp\/v2\/product"}],"about":[{"href":"https:\/\/www.multicasa.com.br\/inicio\/wp-json\/wp\/v2\/types\/product"}],"wp:featuredmedia":[{"embeddable":true,"href":"https:\/\/www.multicasa.com.br\/inicio\/wp-json\/wp\/v2\/media\/10878"}],"wp:attachment":[{"href":"https:\/\/www.multicasa.com.br\/inicio\/wp-json\/wp\/v2\/media?parent=10802"}],"wp:term":[{"taxonomy":"product_brand","embeddable":true,"href":"https:\/\/www.multicasa.com.br\/inicio\/wp-json\/wp\/v2\/product_brand?post=10802"},{"taxonomy":"product_cat","embeddable":true,"href":"https:\/\/www.multicasa.com.br\/inicio\/wp-json\/wp\/v2\/product_cat?post=10802"},{"taxonomy":"product_tag","embeddable":true,"href":"https:\/\/www.multicasa.com.br\/inicio\/wp-json\/wp\/v2\/product_tag?post=10802"}],"curies":[{"name":"wp","href":"https:\/\/api.w.org\/{rel}","templated":true}]}}