{"id":10830,"date":"2025-06-20T17:59:56","date_gmt":"2025-06-20T21:59:56","guid":{"rendered":"https:\/\/www.multicasa.com.br\/inicio\/?post_type=product&#038;p=10830"},"modified":"2025-12-16T19:23:49","modified_gmt":"2025-12-16T23:23:49","slug":"rolo-de-pintura-espuma-com-suporte-atlas-9cm","status":"publish","type":"product","link":"https:\/\/www.multicasa.com.br\/inicio\/produto\/rolo-de-pintura-espuma-com-suporte-atlas-9cm\/","title":{"rendered":"Rolo de Pintura Espuma com Suporte Atlas 9cm"},"content":{"rendered":"<p>Use o rolo de pintura com suporte da Atlas de 9cm em superf\u00edcies lisas e aplique tintas esmalte, verniz e acr\u00edlica. Feito de espuma 100% poli\u00e9ster, \u00e9 altamente resistente a solventes minerais, mas n\u00e3o deve ser utilizado com thinner.<\/p>\n","protected":false},"excerpt":{"rendered":"<h4 style=\"margin: 0px;padding: 0px 0px 16px;font-family: Lato, sans-serif;font-weight: bold;line-height: 3rem;color: var(--dark-grey3);font-size: 22px;font-style: normal;letter-spacing: normal;text-align: start;text-indent: 0px;text-transform: none\">Informa\u00e7\u00f5es t\u00e9cnicas<\/h4>\n<p><span style=\"margin: 0px;padding: 0px;font-weight: 450;font-size: 14px;line-height: 21px;color: var(--dark-grey2);font-family: Lato, sans-serif;font-style: normal;letter-spacing: normal;text-align: start;text-indent: 0px;text-transform: none\">Produto: Rolo de Pintura<br \/>\nMarca: Atlas<br \/>\nMaterial: 100% poli\u00e9ster<br \/>\nCor: Amarelo e Vermelho<br \/>\nCaracter\u00edsticas: Para superf\u00edcies lisas<br \/>\nEspuma D30<br \/>\nResistente a solventes<br \/>\nQuantidade de pe\u00e7as: 2<br \/>\nItens Inclusos: 1 Rolo de Pintura<br \/>\n1 Garfo para rolo de pintura<br \/>\nDimens\u00f5es do produto (A X L X P) : Rolo &#8211; 9cm<br \/>\nGarfo &#8211; 10 x 20,3 x 4cm<br \/>\n<\/span><\/p>\n","protected":false},"featured_media":10883,"template":"","meta":{"_joinchat":[]},"product_brand":[],"product_cat":[143],"product_tag":[],"class_list":{"0":"post-10830","1":"product","2":"type-product","3":"status-publish","4":"has-post-thumbnail","6":"product_cat-tintas-e-cia","8":"first","9":"outofstock","10":"shipping-taxable","11":"product-type-simple"},"_links":{"self":[{"href":"https:\/\/www.multicasa.com.br\/inicio\/wp-json\/wp\/v2\/product\/10830","targetHints":{"allow":["GET"]}}],"collection":[{"href":"https:\/\/www.multicasa.com.br\/inicio\/wp-json\/wp\/v2\/product"}],"about":[{"href":"https:\/\/www.multicasa.com.br\/inicio\/wp-json\/wp\/v2\/types\/product"}],"wp:featuredmedia":[{"embeddable":true,"href":"https:\/\/www.multicasa.com.br\/inicio\/wp-json\/wp\/v2\/media\/10883"}],"wp:attachment":[{"href":"https:\/\/www.multicasa.com.br\/inicio\/wp-json\/wp\/v2\/media?parent=10830"}],"wp:term":[{"taxonomy":"product_brand","embeddable":true,"href":"https:\/\/www.multicasa.com.br\/inicio\/wp-json\/wp\/v2\/product_brand?post=10830"},{"taxonomy":"product_cat","embeddable":true,"href":"https:\/\/www.multicasa.com.br\/inicio\/wp-json\/wp\/v2\/product_cat?post=10830"},{"taxonomy":"product_tag","embeddable":true,"href":"https:\/\/www.multicasa.com.br\/inicio\/wp-json\/wp\/v2\/product_tag?post=10830"}],"curies":[{"name":"wp","href":"https:\/\/api.w.org\/{rel}","templated":true}]}}