{"id":10835,"date":"2025-06-20T17:59:56","date_gmt":"2025-06-20T21:59:56","guid":{"rendered":"https:\/\/www.multicasa.com.br\/inicio\/?post_type=product&#038;p=10835"},"modified":"2025-06-20T18:00:45","modified_gmt":"2025-06-20T22:00:45","slug":"vassoura-inteligente-profissional-de-silicone-3-em-1-sange","status":"publish","type":"product","link":"https:\/\/www.multicasa.com.br\/inicio\/produto\/vassoura-inteligente-profissional-de-silicone-3-em-1-sange\/","title":{"rendered":"Vassoura Inteligente Profissional de Silicone 3 em 1 Sange"},"content":{"rendered":"<p>Conhe\u00e7a a Vassoura Inteligente da Sange que \u00e9 3 em 1, vassoura, rodo e esfreg\u00e3o! \u00c9 multiuso e ideal para aplica\u00e7\u00f5es profissionais, mas tamb\u00e9m pode ser usada para uso dom\u00e9stico. Ela possui um revolucion\u00e1rio sistema de cerdas de silicone est\u00e1tico que &#8220;puxa&#8221; a sujeira. Indicado para limpar carpetes, tapetes e estofados como cadeiras, sof\u00e1s e almofadas sem puxar fios. Por isso tamb\u00e9m encontra uso em cabeleireiros e casas pet, al\u00e9m de poder ser usado em lavagem de vidros sem fazer arranh\u00f5es.<br \/>\nDura 8 vezes mais que as vassouras comuns, \u00e9 anti al\u00e9rgico e recicl\u00e1vel e pode ser utilizada com o cabo de qualquer vassoura.<\/p>\n","protected":false},"excerpt":{"rendered":"<h4 style=\"margin: 0px;padding: 0px 0px 16px;font-family: Lato, sans-serif;font-weight: bold;line-height: 3rem;color: var(--dark-grey3);font-size: 22px;font-style: normal;letter-spacing: normal;text-align: start;text-indent: 0px;text-transform: none\">Informa\u00e7\u00f5es t\u00e9cnicas<\/h4>\n<p><span style=\"margin: 0px;padding: 0px;font-weight: 450;font-size: 14px;line-height: 21px;color: var(--dark-grey2);font-family: Lato, sans-serif;font-style: normal;letter-spacing: normal;text-align: start;text-indent: 0px;text-transform: none\">Produto: Vassoura<br \/>\nMarca: Sange<br \/>\nMaterial: Silicone Est\u00e1tico<br \/>\nCor: Preto e Cinza<br \/>\nCaracter\u00edsticas: Vassoura, rodo e esfreg\u00e3o<br \/>\nN\u00e3o acompanha cabo<br \/>\nPode ser usado com cabo de qualquer outra vassoura<br \/>\nAntial\u00e9rgico<br \/>\nItens Inclusos: 1 vassoura<br \/>\nDimens\u00f5es do produto (A X L X P): 8,5 x 34,5 x 7cm<\/span><\/p>\n","protected":false},"featured_media":10906,"template":"","meta":{"_joinchat":[]},"product_brand":[],"product_cat":[96],"product_tag":[],"class_list":{"0":"post-10835","1":"product","2":"type-product","3":"status-publish","4":"has-post-thumbnail","6":"product_cat-limpeza-e-cia","8":"first","9":"outofstock","10":"shipping-taxable","11":"product-type-simple"},"_links":{"self":[{"href":"https:\/\/www.multicasa.com.br\/inicio\/wp-json\/wp\/v2\/product\/10835","targetHints":{"allow":["GET"]}}],"collection":[{"href":"https:\/\/www.multicasa.com.br\/inicio\/wp-json\/wp\/v2\/product"}],"about":[{"href":"https:\/\/www.multicasa.com.br\/inicio\/wp-json\/wp\/v2\/types\/product"}],"wp:featuredmedia":[{"embeddable":true,"href":"https:\/\/www.multicasa.com.br\/inicio\/wp-json\/wp\/v2\/media\/10906"}],"wp:attachment":[{"href":"https:\/\/www.multicasa.com.br\/inicio\/wp-json\/wp\/v2\/media?parent=10835"}],"wp:term":[{"taxonomy":"product_brand","embeddable":true,"href":"https:\/\/www.multicasa.com.br\/inicio\/wp-json\/wp\/v2\/product_brand?post=10835"},{"taxonomy":"product_cat","embeddable":true,"href":"https:\/\/www.multicasa.com.br\/inicio\/wp-json\/wp\/v2\/product_cat?post=10835"},{"taxonomy":"product_tag","embeddable":true,"href":"https:\/\/www.multicasa.com.br\/inicio\/wp-json\/wp\/v2\/product_tag?post=10835"}],"curies":[{"name":"wp","href":"https:\/\/api.w.org\/{rel}","templated":true}]}}