{"id":10836,"date":"2025-06-20T17:59:56","date_gmt":"2025-06-20T21:59:56","guid":{"rendered":"https:\/\/www.multicasa.com.br\/inicio\/?post_type=product&#038;p=10836"},"modified":"2025-06-20T18:00:50","modified_gmt":"2025-06-20T22:00:50","slug":"faca-profissional-para-carne-inox-branca-mor","status":"publish","type":"product","link":"https:\/\/www.multicasa.com.br\/inicio\/produto\/faca-profissional-para-carne-inox-branca-mor\/","title":{"rendered":"Faca Profissional para Carne Inox Branca Mor"},"content":{"rendered":"<p>A Faca profissional para carne Mor \u00e9 perfeita para o churrasco em fam\u00edlia. Com cabo branco em polipropileno ela garante firmeza e conforto no manuseio. Sua l\u00e2mina em a\u00e7o inox \u00e9 ideal para cortar com mais qualidade e precis\u00e3o.<\/p>\n","protected":false},"excerpt":{"rendered":"<h4 style=\"margin: 0px;padding: 0px 0px 16px;font-family: Lato, sans-serif;font-weight: bold;line-height: 3rem;color: var(--dark-grey3);font-size: 22px;font-style: normal;letter-spacing: normal;text-align: start;text-indent: 0px;text-transform: none\">Informa\u00e7\u00f5es t\u00e9cnicas<\/h4>\n<p><span style=\"margin: 0px;padding: 0px;font-weight: 450;font-size: 14px;line-height: 21px;color: var(--dark-grey2);font-family: Lato, sans-serif;font-style: normal;letter-spacing: normal;text-align: start;text-indent: 0px;text-transform: none\">Produto: Faca<br \/>\nMarca: Mor<br \/>\nMaterial: A\u00e7o Inox<br \/>\nPolipropileno<br \/>\nCor: Branca<br \/>\nItens Inclusos: 1 faca<br \/>\nDimens\u00f5es do produto (A x L X P): 33,5 x 5,4 x 2cm<\/span><\/p>\n","protected":false},"featured_media":10908,"template":"","meta":{"_joinchat":[]},"product_brand":[],"product_cat":[138],"product_tag":[],"class_list":{"0":"post-10836","1":"product","2":"type-product","3":"status-publish","4":"has-post-thumbnail","6":"product_cat-telefones-e-cia","8":"first","9":"outofstock","10":"shipping-taxable","11":"product-type-simple"},"_links":{"self":[{"href":"https:\/\/www.multicasa.com.br\/inicio\/wp-json\/wp\/v2\/product\/10836","targetHints":{"allow":["GET"]}}],"collection":[{"href":"https:\/\/www.multicasa.com.br\/inicio\/wp-json\/wp\/v2\/product"}],"about":[{"href":"https:\/\/www.multicasa.com.br\/inicio\/wp-json\/wp\/v2\/types\/product"}],"wp:featuredmedia":[{"embeddable":true,"href":"https:\/\/www.multicasa.com.br\/inicio\/wp-json\/wp\/v2\/media\/10908"}],"wp:attachment":[{"href":"https:\/\/www.multicasa.com.br\/inicio\/wp-json\/wp\/v2\/media?parent=10836"}],"wp:term":[{"taxonomy":"product_brand","embeddable":true,"href":"https:\/\/www.multicasa.com.br\/inicio\/wp-json\/wp\/v2\/product_brand?post=10836"},{"taxonomy":"product_cat","embeddable":true,"href":"https:\/\/www.multicasa.com.br\/inicio\/wp-json\/wp\/v2\/product_cat?post=10836"},{"taxonomy":"product_tag","embeddable":true,"href":"https:\/\/www.multicasa.com.br\/inicio\/wp-json\/wp\/v2\/product_tag?post=10836"}],"curies":[{"name":"wp","href":"https:\/\/api.w.org\/{rel}","templated":true}]}}