{"id":10837,"date":"2025-06-20T17:59:56","date_gmt":"2025-06-20T21:59:56","guid":{"rendered":"https:\/\/www.multicasa.com.br\/inicio\/?post_type=product&#038;p=10837"},"modified":"2025-08-18T03:53:48","modified_gmt":"2025-08-18T07:53:48","slug":"espelho-dupla-face-de-mesa-com-luz-techline","status":"publish","type":"product","link":"https:\/\/www.multicasa.com.br\/inicio\/produto\/espelho-dupla-face-de-mesa-com-luz-techline\/","title":{"rendered":"Espelho Dupla Face de Mesa com Luz Techline"},"content":{"rendered":"<p>Que tal se arrumar com efici\u00eancia, praticidade e deixar tudo nos m\u00ednimos detalhes? Com o espelho dupla face de mesa da Techline isso ficou ainda mais f\u00e1cil. Possui luz de LED que funciona \u00e0 base de pilhas (n\u00e3o inclusas) que ajuda a visualizar melhor e design moderno para deixar qualquer cuidado est\u00e9tico ainda mais leve e prazeroso. Uma das suas faces tem lente de aumento de 5x que \u00e9 ideal para coloca\u00e7\u00e3o de lentes de contato e outras a\u00e7\u00f5es mais delicadas, al\u00e9m de al\u00e7a de apoio girat\u00f3ria em at\u00e9 360 graus. \u00d3tima op\u00e7\u00e3o para levar em viagens, passeios e usar em ambientes com baixa ilumina\u00e7\u00e3o.<\/p>\n","protected":false},"excerpt":{"rendered":"<h4 style=\"margin: 0px;padding: 0px 0px 16px;font-family: Lato, sans-serif;font-weight: bold;line-height: 3rem;color: var(--dark-grey3);font-size: 22px;font-style: normal;letter-spacing: normal;text-align: start;text-indent: 0px;text-transform: none\">Informa\u00e7\u00f5es t\u00e9cnicas<\/h4>\n<p><span style=\"margin: 0px;padding: 0px;font-weight: 450;font-size: 14px;line-height: 21px;color: var(--dark-grey2);font-family: Lato, sans-serif;font-style: normal;letter-spacing: normal;text-align: start;text-indent: 0px;text-transform: none\">Produto: Espelho<br \/>\nMarca: Techline<br \/>\nMaterial: Pl\u00e1stico<br \/>\nMetal<br \/>\nVidro<br \/>\nCor: Branco<br \/>\nAlimenta\u00e7\u00e3o: 3 pilhas AAA (n\u00e3o inclusas)<br \/>\nCaracter\u00edsticas: Dupla face<br \/>\nAmplia\u00e7\u00e3o de 5x em um dos lados<br \/>\nMovimenta verticalmente<br \/>\nAl\u00e7a girat\u00f3ria de 360\u00b0<br \/>\nPossui luz de led<br \/>\nBot\u00e3o liga\/desliga<br \/>\nItens inclusos: 1 espelho<br \/>\nDimens\u00f5es do produto (A X L): 19 x 15cm<br \/>\n<\/span><\/p>\n","protected":false},"featured_media":10914,"template":"","meta":{"_joinchat":[]},"product_brand":[],"product_cat":[101],"product_tag":[],"class_list":{"0":"post-10837","1":"product","2":"type-product","3":"status-publish","4":"has-post-thumbnail","6":"product_cat-cuidados-pessoais","8":"first","9":"outofstock","10":"shipping-taxable","11":"purchasable","12":"product-type-simple"},"_links":{"self":[{"href":"https:\/\/www.multicasa.com.br\/inicio\/wp-json\/wp\/v2\/product\/10837","targetHints":{"allow":["GET"]}}],"collection":[{"href":"https:\/\/www.multicasa.com.br\/inicio\/wp-json\/wp\/v2\/product"}],"about":[{"href":"https:\/\/www.multicasa.com.br\/inicio\/wp-json\/wp\/v2\/types\/product"}],"wp:featuredmedia":[{"embeddable":true,"href":"https:\/\/www.multicasa.com.br\/inicio\/wp-json\/wp\/v2\/media\/10914"}],"wp:attachment":[{"href":"https:\/\/www.multicasa.com.br\/inicio\/wp-json\/wp\/v2\/media?parent=10837"}],"wp:term":[{"taxonomy":"product_brand","embeddable":true,"href":"https:\/\/www.multicasa.com.br\/inicio\/wp-json\/wp\/v2\/product_brand?post=10837"},{"taxonomy":"product_cat","embeddable":true,"href":"https:\/\/www.multicasa.com.br\/inicio\/wp-json\/wp\/v2\/product_cat?post=10837"},{"taxonomy":"product_tag","embeddable":true,"href":"https:\/\/www.multicasa.com.br\/inicio\/wp-json\/wp\/v2\/product_tag?post=10837"}],"curies":[{"name":"wp","href":"https:\/\/api.w.org\/{rel}","templated":true}]}}