{"id":10861,"date":"2025-06-20T18:00:19","date_gmt":"2025-06-20T22:00:19","guid":{"rendered":"https:\/\/www.multicasa.com.br\/inicio\/?post_type=product&#038;p=10861"},"modified":"2025-06-20T18:01:00","modified_gmt":"2025-06-20T22:01:00","slug":"lixeira-de-plastico-com-tampa-preta-coza-25l","status":"publish","type":"product","link":"https:\/\/www.multicasa.com.br\/inicio\/produto\/lixeira-de-plastico-com-tampa-preta-coza-25l\/","title":{"rendered":"Lixeira de Pl\u00e1stico com Tampa Preta Coza 2,5L"},"content":{"rendered":"<p>A Lixeira Pl\u00e1stica para Pia Coza possui sistema de abertura que permite que a tampa fique aberta durante todo o tempo de uso e sua borda garante que o saco de lixo fique escondido. Tem capacidade de 2, 5L e \u00e9 produzida em pl\u00e1stico polipropileno, um material ecologicamente correto que confere mais durabilidade ao produto.<br \/>\nPossui um design simples e moderno na cor preto, ela pode ser utilizada tanto na cozinha como no banheiro. <\/p>\n","protected":false},"excerpt":{"rendered":"<h4 style=\"margin: 0px;padding: 0px 0px 16px;font-family: Lato, sans-serif;font-weight: bold;line-height: 3rem;color: var(--dark-grey3);font-size: 22px;font-style: normal;letter-spacing: normal;text-align: start;text-indent: 0px;text-transform: none\">Informa\u00e7\u00f5es t\u00e9cnicas<\/h4>\n<p><span style=\"margin: 0px;padding: 0px;font-weight: 450;font-size: 14px;line-height: 21px;color: var(--dark-grey2);font-family: Lato, sans-serif;font-style: normal;letter-spacing: normal;text-align: start;text-indent: 0px;text-transform: none\">Produto: Lixeira<br \/>\nMarca: Coza<br \/>\nMaterial: Pl\u00e1stico Polipropileno<br \/>\nCor: Preta<br \/>\nCapacidade: 2,5L<br \/>\nCaracter\u00edsticas: Sistema de abertura que permite que a tampa fique aberta<br \/>\nBorda que garante que o saco fique escondido<br \/>\nItens Inclusos: 1 lixeira<br \/>\nDimens\u00f5es do produto (A x L x P): 18 x 17 x 15cm<br \/>\n<\/span><\/p>\n","protected":false},"featured_media":10920,"template":"","meta":{"_joinchat":[]},"product_brand":[],"product_cat":[99],"product_tag":[],"class_list":{"0":"post-10861","1":"product","2":"type-product","3":"status-publish","4":"has-post-thumbnail","6":"product_cat-lixeiras","8":"first","9":"outofstock","10":"shipping-taxable","11":"product-type-simple"},"_links":{"self":[{"href":"https:\/\/www.multicasa.com.br\/inicio\/wp-json\/wp\/v2\/product\/10861","targetHints":{"allow":["GET"]}}],"collection":[{"href":"https:\/\/www.multicasa.com.br\/inicio\/wp-json\/wp\/v2\/product"}],"about":[{"href":"https:\/\/www.multicasa.com.br\/inicio\/wp-json\/wp\/v2\/types\/product"}],"wp:featuredmedia":[{"embeddable":true,"href":"https:\/\/www.multicasa.com.br\/inicio\/wp-json\/wp\/v2\/media\/10920"}],"wp:attachment":[{"href":"https:\/\/www.multicasa.com.br\/inicio\/wp-json\/wp\/v2\/media?parent=10861"}],"wp:term":[{"taxonomy":"product_brand","embeddable":true,"href":"https:\/\/www.multicasa.com.br\/inicio\/wp-json\/wp\/v2\/product_brand?post=10861"},{"taxonomy":"product_cat","embeddable":true,"href":"https:\/\/www.multicasa.com.br\/inicio\/wp-json\/wp\/v2\/product_cat?post=10861"},{"taxonomy":"product_tag","embeddable":true,"href":"https:\/\/www.multicasa.com.br\/inicio\/wp-json\/wp\/v2\/product_tag?post=10861"}],"curies":[{"name":"wp","href":"https:\/\/api.w.org\/{rel}","templated":true}]}}