{"id":10864,"date":"2025-06-20T18:00:20","date_gmt":"2025-06-20T22:00:20","guid":{"rendered":"https:\/\/www.multicasa.com.br\/inicio\/?post_type=product&#038;p=10864"},"modified":"2026-01-16T14:20:26","modified_gmt":"2026-01-16T18:20:26","slug":"porta-detergente-e-esponja-de-plastico-branco-arthi","status":"publish","type":"product","link":"https:\/\/www.multicasa.com.br\/inicio\/produto\/porta-detergente-e-esponja-de-plastico-branco-arthi\/","title":{"rendered":"Porta Detergente e Esponja de Pl\u00e1stico Branco Arthi"},"content":{"rendered":"<p>Use o Porta Detergente e Esponja da Arthi para organizar o espa\u00e7o na sua pia. Guarda detergente, bucha, palha de a\u00e7o e tamb\u00e9m sab\u00e3o. Feito de pl\u00e1stico, seu design facilita a limpeza e suas dimens\u00f5es de 16 x 5, 5 x 8 cm facilitam o manuseio dos produtos. Seu uso \u00e9 indicado para quem busca praticidade e gosta de otimizar solu\u00e7\u00f5es no dia-a-dia. Dispon\u00edvel na cor branca.<\/p>\n","protected":false},"excerpt":{"rendered":"<h4 style=\"margin: 0px;padding: 0px 0px 16px;font-family: Lato, sans-serif;font-weight: bold;line-height: 3rem;color: var(--dark-grey3);font-size: 22px;font-style: normal;letter-spacing: normal;text-align: start;text-indent: 0px;text-transform: none\">Informa\u00e7\u00f5es t\u00e9cnicas<\/h4>\n<p><span style=\"margin: 0px;padding: 0px;font-weight: 450;font-size: 14px;line-height: 21px;color: var(--dark-grey2);font-family: Lato, sans-serif;font-style: normal;letter-spacing: normal;text-align: start;text-indent: 0px;text-transform: none\">Produto: Porta Detergente<br \/>\nMarca: Arthi<br \/>\nMaterial: Pl\u00e1stico<br \/>\nCor: Branco<br \/>\nCaracter\u00edsticas: Porta detergente, bucha e bombril<br \/>\nItens inclusos: 1 Porta detergente<br \/>\nDimens\u00f5es do produto (A x L x P): 8 x 16 x 5,5cm<\/span><\/p>\n","protected":false},"featured_media":10936,"template":"","meta":{"_joinchat":[]},"product_brand":[],"product_cat":[96],"product_tag":[],"class_list":{"0":"post-10864","1":"product","2":"type-product","3":"status-publish","4":"has-post-thumbnail","6":"product_cat-limpeza-e-cia","8":"first","9":"instock","10":"shipping-taxable","11":"purchasable","12":"product-type-simple"},"_links":{"self":[{"href":"https:\/\/www.multicasa.com.br\/inicio\/wp-json\/wp\/v2\/product\/10864","targetHints":{"allow":["GET"]}}],"collection":[{"href":"https:\/\/www.multicasa.com.br\/inicio\/wp-json\/wp\/v2\/product"}],"about":[{"href":"https:\/\/www.multicasa.com.br\/inicio\/wp-json\/wp\/v2\/types\/product"}],"wp:featuredmedia":[{"embeddable":true,"href":"https:\/\/www.multicasa.com.br\/inicio\/wp-json\/wp\/v2\/media\/10936"}],"wp:attachment":[{"href":"https:\/\/www.multicasa.com.br\/inicio\/wp-json\/wp\/v2\/media?parent=10864"}],"wp:term":[{"taxonomy":"product_brand","embeddable":true,"href":"https:\/\/www.multicasa.com.br\/inicio\/wp-json\/wp\/v2\/product_brand?post=10864"},{"taxonomy":"product_cat","embeddable":true,"href":"https:\/\/www.multicasa.com.br\/inicio\/wp-json\/wp\/v2\/product_cat?post=10864"},{"taxonomy":"product_tag","embeddable":true,"href":"https:\/\/www.multicasa.com.br\/inicio\/wp-json\/wp\/v2\/product_tag?post=10864"}],"curies":[{"name":"wp","href":"https:\/\/api.w.org\/{rel}","templated":true}]}}