{"id":10890,"date":"2025-06-20T18:00:41","date_gmt":"2025-06-20T22:00:41","guid":{"rendered":"https:\/\/www.multicasa.com.br\/inicio\/?post_type=product&#038;p=10890"},"modified":"2025-08-17T19:14:14","modified_gmt":"2025-08-17T23:14:14","slug":"chuveiro-ducha-top-jet-multitemperaturas-lorenzetti-6400w-220v","status":"publish","type":"product","link":"https:\/\/www.multicasa.com.br\/inicio\/produto\/chuveiro-ducha-top-jet-multitemperaturas-lorenzetti-6400w-220v\/","title":{"rendered":"Chuveiro Ducha Top Jet Multitemperaturas Lorenzetti 6400W &#8211; 220V"},"content":{"rendered":"<p>O chuveiro ducha top jet da Lorenzetti tem multitemperaturas e vai proporcionar m\u00e1ximo conforto e prazer na hora do banho. Esta ducha de parede possui grande espalhador, aumentando a \u00e1rea de banho para um jato ainda mais forte e relaxante. Com 4 temperaturas, tamb\u00e9m ajuda na economia de \u00e1gua durante todas as esta\u00e7\u00f5es do ano. Possui acionamento pr\u00e1tico por bot\u00e3o ou haste prolongadora de 30 cm. Sua ducha de parede top jet da Lorenzetti \u00e9 compat\u00edvel com aquecedores solares. Tem 6400 w de pot\u00eancia e 220 v.<\/p>\n","protected":false},"excerpt":{"rendered":"<h4 style=\"margin: 0px;padding: 0px 0px 16px;font-family: Lato, sans-serif;font-weight: bold;line-height: 3rem;color: var(--dark-grey3);font-size: 22px;font-style: normal;letter-spacing: normal;text-align: start;text-indent: 0px;text-transform: none\">Informa\u00e7\u00f5es t\u00e9cnicas<\/h4>\n<p><span style=\"margin: 0px;padding: 0px;font-weight: 450;font-size: 14px;line-height: 21px;color: var(--dark-grey2);font-family: Lato, sans-serif;font-style: normal;letter-spacing: normal;text-align: start;text-indent: 0px;text-transform: none\">Produto: Chuveiro<br \/>\nMarca: Lorenzetti<br \/>\nModelo: Top Jet<br \/>\nMaterial: Termopl\u00e1stico<br \/>\nElast\u00f4meros<br \/>\nLigas met\u00e1licas<br \/>\nCor: Branco<br \/>\nPot\u00eancia: 6400w<br \/>\nTens\u00e3o el\u00e9trica: 220v<br \/>\nCaracter\u00edsticas: 4 Temperaturas<br \/>\nDisjuntor 50a<br \/>\nFio 10mm<br \/>\nCertifica\u00e7\u00e3o iso 9001<br \/>\nPress\u00e3o 10 a 400kpa 1 a 40mca<br \/>\nPress\u00e3o de funcionamento m\u00ednima de 1mca<br \/>\nPress\u00e3o de funcionamento m\u00e1xima de 40mca<br \/>\nTipo de jato fixo<br \/>\nFixa\u00e7\u00e3o parede<br \/>\nGrau de prote\u00e7\u00e3o ip24<br \/>\nSistema de aterramento<br \/>\nCompat\u00edvel com d.r dispositivo diferencial residual<br \/>\nInstala\u00e7\u00e3o sem cano<br \/>\nd.r.i dispositivo para regulagem da inclina\u00e7\u00e3o<br \/>\nAcionamento atrav\u00e9s de bot\u00e3o ou haste prolongada de 30cm<br \/>\nQuantidade de pe\u00e7as: 3<br \/>\nItens Inclusos: 1 ducha el\u00e9trica<br \/>\n1 mangueira com ducha<br \/>\n1 suporte<br \/>\nDimens\u00f5es do produto (A X L X P): 12,1 x 16,1 x 28,4cm<br \/>\n<\/span><\/p>\n","protected":false},"featured_media":10944,"template":"","meta":{"_joinchat":[]},"product_brand":[],"product_cat":[71],"product_tag":[],"class_list":{"0":"post-10890","1":"product","2":"type-product","3":"status-publish","4":"has-post-thumbnail","6":"product_cat-chuveiros","8":"first","9":"outofstock","10":"featured","11":"shipping-taxable","12":"purchasable","13":"product-type-simple"},"_links":{"self":[{"href":"https:\/\/www.multicasa.com.br\/inicio\/wp-json\/wp\/v2\/product\/10890","targetHints":{"allow":["GET"]}}],"collection":[{"href":"https:\/\/www.multicasa.com.br\/inicio\/wp-json\/wp\/v2\/product"}],"about":[{"href":"https:\/\/www.multicasa.com.br\/inicio\/wp-json\/wp\/v2\/types\/product"}],"wp:featuredmedia":[{"embeddable":true,"href":"https:\/\/www.multicasa.com.br\/inicio\/wp-json\/wp\/v2\/media\/10944"}],"wp:attachment":[{"href":"https:\/\/www.multicasa.com.br\/inicio\/wp-json\/wp\/v2\/media?parent=10890"}],"wp:term":[{"taxonomy":"product_brand","embeddable":true,"href":"https:\/\/www.multicasa.com.br\/inicio\/wp-json\/wp\/v2\/product_brand?post=10890"},{"taxonomy":"product_cat","embeddable":true,"href":"https:\/\/www.multicasa.com.br\/inicio\/wp-json\/wp\/v2\/product_cat?post=10890"},{"taxonomy":"product_tag","embeddable":true,"href":"https:\/\/www.multicasa.com.br\/inicio\/wp-json\/wp\/v2\/product_tag?post=10890"}],"curies":[{"name":"wp","href":"https:\/\/api.w.org\/{rel}","templated":true}]}}