{"id":10896,"date":"2025-06-20T18:00:41","date_gmt":"2025-06-20T22:00:41","guid":{"rendered":"https:\/\/www.multicasa.com.br\/inicio\/?post_type=product&#038;p=10896"},"modified":"2026-04-28T13:31:11","modified_gmt":"2026-04-28T17:31:11","slug":"tinta-spray-uso-geral-verde-tekbond-350ml","status":"publish","type":"product","link":"https:\/\/www.multicasa.com.br\/inicio\/produto\/tinta-spray-uso-geral-verde-tekbond-350ml\/","title":{"rendered":"Tinta Spray Uso Geral Verde Tekbond 350ml"},"content":{"rendered":"<p>A Tinta Spray de Uso Geral Verde Tekbond foi desenvolvida com resinasa cr\u00edlicas de secagem r\u00e1pida e \u00f3tima resist\u00eancia as intemp\u00e9ries, proporciona excelentes acabamentos, poder de cobertura e efeito decorativo. Pode ser utilizada em ambientes internos e externos para aplica\u00e7\u00f5es em ferro, a\u00e7o, madeira, cer\u00e2mica, gesso, entre outros.<br \/>\nNa cor verde contendo 350ml e com rendimento aproximado: 1,7 m\u00b2 a 2,1 m\u00b2 por embalagem, a cura total \u00e9 em 24 horas e para testes mec\u00e2nicos recomenda-se 72 horas.<br \/>\nManter em local coberto e ventilado (temperatura inferior a 50\u00b0C).<\/p>\n","protected":false},"excerpt":{"rendered":"<h4 style=\"margin: 0px;padding: 0px 0px 16px;font-family: Lato, sans-serif;font-weight: bold;line-height: 3rem;color: var(--dark-grey3);font-size: 22px;font-style: normal;letter-spacing: normal;text-align: start;text-indent: 0px;text-transform: none\">Informa\u00e7\u00f5es t\u00e9cnicas<\/h4>\n<p><span style=\"margin: 0px;padding: 0px;font-weight: 450;font-size: 14px;line-height: 21px;color: var(--dark-grey2);font-family: Lato, sans-serif;font-style: normal;letter-spacing: normal;text-align: start;text-indent: 0px;text-transform: none\">Produto: Tinta Spray<br \/>\nMarca: Tekbond<br \/>\nCor: Verde<br \/>\nConte\u00fado: 350ml<br \/>\nCaracter\u00edsticas: Rendimento de 1,7m\u00b2 a 2,1m\u00b2<br \/>\nUso interno e externo<br \/>\nSuperf\u00edcies met\u00e1licas<br \/>\nSecagem total em 24H<br \/>\nItens Inclusos: 1 Tinta Spray<br \/>\nDicas de uso e preserva\u00e7\u00e3o: Manter em local coberto e ventilado<br \/>\nN\u00e3o armazenar em locais com temperatura maior que 50\u00b0C<br \/>\n<\/span><\/p>\n","protected":false},"featured_media":10967,"template":"","meta":{"_joinchat":[]},"product_brand":[],"product_cat":[143],"product_tag":[],"class_list":{"0":"post-10896","1":"product","2":"type-product","3":"status-publish","4":"has-post-thumbnail","6":"product_cat-tintas-e-cia","8":"first","9":"instock","10":"shipping-taxable","11":"purchasable","12":"product-type-simple"},"_links":{"self":[{"href":"https:\/\/www.multicasa.com.br\/inicio\/wp-json\/wp\/v2\/product\/10896","targetHints":{"allow":["GET"]}}],"collection":[{"href":"https:\/\/www.multicasa.com.br\/inicio\/wp-json\/wp\/v2\/product"}],"about":[{"href":"https:\/\/www.multicasa.com.br\/inicio\/wp-json\/wp\/v2\/types\/product"}],"wp:featuredmedia":[{"embeddable":true,"href":"https:\/\/www.multicasa.com.br\/inicio\/wp-json\/wp\/v2\/media\/10967"}],"wp:attachment":[{"href":"https:\/\/www.multicasa.com.br\/inicio\/wp-json\/wp\/v2\/media?parent=10896"}],"wp:term":[{"taxonomy":"product_brand","embeddable":true,"href":"https:\/\/www.multicasa.com.br\/inicio\/wp-json\/wp\/v2\/product_brand?post=10896"},{"taxonomy":"product_cat","embeddable":true,"href":"https:\/\/www.multicasa.com.br\/inicio\/wp-json\/wp\/v2\/product_cat?post=10896"},{"taxonomy":"product_tag","embeddable":true,"href":"https:\/\/www.multicasa.com.br\/inicio\/wp-json\/wp\/v2\/product_tag?post=10896"}],"curies":[{"name":"wp","href":"https:\/\/api.w.org\/{rel}","templated":true}]}}