{"id":10897,"date":"2025-06-20T18:00:41","date_gmt":"2025-06-20T22:00:41","guid":{"rendered":"https:\/\/www.multicasa.com.br\/inicio\/?post_type=product&#038;p=10897"},"modified":"2025-06-20T18:01:30","modified_gmt":"2025-06-20T22:01:30","slug":"organizador-de-pia-para-sabao-e-detergente-em-plastico-branco-ou","status":"publish","type":"product","link":"https:\/\/www.multicasa.com.br\/inicio\/produto\/organizador-de-pia-para-sabao-e-detergente-em-plastico-branco-ou\/","title":{"rendered":"Organizador de Pia para Sab\u00e3o e Detergente em Pl\u00e1stico Branco OU"},"content":{"rendered":"<p>Use o Organizador de Pia para Sab\u00e3o e Detergente em Pl\u00e1stico da OU para acomodar os utens\u00edlios e produtos que voc\u00ea mais utiliza durante o dia na sua pia e cozinha. Com espa\u00e7o para detergente, esponja e sab\u00e3o em barra, \u00e9 ideal para manter sua bancada organizada. Feito de pl\u00e1stico resistente, tem a parte interna remov\u00edvel para facilitar a limpeza e base coletora de \u00e1gua que evita que o tampo fique molhado. \u00c9 ideal para quem preza por praticidade e higiene nas atividades dom\u00e9sticas.<\/p>\n","protected":false},"excerpt":{"rendered":"<h4 style=\"margin: 0px;padding: 0px 0px 16px;font-family: Lato, sans-serif;font-weight: bold;line-height: 3rem;color: var(--dark-grey3);font-size: 22px;font-style: normal;letter-spacing: normal;text-align: start;text-indent: 0px;text-transform: none\">Informa\u00e7\u00f5es t\u00e9cnicas<\/h4>\n<p><span style=\"margin: 0px;padding: 0px;font-weight: 450;font-size: 14px;line-height: 21px;color: var(--dark-grey2);font-family: Lato, sans-serif;font-style: normal;letter-spacing: normal;text-align: start;text-indent: 0px;text-transform: none\">Produto: Organizador de Pia<br \/>\nMarca: Martiplast<br \/>\nMaterial: Pl\u00e1stico<br \/>\nCor: Branco<br \/>\nCaracter\u00edstica: \u00c9 resistente<br \/>\nPossui parte interna remov\u00edvel<br \/>\nPossui base coletora de \u00e1gua<br \/>\nItens Inclusos: 1 Organizador de pia<br \/>\nDimens\u00f5es do produto (A x L x P): 9 x 8 x 24cm<\/span><\/p>\n","protected":false},"featured_media":10968,"template":"","meta":{"_joinchat":[]},"product_brand":[],"product_cat":[138],"product_tag":[],"class_list":{"0":"post-10897","1":"product","2":"type-product","3":"status-publish","4":"has-post-thumbnail","6":"product_cat-telefones-e-cia","8":"first","9":"outofstock","10":"shipping-taxable","11":"product-type-simple"},"_links":{"self":[{"href":"https:\/\/www.multicasa.com.br\/inicio\/wp-json\/wp\/v2\/product\/10897","targetHints":{"allow":["GET"]}}],"collection":[{"href":"https:\/\/www.multicasa.com.br\/inicio\/wp-json\/wp\/v2\/product"}],"about":[{"href":"https:\/\/www.multicasa.com.br\/inicio\/wp-json\/wp\/v2\/types\/product"}],"wp:featuredmedia":[{"embeddable":true,"href":"https:\/\/www.multicasa.com.br\/inicio\/wp-json\/wp\/v2\/media\/10968"}],"wp:attachment":[{"href":"https:\/\/www.multicasa.com.br\/inicio\/wp-json\/wp\/v2\/media?parent=10897"}],"wp:term":[{"taxonomy":"product_brand","embeddable":true,"href":"https:\/\/www.multicasa.com.br\/inicio\/wp-json\/wp\/v2\/product_brand?post=10897"},{"taxonomy":"product_cat","embeddable":true,"href":"https:\/\/www.multicasa.com.br\/inicio\/wp-json\/wp\/v2\/product_cat?post=10897"},{"taxonomy":"product_tag","embeddable":true,"href":"https:\/\/www.multicasa.com.br\/inicio\/wp-json\/wp\/v2\/product_tag?post=10897"}],"curies":[{"name":"wp","href":"https:\/\/api.w.org\/{rel}","templated":true}]}}