{"id":10899,"date":"2025-06-20T18:00:41","date_gmt":"2025-06-20T22:00:41","guid":{"rendered":"https:\/\/www.multicasa.com.br\/inicio\/?post_type=product&#038;p=10899"},"modified":"2025-06-23T10:38:04","modified_gmt":"2025-06-23T14:38:04","slug":"tabua-de-corte-retangular-em-bambu-mor-30-x-20cm","status":"publish","type":"product","link":"https:\/\/www.multicasa.com.br\/inicio\/produto\/tabua-de-corte-retangular-em-bambu-mor-30-x-20cm\/","title":{"rendered":"T\u00e1bua de Corte Retangular em Bambu Mor 30 x 20cm"},"content":{"rendered":"<p>Ecologicamente correta, a T\u00e1bua de Corte Retangular em Bambu  da Mor auxilia na hora do preparo das suas refeic\u00f5es favoritas. Medindo 30 x 20cm, \u00e9 feita em bambu que possui a\u00e7\u00e3o antibactericida natural. Suas fibras n\u00e3o apresentam poros e, por isso, n\u00e3o h\u00e1 ac\u00famulo de res\u00edduos, tornando-a ainda mais higi\u00eanica. Forte e resistente, possui sulcos nas bordas que evitam que qualquer l\u00edquido escorra. Al\u00e9m disso, possui orif\u00edcio em uma das extremidades para que seja pendurada. N\u00e3o deve ser utilizada no micro-ondas, nem ser limpa com produtos abrasivos. Resistente \u00e0 lava-lou\u00e7as.<\/p>\n","protected":false},"excerpt":{"rendered":"<h4 style=\"margin: 0px;padding: 0px 0px 16px;font-family: Lato, sans-serif;font-weight: bold;line-height: 3rem;color: var(--dark-grey3);font-size: 22px;font-style: normal;letter-spacing: normal;text-align: start;text-indent: 0px;text-transform: none\">Informa\u00e7\u00f5es t\u00e9cnicas<\/h4>\n<p><span style=\"margin: 0px;padding: 0px;font-weight: 450;font-size: 14px;line-height: 21px;color: var(--dark-grey2);font-family: Lato, sans-serif;font-style: normal;letter-spacing: normal;text-align: start;text-indent: 0px;text-transform: none\">Produto: T\u00e1bua para corte<br \/>\nMarca: Mor<br \/>\nMaterial: Bambu<br \/>\nCor: Natural<br \/>\nCaracter\u00edsticas: Furo para pendurar em ganchos e barras tubulares, resistente \u00e0 lava-lou\u00e7as, com a\u00e7\u00e3o antibactericida<br \/>\nItens Inclusos: 1 t\u00e1bua para corte<br \/>\nDimens\u00f5es do produto (A x L x P): 1,5 x 30 x 20cm<\/span><\/p>\n","protected":false},"featured_media":26043,"template":"","meta":{"_joinchat":[]},"product_brand":[],"product_cat":[80],"product_tag":[],"class_list":{"0":"post-10899","1":"product","2":"type-product","3":"status-publish","4":"has-post-thumbnail","6":"product_cat-lampadas","8":"first","9":"outofstock","10":"shipping-taxable","11":"product-type-simple"},"_links":{"self":[{"href":"https:\/\/www.multicasa.com.br\/inicio\/wp-json\/wp\/v2\/product\/10899","targetHints":{"allow":["GET"]}}],"collection":[{"href":"https:\/\/www.multicasa.com.br\/inicio\/wp-json\/wp\/v2\/product"}],"about":[{"href":"https:\/\/www.multicasa.com.br\/inicio\/wp-json\/wp\/v2\/types\/product"}],"wp:featuredmedia":[{"embeddable":true,"href":"https:\/\/www.multicasa.com.br\/inicio\/wp-json\/wp\/v2\/media\/26043"}],"wp:attachment":[{"href":"https:\/\/www.multicasa.com.br\/inicio\/wp-json\/wp\/v2\/media?parent=10899"}],"wp:term":[{"taxonomy":"product_brand","embeddable":true,"href":"https:\/\/www.multicasa.com.br\/inicio\/wp-json\/wp\/v2\/product_brand?post=10899"},{"taxonomy":"product_cat","embeddable":true,"href":"https:\/\/www.multicasa.com.br\/inicio\/wp-json\/wp\/v2\/product_cat?post=10899"},{"taxonomy":"product_tag","embeddable":true,"href":"https:\/\/www.multicasa.com.br\/inicio\/wp-json\/wp\/v2\/product_tag?post=10899"}],"curies":[{"name":"wp","href":"https:\/\/api.w.org\/{rel}","templated":true}]}}