{"id":10901,"date":"2025-06-20T18:00:42","date_gmt":"2025-06-20T22:00:42","guid":{"rendered":"https:\/\/www.multicasa.com.br\/inicio\/?post_type=product&#038;p=10901"},"modified":"2026-03-25T10:20:11","modified_gmt":"2026-03-25T14:20:11","slug":"canaleta-com-fita-e-divisoria-branca-ilumi-20x10cm","status":"publish","type":"product","link":"https:\/\/www.multicasa.com.br\/inicio\/produto\/canaleta-com-fita-e-divisoria-branca-ilumi-20x10cm\/","title":{"rendered":"Canaleta com Fita e Divis\u00f3ria Branca Ilumi 20x10cm"},"content":{"rendered":"<p>Usando a Canaleta com Fita e Divis\u00f3ria Branca da Ilumi voc\u00ea proteje fios e prolonga sua vida \u00fatil. Medindo 20 x 10 cm x 2m, \u00e9 feito de PVC e tem instala\u00e7\u00e3o f\u00e1cil e pr\u00e1tica sem a necessidade de fazer furos nas paredes. Tamb\u00e9m proporciona seguran\u00e7a, j\u00e1 que evita o contato direto com a eletricidade e deixa qualquer ambiente com aspecto mais organizado.<\/p>\n","protected":false},"excerpt":{"rendered":"<h4 style=\"margin: 0px;padding: 0px 0px 16px;font-family: Lato, sans-serif;font-weight: bold;line-height: 3rem;color: var(--dark-grey3);font-size: 22px;font-style: normal;letter-spacing: normal;text-align: start;text-indent: 0px;text-transform: none\">Informa\u00e7\u00f5es t\u00e9cnicas<\/h4>\n<p><span style=\"margin: 0px;padding: 0px;font-weight: 450;font-size: 14px;line-height: 21px;color: var(--dark-grey2);font-family: Lato, sans-serif;font-style: normal;letter-spacing: normal;text-align: start;text-indent: 0px;text-transform: none\">Produto: Canaleta<br \/>\nMarca: Ilumi<br \/>\nMaterial: PVC<br \/>\nCor: Branca<br \/>\nCaracter\u00edsticas: Sobrepor; f\u00e1cil instala\u00e7\u00e3o; n\u00e3o precisa furar a parede; possui fita dupla face para fixa\u00e7\u00e3o.<br \/>\nItens inclusos: 1 Canaleta<br \/>\nDimens\u00f5es do produto (A X L X P): 20 x 10 x 2000mm<br \/>\nPeso: 0,149kg<\/span><\/p>\n","protected":false},"featured_media":10973,"template":"","meta":{"_joinchat":[]},"product_brand":[],"product_cat":[144],"product_tag":[],"class_list":{"0":"post-10901","1":"product","2":"type-product","3":"status-publish","4":"has-post-thumbnail","6":"product_cat-tomadas-e-cia","8":"first","9":"outofstock","10":"shipping-taxable","11":"purchasable","12":"product-type-simple"},"_links":{"self":[{"href":"https:\/\/www.multicasa.com.br\/inicio\/wp-json\/wp\/v2\/product\/10901","targetHints":{"allow":["GET"]}}],"collection":[{"href":"https:\/\/www.multicasa.com.br\/inicio\/wp-json\/wp\/v2\/product"}],"about":[{"href":"https:\/\/www.multicasa.com.br\/inicio\/wp-json\/wp\/v2\/types\/product"}],"wp:featuredmedia":[{"embeddable":true,"href":"https:\/\/www.multicasa.com.br\/inicio\/wp-json\/wp\/v2\/media\/10973"}],"wp:attachment":[{"href":"https:\/\/www.multicasa.com.br\/inicio\/wp-json\/wp\/v2\/media?parent=10901"}],"wp:term":[{"taxonomy":"product_brand","embeddable":true,"href":"https:\/\/www.multicasa.com.br\/inicio\/wp-json\/wp\/v2\/product_brand?post=10901"},{"taxonomy":"product_cat","embeddable":true,"href":"https:\/\/www.multicasa.com.br\/inicio\/wp-json\/wp\/v2\/product_cat?post=10901"},{"taxonomy":"product_tag","embeddable":true,"href":"https:\/\/www.multicasa.com.br\/inicio\/wp-json\/wp\/v2\/product_tag?post=10901"}],"curies":[{"name":"wp","href":"https:\/\/api.w.org\/{rel}","templated":true}]}}