{"id":10904,"date":"2025-06-20T18:00:42","date_gmt":"2025-06-20T22:00:42","guid":{"rendered":"https:\/\/www.multicasa.com.br\/inicio\/?post_type=product&#038;p=10904"},"modified":"2025-08-17T19:14:55","modified_gmt":"2025-08-17T23:14:55","slug":"escada-de-aluminio-botafogo-6-degraus","status":"publish","type":"product","link":"https:\/\/www.multicasa.com.br\/inicio\/produto\/escada-de-aluminio-botafogo-6-degraus\/","title":{"rendered":"Escada de Alum\u00ednio Botafogo 6 Degraus"},"content":{"rendered":"<p>A Escada de alum\u00ednio Botafogo e perfeita para te dar acesso aos mais variados pontos da sua casa como: prateleiras, arm\u00e1rios e locais mais altos. Possuindo 6 degraus, ela \u00e9 leve, resistente e dobr\u00e1vel por ser produzida em alum\u00ednio, contendo trava em nylon que proporciona seguran\u00e7a. Seus p\u00e9s s\u00e3o antiderrapantes e emborrachados impedindo a movimenta\u00e7\u00e3o at\u00e9 em superf\u00edcies mais lisas garantindo firmeza ao subir e descer.<\/p>\n","protected":false},"excerpt":{"rendered":"<h4 style=\"margin: 0px;padding: 0px 0px 16px;font-family: Lato, sans-serif;font-weight: bold;line-height: 3rem;color: var(--dark-grey3);font-size: 22px;font-style: normal;letter-spacing: normal;text-align: start;text-indent: 0px;text-transform: none\">Informa\u00e7\u00f5es t\u00e9cnicas<\/h4>\n<p><span style=\"margin: 0px;padding: 0px;font-weight: 450;font-size: 14px;line-height: 21px;color: var(--dark-grey2);font-family: Lato, sans-serif;font-style: normal;letter-spacing: normal;text-align: start;text-indent: 0px;text-transform: none\">Produto: Escada de Alum\u00ednio<br \/>\nMarca: Botafogo<br \/>\nMaterial: Alum\u00ednio<br \/>\nPolipropileno<br \/>\nCor: Prata e Vermelho<br \/>\nCaracter\u00edsticas: 6 Degraus<br \/>\nDobr\u00e1vel<br \/>\nCapacidade de peso de 120kg<br \/>\nTrava de seguran\u00e7a em nylon<br \/>\nP\u00e9s antiderrapantes<br \/>\nItens Inclusos: 1 Escada<br \/>\nDimens\u00f5es do produto (A): M\u00e1x 128cm<br \/>\n<\/span><\/p>\n","protected":false},"featured_media":10978,"template":"","meta":{"_joinchat":[]},"product_brand":[],"product_cat":[156],"product_tag":[],"class_list":{"0":"post-10904","1":"product","2":"type-product","3":"status-publish","4":"has-post-thumbnail","6":"product_cat-escadas","8":"first","9":"outofstock","10":"shipping-taxable","11":"purchasable","12":"product-type-simple"},"_links":{"self":[{"href":"https:\/\/www.multicasa.com.br\/inicio\/wp-json\/wp\/v2\/product\/10904","targetHints":{"allow":["GET"]}}],"collection":[{"href":"https:\/\/www.multicasa.com.br\/inicio\/wp-json\/wp\/v2\/product"}],"about":[{"href":"https:\/\/www.multicasa.com.br\/inicio\/wp-json\/wp\/v2\/types\/product"}],"wp:featuredmedia":[{"embeddable":true,"href":"https:\/\/www.multicasa.com.br\/inicio\/wp-json\/wp\/v2\/media\/10978"}],"wp:attachment":[{"href":"https:\/\/www.multicasa.com.br\/inicio\/wp-json\/wp\/v2\/media?parent=10904"}],"wp:term":[{"taxonomy":"product_brand","embeddable":true,"href":"https:\/\/www.multicasa.com.br\/inicio\/wp-json\/wp\/v2\/product_brand?post=10904"},{"taxonomy":"product_cat","embeddable":true,"href":"https:\/\/www.multicasa.com.br\/inicio\/wp-json\/wp\/v2\/product_cat?post=10904"},{"taxonomy":"product_tag","embeddable":true,"href":"https:\/\/www.multicasa.com.br\/inicio\/wp-json\/wp\/v2\/product_tag?post=10904"}],"curies":[{"name":"wp","href":"https:\/\/api.w.org\/{rel}","templated":true}]}}