{"id":10927,"date":"2025-06-20T18:01:03","date_gmt":"2025-06-20T22:01:03","guid":{"rendered":"https:\/\/www.multicasa.com.br\/inicio\/?post_type=product&#038;p=10927"},"modified":"2025-06-23T10:27:37","modified_gmt":"2025-06-23T14:27:37","slug":"plugue-2pt-3-saidas-preto-interneed-10a","status":"publish","type":"product","link":"https:\/\/www.multicasa.com.br\/inicio\/produto\/plugue-2pt-3-saidas-preto-interneed-10a\/","title":{"rendered":"Plugue 2P+T 3 Sa\u00eddas Preto Interneed 10A"},"content":{"rendered":"<p>Ligue at\u00e9 3 aparelhos em uma \u00fanica tomada com o plugue 2P+T com 3 sa\u00eddas Interneed. Com corrente m\u00e1xima de 10a e cor preta, precisa de apenas 1 tomada para funcionar como um multiplicador de acessos. Trabalha com tens\u00e3o m\u00e1xima de 250v e foi produzido em pl\u00e1tico que n\u00e3o propaga chama.<\/p>\n","protected":false},"excerpt":{"rendered":"<h4 style=\"margin: 0px;padding: 0px 0px 16px;font-family: Lato, sans-serif;font-weight: bold;line-height: 3rem;color: var(--dark-grey3);font-size: 22px;font-style: normal;letter-spacing: normal;text-align: start;text-indent: 0px;text-transform: none\">Informa\u00e7\u00f5es t\u00e9cnicas<\/h4>\n<p><span style=\"margin: 0px;padding: 0px;font-weight: 450;font-size: 14px;line-height: 21px;color: var(--dark-grey2);font-family: Lato, sans-serif;font-style: normal;letter-spacing: normal;text-align: start;text-indent: 0px;text-transform: none\">Produto: Plugue tomada<br \/>\nMarca: Interneed<br \/>\nMaterial: Termopl\u00e1stico de engenharia<br \/>\nContatos em lat\u00e3o<br \/>\nCor: Branco<br \/>\nCaracter\u00edsticas: Para correntes de 10a<br \/>\nResistente a tens\u00f5es de at\u00e9 250v<br \/>\nPossui 3 sa\u00eddas 2p+t<br \/>\nSelo do Inmetro<br \/>\nItens inclusos: 1 Plugue tomada<br \/>\n<\/span><\/p>\n","protected":false},"featured_media":25766,"template":"","meta":{"_joinchat":[]},"product_brand":[],"product_cat":[144],"product_tag":[],"class_list":{"0":"post-10927","1":"product","2":"type-product","3":"status-publish","4":"has-post-thumbnail","6":"product_cat-tomadas-e-cia","8":"first","9":"outofstock","10":"shipping-taxable","11":"product-type-simple"},"_links":{"self":[{"href":"https:\/\/www.multicasa.com.br\/inicio\/wp-json\/wp\/v2\/product\/10927","targetHints":{"allow":["GET"]}}],"collection":[{"href":"https:\/\/www.multicasa.com.br\/inicio\/wp-json\/wp\/v2\/product"}],"about":[{"href":"https:\/\/www.multicasa.com.br\/inicio\/wp-json\/wp\/v2\/types\/product"}],"wp:featuredmedia":[{"embeddable":true,"href":"https:\/\/www.multicasa.com.br\/inicio\/wp-json\/wp\/v2\/media\/25766"}],"wp:attachment":[{"href":"https:\/\/www.multicasa.com.br\/inicio\/wp-json\/wp\/v2\/media?parent=10927"}],"wp:term":[{"taxonomy":"product_brand","embeddable":true,"href":"https:\/\/www.multicasa.com.br\/inicio\/wp-json\/wp\/v2\/product_brand?post=10927"},{"taxonomy":"product_cat","embeddable":true,"href":"https:\/\/www.multicasa.com.br\/inicio\/wp-json\/wp\/v2\/product_cat?post=10927"},{"taxonomy":"product_tag","embeddable":true,"href":"https:\/\/www.multicasa.com.br\/inicio\/wp-json\/wp\/v2\/product_tag?post=10927"}],"curies":[{"name":"wp","href":"https:\/\/api.w.org\/{rel}","templated":true}]}}