{"id":10931,"date":"2025-06-20T18:01:03","date_gmt":"2025-06-20T22:01:03","guid":{"rendered":"https:\/\/www.multicasa.com.br\/inicio\/?post_type=product&#038;p=10931"},"modified":"2025-12-16T19:27:45","modified_gmt":"2025-12-16T23:27:45","slug":"engate-rapido-3-4x1-2-para-mangueira-tramontina","status":"publish","type":"product","link":"https:\/\/www.multicasa.com.br\/inicio\/produto\/engate-rapido-3-4x1-2-para-mangueira-tramontina\/","title":{"rendered":"Engate R\u00e1pido 3\/4&#215;1\/2 para Mangueira Tramontina"},"content":{"rendered":"<p>Desenvolvido para a proporcionar praticidade no seu dia-a-dia, o engate r\u00e1pido para mangueira 3\/4&#215;1\/2?? da Tramontina se adapta a todo sistema de irriga\u00e7\u00e3o e dispensa o uso de ferramentas na montagem. Feito com materiais de alta qualidade, faz a liga\u00e7\u00e3o do sistema com a rede de \u00e1gua e seus pontos de sa\u00edda, garantindo efici\u00eancia para voc\u00ea lavar seu quintal e usar a sua mangueira em diversas atividades de limpeza da sua rotina.<\/p>\n","protected":false},"excerpt":{"rendered":"<h4 style=\"margin: 0px;padding: 0px 0px 16px;font-family: Lato, sans-serif;font-weight: bold;line-height: 3rem;color: var(--dark-grey3);font-size: 22px;font-style: normal;letter-spacing: normal;text-align: start;text-indent: 0px;text-transform: none\">Informa\u00e7\u00f5es t\u00e9cnicas<\/h4>\n<p><span style=\"margin: 0px;padding: 0px;font-weight: 450;font-size: 14px;line-height: 21px;color: var(--dark-grey2);font-family: Lato, sans-serif;font-style: normal;letter-spacing: normal;text-align: start;text-indent: 0px;text-transform: none\">Produto: Engate R\u00e1pido<br \/>\nMarca: Tramontina<br \/>\nMaterial: PVC<br \/>\nCor: Verde<br \/>\nCaracter\u00edsticas: Possui sistema intercambi\u00e1vel<br \/>\nItens Inclusos: 1 engate r\u00e1pido<br \/>\nDimens\u00f5es do produto em polegadas: 3\/4 x 1\/2&#8243;<\/span><\/p>\n","protected":false},"featured_media":11003,"template":"","meta":{"_joinchat":[]},"product_brand":[],"product_cat":[71],"product_tag":[],"class_list":{"0":"post-10931","1":"product","2":"type-product","3":"status-publish","4":"has-post-thumbnail","6":"product_cat-chuveiros","8":"first","9":"outofstock","10":"shipping-taxable","11":"purchasable","12":"product-type-simple"},"_links":{"self":[{"href":"https:\/\/www.multicasa.com.br\/inicio\/wp-json\/wp\/v2\/product\/10931","targetHints":{"allow":["GET"]}}],"collection":[{"href":"https:\/\/www.multicasa.com.br\/inicio\/wp-json\/wp\/v2\/product"}],"about":[{"href":"https:\/\/www.multicasa.com.br\/inicio\/wp-json\/wp\/v2\/types\/product"}],"wp:featuredmedia":[{"embeddable":true,"href":"https:\/\/www.multicasa.com.br\/inicio\/wp-json\/wp\/v2\/media\/11003"}],"wp:attachment":[{"href":"https:\/\/www.multicasa.com.br\/inicio\/wp-json\/wp\/v2\/media?parent=10931"}],"wp:term":[{"taxonomy":"product_brand","embeddable":true,"href":"https:\/\/www.multicasa.com.br\/inicio\/wp-json\/wp\/v2\/product_brand?post=10931"},{"taxonomy":"product_cat","embeddable":true,"href":"https:\/\/www.multicasa.com.br\/inicio\/wp-json\/wp\/v2\/product_cat?post=10931"},{"taxonomy":"product_tag","embeddable":true,"href":"https:\/\/www.multicasa.com.br\/inicio\/wp-json\/wp\/v2\/product_tag?post=10931"}],"curies":[{"name":"wp","href":"https:\/\/api.w.org\/{rel}","templated":true}]}}