{"id":10953,"date":"2025-06-20T18:01:25","date_gmt":"2025-06-20T22:01:25","guid":{"rendered":"https:\/\/www.multicasa.com.br\/inicio\/?post_type=product&#038;p=10953"},"modified":"2025-06-20T18:01:56","modified_gmt":"2025-06-20T22:01:56","slug":"garrafa-termica-com-alca-inox-uny-gift-500ml","status":"publish","type":"product","link":"https:\/\/www.multicasa.com.br\/inicio\/produto\/garrafa-termica-com-alca-inox-uny-gift-500ml\/","title":{"rendered":"Garrafa T\u00e9rmica com Al\u00e7a Inox Uny Gift 500ml"},"content":{"rendered":"<p>Com a Garrafa T\u00e9rmica com Al\u00e7a Inox Uny Gift voc\u00ea poder\u00e1 levar na mochila ou no carro com muita facilidade, com sua capacidade para 500ml. Confeccionada em inox, ela conserva l\u00edquidos quentes ou frios por muito mais tempo. Bico retr\u00e1til que auxilia o uso e capa com al\u00e7a para facilitar o transporte.<\/p>\n","protected":false},"excerpt":{"rendered":"<h4 style=\"margin: 0px;padding: 0px 0px 16px;font-family: Lato, sans-serif;font-weight: bold;line-height: 3rem;color: var(--dark-grey3);font-size: 22px;font-style: normal;letter-spacing: normal;text-align: start;text-indent: 0px;text-transform: none\">Informa\u00e7\u00f5es t\u00e9cnicas<\/h4>\n<p><span style=\"margin: 0px;padding: 0px;font-weight: 450;font-size: 14px;line-height: 21px;color: var(--dark-grey2);font-family: Lato, sans-serif;font-style: normal;letter-spacing: normal;text-align: start;text-indent: 0px;text-transform: none\">Produto: Garrafa<br \/>\nTipo: T\u00e9rmica<br \/>\nMarca: Uny Home<br \/>\nMaterial: A\u00e7o Inox<br \/>\nCor: Prata<br \/>\nCapacidade: 500ml<br \/>\nQuantidade de pe\u00e7as: 2<br \/>\nItens Inclusos: 1 garrafa<br \/>\n1 capa com al\u00e7a<br \/>\nDi\u00e2metro do produto: 7cm<br \/>\nDimens\u00f5es do produto (A): 25cm<\/span><\/p>\n","protected":false},"featured_media":11007,"template":"","meta":{"_joinchat":[]},"product_brand":[],"product_cat":[136],"product_tag":[],"class_list":{"0":"post-10953","1":"product","2":"type-product","3":"status-publish","4":"has-post-thumbnail","6":"product_cat-lazer","8":"first","9":"outofstock","10":"shipping-taxable","11":"product-type-simple"},"_links":{"self":[{"href":"https:\/\/www.multicasa.com.br\/inicio\/wp-json\/wp\/v2\/product\/10953","targetHints":{"allow":["GET"]}}],"collection":[{"href":"https:\/\/www.multicasa.com.br\/inicio\/wp-json\/wp\/v2\/product"}],"about":[{"href":"https:\/\/www.multicasa.com.br\/inicio\/wp-json\/wp\/v2\/types\/product"}],"wp:featuredmedia":[{"embeddable":true,"href":"https:\/\/www.multicasa.com.br\/inicio\/wp-json\/wp\/v2\/media\/11007"}],"wp:attachment":[{"href":"https:\/\/www.multicasa.com.br\/inicio\/wp-json\/wp\/v2\/media?parent=10953"}],"wp:term":[{"taxonomy":"product_brand","embeddable":true,"href":"https:\/\/www.multicasa.com.br\/inicio\/wp-json\/wp\/v2\/product_brand?post=10953"},{"taxonomy":"product_cat","embeddable":true,"href":"https:\/\/www.multicasa.com.br\/inicio\/wp-json\/wp\/v2\/product_cat?post=10953"},{"taxonomy":"product_tag","embeddable":true,"href":"https:\/\/www.multicasa.com.br\/inicio\/wp-json\/wp\/v2\/product_tag?post=10953"}],"curies":[{"name":"wp","href":"https:\/\/api.w.org\/{rel}","templated":true}]}}