{"id":10954,"date":"2025-06-20T18:01:25","date_gmt":"2025-06-20T22:01:25","guid":{"rendered":"https:\/\/www.multicasa.com.br\/inicio\/?post_type=product&#038;p=10954"},"modified":"2025-06-20T18:01:57","modified_gmt":"2025-06-20T22:01:57","slug":"alicate-amperimetro-digital-hka-266-hikari","status":"publish","type":"product","link":"https:\/\/www.multicasa.com.br\/inicio\/produto\/alicate-amperimetro-digital-hka-266-hikari\/","title":{"rendered":"Alicate Amper\u00edmetro Digital HKA 266 Hikari"},"content":{"rendered":"<p>O alicate amper\u00edmetro Hikari faz 200 contagens medindo altas correntes. Projetado para ser usado em laborat\u00f3rios, servi\u00e7os de campo e uso dom\u00e9stico, possui tela de cristal l\u00edquido para f\u00e1cil leitura em qualquer condi\u00e7\u00e3o de ilumina\u00e7\u00e3o. Com prote\u00e7\u00e3o para as m\u00e3os, vem com bolsa de transporte para preservar e prolongar a vida \u00fatil do seu aparelho.<\/p>\n","protected":false},"excerpt":{"rendered":"<h4 style=\"margin: 0px;padding: 0px 0px 16px;font-family: Lato, sans-serif;font-weight: bold;line-height: 3rem;color: var(--dark-grey3);font-size: 22px;font-style: normal;letter-spacing: normal;text-align: start;text-indent: 0px;text-transform: none\">Informa\u00e7\u00f5es t\u00e9cnicas<\/h4>\n<p><span style=\"margin: 0px;padding: 0px;font-weight: 450;font-size: 14px;line-height: 21px;color: var(--dark-grey2);font-family: Lato, sans-serif;font-style: normal;letter-spacing: normal;text-align: start;text-indent: 0px;text-transform: none\">Produto: Alicate amper\u00edmetro<br \/>\nMarca: Hikari<br \/>\nMaterial: Tela de cristal l\u00edquido<br \/>\nCor: Preto, amarelo<br \/>\nCaracter\u00edsticas: Mostrador de f\u00e1cil leitura<br \/>\nPort\u00e1til<br \/>\n2000 contagens<br \/>\nProte\u00e7\u00e3o para as m\u00e3os<br \/>\nQuantidade de pe\u00e7as: 2<br \/>\nItens inclusos: 1 Alicate amper\u00edmetro<br \/>\n1 bolsa de transporte<br \/>\nDimens\u00f5es do produto (A X L): 25 x 12,5 x 5cm<br \/>\n<\/span><\/p>\n","protected":false},"featured_media":11008,"template":"","meta":{"_joinchat":[]},"product_brand":[],"product_cat":[152],"product_tag":[],"class_list":{"0":"post-10954","1":"product","2":"type-product","3":"status-publish","4":"has-post-thumbnail","6":"product_cat-ferramentas-eletricas","8":"first","9":"outofstock","10":"shipping-taxable","11":"product-type-simple"},"_links":{"self":[{"href":"https:\/\/www.multicasa.com.br\/inicio\/wp-json\/wp\/v2\/product\/10954","targetHints":{"allow":["GET"]}}],"collection":[{"href":"https:\/\/www.multicasa.com.br\/inicio\/wp-json\/wp\/v2\/product"}],"about":[{"href":"https:\/\/www.multicasa.com.br\/inicio\/wp-json\/wp\/v2\/types\/product"}],"wp:featuredmedia":[{"embeddable":true,"href":"https:\/\/www.multicasa.com.br\/inicio\/wp-json\/wp\/v2\/media\/11008"}],"wp:attachment":[{"href":"https:\/\/www.multicasa.com.br\/inicio\/wp-json\/wp\/v2\/media?parent=10954"}],"wp:term":[{"taxonomy":"product_brand","embeddable":true,"href":"https:\/\/www.multicasa.com.br\/inicio\/wp-json\/wp\/v2\/product_brand?post=10954"},{"taxonomy":"product_cat","embeddable":true,"href":"https:\/\/www.multicasa.com.br\/inicio\/wp-json\/wp\/v2\/product_cat?post=10954"},{"taxonomy":"product_tag","embeddable":true,"href":"https:\/\/www.multicasa.com.br\/inicio\/wp-json\/wp\/v2\/product_tag?post=10954"}],"curies":[{"name":"wp","href":"https:\/\/api.w.org\/{rel}","templated":true}]}}