{"id":10956,"date":"2025-06-20T18:01:25","date_gmt":"2025-06-20T22:01:25","guid":{"rendered":"https:\/\/www.multicasa.com.br\/inicio\/?post_type=product&#038;p=10956"},"modified":"2025-08-18T04:04:29","modified_gmt":"2025-08-18T08:04:29","slug":"bombinha-tira-ar-para-vac-bag-ordene","status":"publish","type":"product","link":"https:\/\/www.multicasa.com.br\/inicio\/produto\/bombinha-tira-ar-para-vac-bag-ordene\/","title":{"rendered":"Bombinha Tira Ar para Vac Bag Ordene"},"content":{"rendered":"<p>Use a Bombinha Tira Ar para Vac Bag da Ordene para retirar o ar existente e conseguir embalar a v\u00e1cuo o que voc\u00ea desejar. Feita de pl\u00e1stico e com haste de metal, a bombinha de suc\u00e7\u00e3o de ar mede 28 x 4cm, ideal para levar consigo para onde quiser.<\/p>\n","protected":false},"excerpt":{"rendered":"<h4 style=\"margin: 0px;padding: 0px 0px 16px;font-family: Lato, sans-serif;font-weight: bold;line-height: 3rem;color: var(--dark-grey3);font-size: 22px;font-style: normal;letter-spacing: normal;text-align: start;text-indent: 0px;text-transform: none\">Informa\u00e7\u00f5es t\u00e9cnicas<\/h4>\n<p><span style=\"margin: 0px;padding: 0px;font-weight: 450;font-size: 14px;line-height: 21px;color: var(--dark-grey2);font-family: Lato, sans-serif;font-style: normal;letter-spacing: normal;text-align: start;text-indent: 0px;text-transform: none\">Produto: Bombinha Tira Ar para Vac bag<br \/>\nMarca: Ordene<br \/>\nMaterial: Pl\u00e1stico e Metal<br \/>\nCor: Preta<br \/>\nItens Inclusos: 1 Bombinha tira para vac bag<br \/>\nDimens\u00f5es do produto (A X L): 28 x 4cm<br \/>\n<\/span><\/p>\n","protected":false},"featured_media":11010,"template":"","meta":{"_joinchat":[]},"product_brand":[],"product_cat":[98],"product_tag":[],"class_list":{"0":"post-10956","1":"product","2":"type-product","3":"status-publish","4":"has-post-thumbnail","6":"product_cat-organizadores","8":"first","9":"outofstock","10":"shipping-taxable","11":"purchasable","12":"product-type-simple"},"_links":{"self":[{"href":"https:\/\/www.multicasa.com.br\/inicio\/wp-json\/wp\/v2\/product\/10956","targetHints":{"allow":["GET"]}}],"collection":[{"href":"https:\/\/www.multicasa.com.br\/inicio\/wp-json\/wp\/v2\/product"}],"about":[{"href":"https:\/\/www.multicasa.com.br\/inicio\/wp-json\/wp\/v2\/types\/product"}],"wp:featuredmedia":[{"embeddable":true,"href":"https:\/\/www.multicasa.com.br\/inicio\/wp-json\/wp\/v2\/media\/11010"}],"wp:attachment":[{"href":"https:\/\/www.multicasa.com.br\/inicio\/wp-json\/wp\/v2\/media?parent=10956"}],"wp:term":[{"taxonomy":"product_brand","embeddable":true,"href":"https:\/\/www.multicasa.com.br\/inicio\/wp-json\/wp\/v2\/product_brand?post=10956"},{"taxonomy":"product_cat","embeddable":true,"href":"https:\/\/www.multicasa.com.br\/inicio\/wp-json\/wp\/v2\/product_cat?post=10956"},{"taxonomy":"product_tag","embeddable":true,"href":"https:\/\/www.multicasa.com.br\/inicio\/wp-json\/wp\/v2\/product_tag?post=10956"}],"curies":[{"name":"wp","href":"https:\/\/api.w.org\/{rel}","templated":true}]}}