{"id":10957,"date":"2025-06-20T18:01:26","date_gmt":"2025-06-20T22:01:26","guid":{"rendered":"https:\/\/www.multicasa.com.br\/inicio\/?post_type=product&#038;p=10957"},"modified":"2025-12-16T19:28:10","modified_gmt":"2025-12-16T23:28:10","slug":"hidropistola-de-engate-rapido-tramontina","status":"publish","type":"product","link":"https:\/\/www.multicasa.com.br\/inicio\/produto\/hidropistola-de-engate-rapido-tramontina\/","title":{"rendered":"Hidropistola de Engate R\u00e1pido Tramontina"},"content":{"rendered":"<p>Com a hidropistola de engate r\u00e1pido Tramontina voc\u00ea economiza \u00e1gua e garante a irriga\u00e7\u00e3o completa do seu jardim ou horta dom\u00e9stica. Com sistema de bloqueio de \u00e1gua, adapta-se a todo o sistema de irriga\u00e7\u00e3o, dispensa o uso de ferramentas na montagem e deve ser utilizado em mangueiras com engate r\u00e1pido.<\/p>\n","protected":false},"excerpt":{"rendered":"<h4 style=\"margin: 0px;padding: 0px 0px 16px;font-family: Lato, sans-serif;font-weight: bold;line-height: 3rem;color: var(--dark-grey3);font-size: 22px;font-style: normal;letter-spacing: normal;text-align: start;text-indent: 0px;text-transform: none\">Informa\u00e7\u00f5es t\u00e9cnicas<\/h4>\n<p><span style=\"margin: 0px;padding: 0px;font-weight: 450;font-size: 14px;line-height: 21px;color: var(--dark-grey2);font-family: Lato, sans-serif;font-style: normal;letter-spacing: normal;text-align: start;text-indent: 0px;text-transform: none\">Produto: Hidropistola<br \/>\nMarca: Tramontina<br \/>\nMaterial: Pl\u00e1stico<br \/>\nCor: Verde, laranja<br \/>\nCaracter\u00edsticas: Possui sistema de bloquear da \u00e1gua<br \/>\nSe adapta a todo sistema de irriga\u00e7\u00e3o<br \/>\nItens Inclusos: 1 Hidropistola<br \/>\nDimens\u00f5es do produto (A X L X P): 16 x 13,8 x 3cm<br \/>\n<\/span><\/p>\n","protected":false},"featured_media":11013,"template":"","meta":{"_joinchat":[]},"product_brand":[],"product_cat":[76],"product_tag":[],"class_list":{"0":"post-10957","1":"product","2":"type-product","3":"status-publish","4":"has-post-thumbnail","6":"product_cat-jardinagem","8":"first","9":"outofstock","10":"shipping-taxable","11":"purchasable","12":"product-type-simple"},"_links":{"self":[{"href":"https:\/\/www.multicasa.com.br\/inicio\/wp-json\/wp\/v2\/product\/10957","targetHints":{"allow":["GET"]}}],"collection":[{"href":"https:\/\/www.multicasa.com.br\/inicio\/wp-json\/wp\/v2\/product"}],"about":[{"href":"https:\/\/www.multicasa.com.br\/inicio\/wp-json\/wp\/v2\/types\/product"}],"wp:featuredmedia":[{"embeddable":true,"href":"https:\/\/www.multicasa.com.br\/inicio\/wp-json\/wp\/v2\/media\/11013"}],"wp:attachment":[{"href":"https:\/\/www.multicasa.com.br\/inicio\/wp-json\/wp\/v2\/media?parent=10957"}],"wp:term":[{"taxonomy":"product_brand","embeddable":true,"href":"https:\/\/www.multicasa.com.br\/inicio\/wp-json\/wp\/v2\/product_brand?post=10957"},{"taxonomy":"product_cat","embeddable":true,"href":"https:\/\/www.multicasa.com.br\/inicio\/wp-json\/wp\/v2\/product_cat?post=10957"},{"taxonomy":"product_tag","embeddable":true,"href":"https:\/\/www.multicasa.com.br\/inicio\/wp-json\/wp\/v2\/product_tag?post=10957"}],"curies":[{"name":"wp","href":"https:\/\/api.w.org\/{rel}","templated":true}]}}