{"id":10958,"date":"2025-06-20T18:01:26","date_gmt":"2025-06-20T22:01:26","guid":{"rendered":"https:\/\/www.multicasa.com.br\/inicio\/?post_type=product&#038;p=10958"},"modified":"2025-06-20T18:02:03","modified_gmt":"2025-06-20T22:02:03","slug":"barra-de-apoio-em-aluminio-sicmol-60-cm","status":"publish","type":"product","link":"https:\/\/www.multicasa.com.br\/inicio\/produto\/barra-de-apoio-em-aluminio-sicmol-60-cm\/","title":{"rendered":"Barra de Apoio em Alum\u00ednio Sicmol 60 cm"},"content":{"rendered":"<p>Evite acidentes e deixe os ambientes e espa\u00e7os mais seguros para sua fam\u00edlia e amigos. Instale a barra de apoio em alum\u00ednio Sicmol em banheiros, lavabos, corredores, laterais de camas e comprove sua utilidade. Pode ser utilizada tanto na vertical, em lugares mais escorregadios como o box do banheiro, quanto na horizontal, perto do vaso sanit\u00e1rio. Al\u00e9m disso, tamb\u00e9m pode servir como pendurador de toalhas. Feita de alum\u00ednio, mede 60 cm. Para prolongar a durabilidade, n\u00e3o utilize palha de a\u00e7o ou produtos abrasivos para limpar.<\/p>\n","protected":false},"excerpt":{"rendered":"<h4 style=\"margin: 0px;padding: 0px 0px 16px;font-family: Lato, sans-serif;font-weight: bold;line-height: 3rem;color: var(--dark-grey3);font-size: 22px;font-style: normal;letter-spacing: normal;text-align: start;text-indent: 0px;text-transform: none\">Informa\u00e7\u00f5es t\u00e9cnicas<\/h4>\n<p><span style=\"margin: 0px;padding: 0px;font-weight: 450;font-size: 14px;line-height: 21px;color: var(--dark-grey2);font-family: Lato, sans-serif;font-style: normal;letter-spacing: normal;text-align: start;text-indent: 0px;text-transform: none\">Produto: Barra de apoio<br \/>\nMarca: Sicmol<br \/>\nMaterial: Alum\u00ednio<br \/>\nCor: Prata<br \/>\nCaracter\u00edsticas: Pode ser usada na vertical ou horizontal<br \/>\nDicas de uso e preserva\u00e7\u00e3o: N\u00e3o utilizar palha de a\u00e7o<br \/>\nN\u00e3o usar produtos abrasivos<br \/>\nItens inclusos: 1 Barra de apoio<br \/>\nDimens\u00f5es do produto (L): 60cm<br \/>\n<\/span><\/p>\n","protected":false},"featured_media":11014,"template":"","meta":{"_joinchat":[]},"product_brand":[],"product_cat":[69],"product_tag":[],"class_list":{"0":"post-10958","1":"product","2":"type-product","3":"status-publish","4":"has-post-thumbnail","6":"product_cat-acessorios-para-banheiro","8":"first","9":"outofstock","10":"shipping-taxable","11":"product-type-simple"},"_links":{"self":[{"href":"https:\/\/www.multicasa.com.br\/inicio\/wp-json\/wp\/v2\/product\/10958","targetHints":{"allow":["GET"]}}],"collection":[{"href":"https:\/\/www.multicasa.com.br\/inicio\/wp-json\/wp\/v2\/product"}],"about":[{"href":"https:\/\/www.multicasa.com.br\/inicio\/wp-json\/wp\/v2\/types\/product"}],"wp:featuredmedia":[{"embeddable":true,"href":"https:\/\/www.multicasa.com.br\/inicio\/wp-json\/wp\/v2\/media\/11014"}],"wp:attachment":[{"href":"https:\/\/www.multicasa.com.br\/inicio\/wp-json\/wp\/v2\/media?parent=10958"}],"wp:term":[{"taxonomy":"product_brand","embeddable":true,"href":"https:\/\/www.multicasa.com.br\/inicio\/wp-json\/wp\/v2\/product_brand?post=10958"},{"taxonomy":"product_cat","embeddable":true,"href":"https:\/\/www.multicasa.com.br\/inicio\/wp-json\/wp\/v2\/product_cat?post=10958"},{"taxonomy":"product_tag","embeddable":true,"href":"https:\/\/www.multicasa.com.br\/inicio\/wp-json\/wp\/v2\/product_tag?post=10958"}],"curies":[{"name":"wp","href":"https:\/\/api.w.org\/{rel}","templated":true}]}}