{"id":10959,"date":"2025-06-20T18:01:26","date_gmt":"2025-06-20T22:01:26","guid":{"rendered":"https:\/\/www.multicasa.com.br\/inicio\/?post_type=product&#038;p=10959"},"modified":"2025-08-18T04:04:30","modified_gmt":"2025-08-18T08:04:30","slug":"bateria-recarregavel-flex-280mah-9v","status":"publish","type":"product","link":"https:\/\/www.multicasa.com.br\/inicio\/produto\/bateria-recarregavel-flex-280mah-9v\/","title":{"rendered":"Bateria Recarreg\u00e1vel Flex 280mAh &#8211; 9V"},"content":{"rendered":"<p>A bateria recarreg\u00e1vel Flex de 280mAh e 9v \u00e9 ideal para controles remotos, lanternas, alarmes e brinquedos. Possui monitoramento de voltagem que controla o modo de carga ideal para cada item. Conta ainda com prote\u00e7\u00e3o curto-circuito e dasligamento autom\u00e1tico.<\/p>\n","protected":false},"excerpt":{"rendered":"<h4 style=\"margin: 0px;padding: 0px 0px 16px;font-family: Lato, sans-serif;font-weight: bold;line-height: 3rem;color: var(--dark-grey3);font-size: 22px;font-style: normal;letter-spacing: normal;text-align: start;text-indent: 0px;text-transform: none\">Informa\u00e7\u00f5es t\u00e9cnicas<\/h4>\n<p><span style=\"margin: 0px;padding: 0px;font-weight: 450;font-size: 14px;line-height: 21px;color: var(--dark-grey2);font-family: Lato, sans-serif;font-style: normal;letter-spacing: normal;text-align: start;text-indent: 0px;text-transform: none\">Produto: Bateria<br \/>\nTipo: Recarreg\u00e1vel<br \/>\nMarca: Flex<br \/>\nModelo: modelo de refer\u00eancia: FX-9V\/28B1<br \/>\nAmperagem: 250 mah<br \/>\nVoltagem: 9v<br \/>\nCaracter\u00edsticas: NI-MH<br \/>\nPara aparelhos com alta drenagem de energia<br \/>\nItens inclusos: 1 bateria<br \/>\n<\/span><\/p>\n","protected":false},"featured_media":11015,"template":"","meta":{"_joinchat":[]},"product_brand":[],"product_cat":[151],"product_tag":[],"class_list":{"0":"post-10959","1":"product","2":"type-product","3":"status-publish","4":"has-post-thumbnail","6":"product_cat-pilhas","8":"first","9":"outofstock","10":"shipping-taxable","11":"purchasable","12":"product-type-simple"},"_links":{"self":[{"href":"https:\/\/www.multicasa.com.br\/inicio\/wp-json\/wp\/v2\/product\/10959","targetHints":{"allow":["GET"]}}],"collection":[{"href":"https:\/\/www.multicasa.com.br\/inicio\/wp-json\/wp\/v2\/product"}],"about":[{"href":"https:\/\/www.multicasa.com.br\/inicio\/wp-json\/wp\/v2\/types\/product"}],"wp:featuredmedia":[{"embeddable":true,"href":"https:\/\/www.multicasa.com.br\/inicio\/wp-json\/wp\/v2\/media\/11015"}],"wp:attachment":[{"href":"https:\/\/www.multicasa.com.br\/inicio\/wp-json\/wp\/v2\/media?parent=10959"}],"wp:term":[{"taxonomy":"product_brand","embeddable":true,"href":"https:\/\/www.multicasa.com.br\/inicio\/wp-json\/wp\/v2\/product_brand?post=10959"},{"taxonomy":"product_cat","embeddable":true,"href":"https:\/\/www.multicasa.com.br\/inicio\/wp-json\/wp\/v2\/product_cat?post=10959"},{"taxonomy":"product_tag","embeddable":true,"href":"https:\/\/www.multicasa.com.br\/inicio\/wp-json\/wp\/v2\/product_tag?post=10959"}],"curies":[{"name":"wp","href":"https:\/\/api.w.org\/{rel}","templated":true}]}}