{"id":10996,"date":"2025-06-20T18:01:50","date_gmt":"2025-06-20T22:01:50","guid":{"rendered":"https:\/\/www.multicasa.com.br\/inicio\/?post_type=product&#038;p=10996"},"modified":"2025-08-16T16:16:07","modified_gmt":"2025-08-16T20:16:07","slug":"espelho-dupla-face-de-mao-crysbell","status":"publish","type":"product","link":"https:\/\/www.multicasa.com.br\/inicio\/produto\/espelho-dupla-face-de-mao-crysbell\/","title":{"rendered":"Espelho Dupla Face de M\u00e3o Crysbell"},"content":{"rendered":"<p>Que tal se arrumar com efici\u00eancia, praticidade e deixar tudo nos m\u00ednimos detalhes? Com o espelho dupla face de m\u00e3o da Crysbell isso ficou ainda mais f\u00e1cil. Possui design moderno para deixar qualquer cuidado est\u00e9tico ainda mais leve e prazeroso e lente de aumento de 5x em uma das suas faces, ideal para coloca\u00e7\u00e3o de lentes de contato e outras a\u00e7\u00f5es mais delicadas. \u00d3tima op\u00e7\u00e3o para levar em viagens e passeios.<\/p>\n","protected":false},"excerpt":{"rendered":"<h4 style=\"margin: 0px;padding: 0px 0px 16px;font-family: Lato, sans-serif;font-weight: bold;line-height: 3rem;color: var(--dark-grey3);font-size: 22px;font-style: normal;letter-spacing: normal;text-align: start;text-indent: 0px;text-transform: none\">Informa\u00e7\u00f5es t\u00e9cnicas<\/h4>\n<p><span style=\"margin: 0px;padding: 0px;font-weight: 450;font-size: 14px;line-height: 21px;color: var(--dark-grey2);font-family: Lato, sans-serif;font-style: normal;letter-spacing: normal;text-align: start;text-indent: 0px;text-transform: none\">Produto: Espelho<br \/>\nMarca: Crysbell<br \/>\nMaterial: Base em Acr\u00edlico cristal<br \/>\nVidro<br \/>\nCor: Branco<br \/>\nCaracter\u00edsticas: Espelho de m\u00e3o<br \/>\nDupla face<br \/>\nAmplia\u00e7\u00e3o de 5x em um dos lados<br \/>\nMovimenta verticalmente<br \/>\nItens inclusos: 1 espelho<br \/>\nDimens\u00f5es do produto (A X L X P): 26 x 16 x 12,5cm<br \/>\n<\/span><\/p>\n","protected":false},"featured_media":11043,"template":"","meta":{"_joinchat":[]},"product_brand":[],"product_cat":[101],"product_tag":[],"class_list":{"0":"post-10996","1":"product","2":"type-product","3":"status-publish","4":"has-post-thumbnail","6":"product_cat-cuidados-pessoais","8":"first","9":"outofstock","10":"shipping-taxable","11":"product-type-simple"},"_links":{"self":[{"href":"https:\/\/www.multicasa.com.br\/inicio\/wp-json\/wp\/v2\/product\/10996","targetHints":{"allow":["GET"]}}],"collection":[{"href":"https:\/\/www.multicasa.com.br\/inicio\/wp-json\/wp\/v2\/product"}],"about":[{"href":"https:\/\/www.multicasa.com.br\/inicio\/wp-json\/wp\/v2\/types\/product"}],"wp:featuredmedia":[{"embeddable":true,"href":"https:\/\/www.multicasa.com.br\/inicio\/wp-json\/wp\/v2\/media\/11043"}],"wp:attachment":[{"href":"https:\/\/www.multicasa.com.br\/inicio\/wp-json\/wp\/v2\/media?parent=10996"}],"wp:term":[{"taxonomy":"product_brand","embeddable":true,"href":"https:\/\/www.multicasa.com.br\/inicio\/wp-json\/wp\/v2\/product_brand?post=10996"},{"taxonomy":"product_cat","embeddable":true,"href":"https:\/\/www.multicasa.com.br\/inicio\/wp-json\/wp\/v2\/product_cat?post=10996"},{"taxonomy":"product_tag","embeddable":true,"href":"https:\/\/www.multicasa.com.br\/inicio\/wp-json\/wp\/v2\/product_tag?post=10996"}],"curies":[{"name":"wp","href":"https:\/\/api.w.org\/{rel}","templated":true}]}}