{"id":11028,"date":"2025-06-20T18:02:12","date_gmt":"2025-06-20T22:02:12","guid":{"rendered":"https:\/\/www.multicasa.com.br\/inicio\/?post_type=product&#038;p=11028"},"modified":"2026-02-06T16:01:00","modified_gmt":"2026-02-06T20:01:00","slug":"lixeira-de-inox-com-pedal-cinza-agata-mor-30l","status":"publish","type":"product","link":"https:\/\/www.multicasa.com.br\/inicio\/produto\/lixeira-de-inox-com-pedal-cinza-agata-mor-30l\/","title":{"rendered":"Lixeira de Inox com Pedal Cinza \u00c1gata Mor 30L"},"content":{"rendered":"<p>Mantenha a higiene da sua casa com a Lixeira de Inox \u00c1gata da Mor. Com 30 litros de capacidade, tem design clean e sofisticado que garante modernidade e eleg\u00e2ncia a qualquer local. Indicada para banheiros, cozinhas e escrit\u00f3rios, possui balde externo de inox, balde interno que tem 29cm de di\u00e2metro e 56,5cm de altura e pode ser removido facilmente para limpeza. Com pedal para abertura e al\u00e7a externa para transporte, evita que voc\u00ea precise tocar diretamente os cestos, diminuindo o risco de contamina\u00e7\u00e3o e contato com sujeiras, bact\u00e9rias e res\u00edduos. De grande resist\u00eancia e durabilidade, a lixeira de inox Mor adapta-se facilmente a qualquer decora\u00e7\u00e3o. <\/p>\n","protected":false},"excerpt":{"rendered":"<h4 style=\"margin: 0px;padding: 0px 0px 16px;font-family: Lato, sans-serif;font-weight: bold;line-height: 3rem;color: var(--dark-grey3);font-size: 22px;font-style: normal;letter-spacing: normal;text-align: start;text-indent: 0px;text-transform: none\">Informa\u00e7\u00f5es t\u00e9cnicas<\/h4>\n<p><span style=\"margin: 0px;padding: 0px;font-weight: 450;font-size: 14px;line-height: 21px;color: var(--dark-grey2);font-family: Lato, sans-serif;font-style: normal;letter-spacing: normal;text-align: start;text-indent: 0px;text-transform: none\">Produto: Lixeira<br \/>\nMarca: Mor<br \/>\nMaterial: Inox<br \/>\nCor: Cinza<br \/>\nCapacidade: 30L<br \/>\nCaracter\u00edsticas: Tampa acionada por pedal; recipiente interno de pl\u00e1stico<br \/>\nItens Inclusos: 1 lixeira<br \/>\nDimens\u00f5es do produto (A x L): 56,5 x 29cm<\/span><\/p>\n","protected":false},"featured_media":25459,"template":"","meta":{"_joinchat":[]},"product_brand":[],"product_cat":[99],"product_tag":[],"class_list":{"0":"post-11028","1":"product","2":"type-product","3":"status-publish","4":"has-post-thumbnail","6":"product_cat-lixeiras","8":"first","9":"instock","10":"shipping-taxable","11":"purchasable","12":"product-type-simple"},"_links":{"self":[{"href":"https:\/\/www.multicasa.com.br\/inicio\/wp-json\/wp\/v2\/product\/11028","targetHints":{"allow":["GET"]}}],"collection":[{"href":"https:\/\/www.multicasa.com.br\/inicio\/wp-json\/wp\/v2\/product"}],"about":[{"href":"https:\/\/www.multicasa.com.br\/inicio\/wp-json\/wp\/v2\/types\/product"}],"wp:featuredmedia":[{"embeddable":true,"href":"https:\/\/www.multicasa.com.br\/inicio\/wp-json\/wp\/v2\/media\/25459"}],"wp:attachment":[{"href":"https:\/\/www.multicasa.com.br\/inicio\/wp-json\/wp\/v2\/media?parent=11028"}],"wp:term":[{"taxonomy":"product_brand","embeddable":true,"href":"https:\/\/www.multicasa.com.br\/inicio\/wp-json\/wp\/v2\/product_brand?post=11028"},{"taxonomy":"product_cat","embeddable":true,"href":"https:\/\/www.multicasa.com.br\/inicio\/wp-json\/wp\/v2\/product_cat?post=11028"},{"taxonomy":"product_tag","embeddable":true,"href":"https:\/\/www.multicasa.com.br\/inicio\/wp-json\/wp\/v2\/product_tag?post=11028"}],"curies":[{"name":"wp","href":"https:\/\/api.w.org\/{rel}","templated":true}]}}