{"id":11032,"date":"2025-06-20T18:02:12","date_gmt":"2025-06-20T22:02:12","guid":{"rendered":"https:\/\/www.multicasa.com.br\/inicio\/?post_type=product&#038;p=11032"},"modified":"2025-06-20T18:03:12","modified_gmt":"2025-06-20T22:03:12","slug":"descascador-de-fio-eda-profissional-9nv","status":"publish","type":"product","link":"https:\/\/www.multicasa.com.br\/inicio\/produto\/descascador-de-fio-eda-profissional-9nv\/","title":{"rendered":"Descascador de Fio Eda Profissional 9nv"},"content":{"rendered":"<p>O descascador de fio Eda \u00e9 ideal para desencapar fios e cabos coaxial de 4, 6, 8 e 12 mm, tamb\u00e9m para fios RG58 (3C2V), RG59, RG63 e RG6 e especial para 6O5, 3C, 4C e 5C. Corpo em pl\u00e1stico r\u00edgido sendo compacto e equipado com l\u00e2minas especiais e ajust\u00e1veis. Acompanha chave Allen para ajustar a posi\u00e7\u00e3o das l\u00e2minas trazendo mais praticidade e oferecendo f\u00e1cil utiliza\u00e7\u00e3o.<\/p>\n","protected":false},"excerpt":{"rendered":"<h4 style=\"margin: 0px;padding: 0px 0px 16px;font-family: Lato, sans-serif;font-weight: bold;line-height: 3rem;color: var(--dark-grey3);font-size: 22px;font-style: normal;letter-spacing: normal;text-align: start;text-indent: 0px;text-transform: none\">Informa\u00e7\u00f5es t\u00e9cnicas<\/h4>\n<p><span style=\"margin: 0px;padding: 0px;font-weight: 450;font-size: 14px;line-height: 21px;color: var(--dark-grey2);font-family: Lato, sans-serif;font-style: normal;letter-spacing: normal;text-align: start;text-indent: 0px;text-transform: none\">Produto: Descascador de fios<br \/>\nMarca: Eda<br \/>\nMaterial: Pl\u00e1stico r\u00edgido<br \/>\nCor: Cinza<br \/>\nUso Indicado: Ideal para desencapar fios e cabos coaxial<br \/>\nCaracter\u00edsticas: L\u00e2minas especiais e ajust\u00e1veis<br \/>\nDescasca cabos coaxias de 4, 6, 8 e 12mm<br \/>\nFios rg58 (3c2v), rg59, rg63 e rg6;<br \/>\nEspecial para fios 6o5, 3c, 4c e 5c<br \/>\nQuantidade de pe\u00e7as: 2<br \/>\nItens Inclusos: 1 Descascador de fios<br \/>\n1 chave allen para ajustar a posi\u00e7\u00e3o das l\u00e2minas<br \/>\nDimens\u00f5es do produto (L): 10cm<br \/>\nPeso do Produto: 60g<\/span><\/p>\n","protected":false},"featured_media":11112,"template":"","meta":{"_joinchat":[]},"product_brand":[],"product_cat":[137],"product_tag":[],"class_list":{"0":"post-11032","1":"product","2":"type-product","3":"status-publish","4":"has-post-thumbnail","6":"product_cat-ferramentas-manuais","8":"first","9":"outofstock","10":"shipping-taxable","11":"product-type-simple"},"_links":{"self":[{"href":"https:\/\/www.multicasa.com.br\/inicio\/wp-json\/wp\/v2\/product\/11032","targetHints":{"allow":["GET"]}}],"collection":[{"href":"https:\/\/www.multicasa.com.br\/inicio\/wp-json\/wp\/v2\/product"}],"about":[{"href":"https:\/\/www.multicasa.com.br\/inicio\/wp-json\/wp\/v2\/types\/product"}],"wp:featuredmedia":[{"embeddable":true,"href":"https:\/\/www.multicasa.com.br\/inicio\/wp-json\/wp\/v2\/media\/11112"}],"wp:attachment":[{"href":"https:\/\/www.multicasa.com.br\/inicio\/wp-json\/wp\/v2\/media?parent=11032"}],"wp:term":[{"taxonomy":"product_brand","embeddable":true,"href":"https:\/\/www.multicasa.com.br\/inicio\/wp-json\/wp\/v2\/product_brand?post=11032"},{"taxonomy":"product_cat","embeddable":true,"href":"https:\/\/www.multicasa.com.br\/inicio\/wp-json\/wp\/v2\/product_cat?post=11032"},{"taxonomy":"product_tag","embeddable":true,"href":"https:\/\/www.multicasa.com.br\/inicio\/wp-json\/wp\/v2\/product_tag?post=11032"}],"curies":[{"name":"wp","href":"https:\/\/api.w.org\/{rel}","templated":true}]}}