{"id":11034,"date":"2025-06-20T18:02:13","date_gmt":"2025-06-20T22:02:13","guid":{"rendered":"https:\/\/www.multicasa.com.br\/inicio\/?post_type=product&#038;p=11034"},"modified":"2025-06-20T18:03:18","modified_gmt":"2025-06-20T22:03:18","slug":"caixa-plastica-de-ferramentas-com-bandeja-interna-cf38-sao-bernardo","status":"publish","type":"product","link":"https:\/\/www.multicasa.com.br\/inicio\/produto\/caixa-plastica-de-ferramentas-com-bandeja-interna-cf38-sao-bernardo\/","title":{"rendered":"Caixa Pl\u00e1stica de Ferramentas com Bandeja Interna CF38 S\u00e3o Bernardo"},"content":{"rendered":"<p>A Maleta de Ferramentas com bandeja interna S\u00e3o Bernardo possui compartimentos para voc\u00ea armazenar e organizar suas ferramentas e acess\u00f3rios de forma pr\u00e1tica. Feita em pl\u00e1stico com fecho met\u00e1lico, seu compartimento interno \u00e9 ideal para guardar materiais de pesca, pe\u00e7as, ferramentas e pode ajudar em usos dom\u00e9sticos. Organize e transporte suas ferramentas e utens\u00edlios de forma simples e segura.<\/p>\n","protected":false},"excerpt":{"rendered":"<h4 style=\"margin: 0px;padding: 0px 0px 16px;font-family: Lato, sans-serif;font-weight: bold;line-height: 3rem;color: var(--dark-grey3);font-size: 22px;font-style: normal;letter-spacing: normal;text-align: start;text-indent: 0px;text-transform: none\">Informa\u00e7\u00f5es t\u00e9cnicas<\/h4>\n<p><span style=\"margin: 0px;padding: 0px;font-weight: 450;font-size: 14px;line-height: 21px;color: var(--dark-grey2);font-family: Lato, sans-serif;font-style: normal;letter-spacing: normal;text-align: start;text-indent: 0px;text-transform: none\">Produto: Caixa de Ferramentas<br \/>\nMarca: S\u00e3o Bernardo<br \/>\nMaterial: Pl\u00e1stico<br \/>\nCor: Cinza e preto<br \/>\nCaracter\u00edsticas: Possui fecho met\u00e1lico<br \/>\nPossui bandeja interna para organiza\u00e7\u00e3o<br \/>\nItens Inclusos: 1 Caixa de Ferramentas<br \/>\nDimens\u00f5es do produto:(A x L x P): 29 x 25 x 17cm<\/span><\/p>\n","protected":false},"featured_media":11121,"template":"","meta":{"_joinchat":[]},"product_brand":[],"product_cat":[137],"product_tag":[],"class_list":{"0":"post-11034","1":"product","2":"type-product","3":"status-publish","4":"has-post-thumbnail","6":"product_cat-ferramentas-manuais","8":"first","9":"outofstock","10":"shipping-taxable","11":"product-type-simple"},"_links":{"self":[{"href":"https:\/\/www.multicasa.com.br\/inicio\/wp-json\/wp\/v2\/product\/11034","targetHints":{"allow":["GET"]}}],"collection":[{"href":"https:\/\/www.multicasa.com.br\/inicio\/wp-json\/wp\/v2\/product"}],"about":[{"href":"https:\/\/www.multicasa.com.br\/inicio\/wp-json\/wp\/v2\/types\/product"}],"wp:featuredmedia":[{"embeddable":true,"href":"https:\/\/www.multicasa.com.br\/inicio\/wp-json\/wp\/v2\/media\/11121"}],"wp:attachment":[{"href":"https:\/\/www.multicasa.com.br\/inicio\/wp-json\/wp\/v2\/media?parent=11034"}],"wp:term":[{"taxonomy":"product_brand","embeddable":true,"href":"https:\/\/www.multicasa.com.br\/inicio\/wp-json\/wp\/v2\/product_brand?post=11034"},{"taxonomy":"product_cat","embeddable":true,"href":"https:\/\/www.multicasa.com.br\/inicio\/wp-json\/wp\/v2\/product_cat?post=11034"},{"taxonomy":"product_tag","embeddable":true,"href":"https:\/\/www.multicasa.com.br\/inicio\/wp-json\/wp\/v2\/product_tag?post=11034"}],"curies":[{"name":"wp","href":"https:\/\/api.w.org\/{rel}","templated":true}]}}