{"id":11036,"date":"2025-06-20T18:02:13","date_gmt":"2025-06-20T22:02:13","guid":{"rendered":"https:\/\/www.multicasa.com.br\/inicio\/?post_type=product&#038;p=11036"},"modified":"2025-06-20T18:03:23","modified_gmt":"2025-06-20T22:03:23","slug":"desentupidor-de-vaso-sanitario-novica-bettanin","status":"publish","type":"product","link":"https:\/\/www.multicasa.com.br\/inicio\/produto\/desentupidor-de-vaso-sanitario-novica-bettanin\/","title":{"rendered":"Desentupidor de Vaso Sanit\u00e1rio Novi\u00e7a Bettanin"},"content":{"rendered":"<p>Use o Desentupidor de Vaso Sanit\u00e1rio da linha Novi\u00e7a Bettanin para imprevistos que podem ocorrer no banheiro. Ideal para ser utilizado em bacias sanit\u00e1rias e ralos, \u00e9 o utens\u00edlio que n\u00e3o pode faltar nos produtos e objetos para limpeza. Possui bojo Flex\u00edvel e excelente poder de suc\u00e7\u00e3o que resolvem qualquer problema com agilidade e efici\u00eancia. Pode ser facilmente guardado na lavanderia ou permanecer em qualquer canto do banheiro, ficando \u00e0 palma da m\u00e3o quando preciso.<\/p>\n","protected":false},"excerpt":{"rendered":"<h4 style=\"margin: 0px;padding: 0px 0px 16px;font-family: Lato, sans-serif;font-weight: bold;line-height: 3rem;color: var(--dark-grey3);font-size: 22px;font-style: normal;letter-spacing: normal;text-align: start;text-indent: 0px;text-transform: none\">Informa\u00e7\u00f5es t\u00e9cnicas<\/h4>\n<p><span style=\"margin: 0px;padding: 0px;font-weight: 450;font-size: 14px;line-height: 21px;color: var(--dark-grey2);font-family: Lato, sans-serif;font-style: normal;letter-spacing: normal;text-align: start;text-indent: 0px;text-transform: none\">Produto: Desentupidor de Vaso Sanit\u00e1rio<br \/>\nMarca: Bettanin<br \/>\nMaterial: Pl\u00e1stico e Borracha<br \/>\nCor: Roxo e preto<br \/>\nCaracter\u00edsticas: Bojo flex\u00edvel<br \/>\nItens Inclusos: 1 Desentupidor de vaso sanit\u00e1rio<br \/>\nDimens\u00f5es do produto (A x L x P): 53 x 14,5 x 14,5cm <\/p>\n<p><\/span><\/p>\n","protected":false},"featured_media":11133,"template":"","meta":{"_joinchat":[]},"product_brand":[],"product_cat":[96],"product_tag":[],"class_list":{"0":"post-11036","1":"product","2":"type-product","3":"status-publish","4":"has-post-thumbnail","6":"product_cat-limpeza-e-cia","8":"first","9":"outofstock","10":"shipping-taxable","11":"product-type-simple"},"_links":{"self":[{"href":"https:\/\/www.multicasa.com.br\/inicio\/wp-json\/wp\/v2\/product\/11036","targetHints":{"allow":["GET"]}}],"collection":[{"href":"https:\/\/www.multicasa.com.br\/inicio\/wp-json\/wp\/v2\/product"}],"about":[{"href":"https:\/\/www.multicasa.com.br\/inicio\/wp-json\/wp\/v2\/types\/product"}],"wp:featuredmedia":[{"embeddable":true,"href":"https:\/\/www.multicasa.com.br\/inicio\/wp-json\/wp\/v2\/media\/11133"}],"wp:attachment":[{"href":"https:\/\/www.multicasa.com.br\/inicio\/wp-json\/wp\/v2\/media?parent=11036"}],"wp:term":[{"taxonomy":"product_brand","embeddable":true,"href":"https:\/\/www.multicasa.com.br\/inicio\/wp-json\/wp\/v2\/product_brand?post=11036"},{"taxonomy":"product_cat","embeddable":true,"href":"https:\/\/www.multicasa.com.br\/inicio\/wp-json\/wp\/v2\/product_cat?post=11036"},{"taxonomy":"product_tag","embeddable":true,"href":"https:\/\/www.multicasa.com.br\/inicio\/wp-json\/wp\/v2\/product_tag?post=11036"}],"curies":[{"name":"wp","href":"https:\/\/api.w.org\/{rel}","templated":true}]}}