{"id":11057,"date":"2025-06-20T18:02:34","date_gmt":"2025-06-20T22:02:34","guid":{"rendered":"https:\/\/www.multicasa.com.br\/inicio\/?post_type=product&#038;p=11057"},"modified":"2025-06-20T18:03:24","modified_gmt":"2025-06-20T22:03:24","slug":"kit-chave-intercambiavel-41-pecas-eda","status":"publish","type":"product","link":"https:\/\/www.multicasa.com.br\/inicio\/produto\/kit-chave-intercambiavel-41-pecas-eda\/","title":{"rendered":"Kit Chave Intercambi\u00e1vel 41 pe\u00e7as Eda"},"content":{"rendered":"<p>O Kit de chave intercambi\u00e1vel Eda \u00e9 perfeito para soltar e apertar parafusos philips, fenda, torx, hexagonal, quadrado e soquetes de encaixe. Possui um cabo anat\u00f4mico e emborrachado com catraca para utilizar as diferentes combina\u00e7\u00f5es de bits. O jogo de chaves conta com 41 pe\u00e7as e acompanha uma caixa pl\u00e1stica com trava. Produzidas em a\u00e7o cromo van\u00e1dio que garante uma durabilidade muito maior.<\/p>\n","protected":false},"excerpt":{"rendered":"<h4 style=\"margin: 0px;padding: 0px 0px 16px;font-family: Lato, sans-serif;font-weight: bold;line-height: 3rem;color: var(--dark-grey3);font-size: 22px;font-style: normal;letter-spacing: normal;text-align: start;text-indent: 0px;text-transform: none\">Informa\u00e7\u00f5es t\u00e9cnicas<\/h4>\n<p><span style=\"margin: 0px;padding: 0px;font-weight: 450;font-size: 14px;line-height: 21px;color: var(--dark-grey2);font-family: Lato, sans-serif;font-style: normal;letter-spacing: normal;text-align: start;text-indent: 0px;text-transform: none\">Produto: Kit de Chave Intercambi\u00e1vel<br \/>\nMarca: Eda<br \/>\nMaterial: A\u00e7o Van\u00e1dio<br \/>\nCabo emborrachado<br \/>\nCor: Vermelho e preto<br \/>\nQuantidade de pe\u00e7as: 42<br \/>\nItens Inclusos: 1 caixa pl\u00e1stica com trava<br \/>\n1 cabo anat\u00f4mico com catraca<br \/>\n3 philips: Ph000, Ph00 e Ph00<br \/>\n3 Fenda: 5\/64&#8243;, 3\/32&#8243; e 1\/8&#8243;<br \/>\n3 Torx: T5, T6 e T7<br \/>\n3 Hexagonal: h1,3; h1,5 e h2,0<br \/>\n4 Fenda de 1?: 5\/32&#8243;, 3\/16&#8243;, 1\/4&#8243; e 1\/8&#8243;<br \/>\n4 philips de 1&#8243;: ph0, ph1, ph2 e ph3<br \/>\n4 Quadradas de 1&#8243;: s0, s1, s2 e s3<br \/>\n4 torx de 1&#8243;: t10, t15, t20 e t25<br \/>\n9 soquetes de encaixe, sendo eles: 1\/4&#8243;: 5\/32&#8243;, 3\/16&#8243;, 1\/4&#8243;, 9\/32&#8243;, 5\/16&#8243;, 11\/32&#8243;, 3\/8&#8243;, 7\/16&#8243; e 15\/32&#8243;<br \/>\n1 adaptador de 1&#8243;<br \/>\n1 cabo para bits de precis\u00e3o<br \/>\n1 extens\u00e3o de 2&#8243;<\/span><\/p>\n","protected":false},"featured_media":11134,"template":"","meta":{"_joinchat":[]},"product_brand":[],"product_cat":[137],"product_tag":[],"class_list":{"0":"post-11057","1":"product","2":"type-product","3":"status-publish","4":"has-post-thumbnail","6":"product_cat-ferramentas-manuais","8":"first","9":"outofstock","10":"shipping-taxable","11":"product-type-simple"},"_links":{"self":[{"href":"https:\/\/www.multicasa.com.br\/inicio\/wp-json\/wp\/v2\/product\/11057","targetHints":{"allow":["GET"]}}],"collection":[{"href":"https:\/\/www.multicasa.com.br\/inicio\/wp-json\/wp\/v2\/product"}],"about":[{"href":"https:\/\/www.multicasa.com.br\/inicio\/wp-json\/wp\/v2\/types\/product"}],"wp:featuredmedia":[{"embeddable":true,"href":"https:\/\/www.multicasa.com.br\/inicio\/wp-json\/wp\/v2\/media\/11134"}],"wp:attachment":[{"href":"https:\/\/www.multicasa.com.br\/inicio\/wp-json\/wp\/v2\/media?parent=11057"}],"wp:term":[{"taxonomy":"product_brand","embeddable":true,"href":"https:\/\/www.multicasa.com.br\/inicio\/wp-json\/wp\/v2\/product_brand?post=11057"},{"taxonomy":"product_cat","embeddable":true,"href":"https:\/\/www.multicasa.com.br\/inicio\/wp-json\/wp\/v2\/product_cat?post=11057"},{"taxonomy":"product_tag","embeddable":true,"href":"https:\/\/www.multicasa.com.br\/inicio\/wp-json\/wp\/v2\/product_tag?post=11057"}],"curies":[{"name":"wp","href":"https:\/\/api.w.org\/{rel}","templated":true}]}}