{"id":11061,"date":"2025-06-20T18:02:34","date_gmt":"2025-06-20T22:02:34","guid":{"rendered":"https:\/\/www.multicasa.com.br\/inicio\/?post_type=product&#038;p=11061"},"modified":"2025-12-16T19:31:25","modified_gmt":"2025-12-16T23:31:25","slug":"fonte-universal-para-notebook-flex-bivolt","status":"publish","type":"product","link":"https:\/\/www.multicasa.com.br\/inicio\/produto\/fonte-universal-para-notebook-flex-bivolt\/","title":{"rendered":"Fonte Universal para Notebook Flex Bivolt"},"content":{"rendered":"<p>Trabalhe, estude ou tire seu tempo de lazer sem se preocupar com a bateria do seu computador. A fonte universal para notebook da Flex \u00e9 bivolt e possui 9 conectores para diversos modelos de laptops ou monitores. Com ajuste chaveado de tens\u00e3o, tem protec\u00e3o contra sobretens\u00e3o, prote\u00e7\u00e3o contra curto-circuito e conectores com trava de seguran\u00e7a para encaixe perfeito que garantem a polaridade ideal para cada tipo de aparelho. Perfeita para quem busca praticidade e n\u00e3o abre-m\u00e3o de ter acesso aos seus documentos sempre que necess\u00e1rio, em qualquer lugar.<\/p>\n","protected":false},"excerpt":{"rendered":"<h4 style=\"margin: 0px;padding: 0px 0px 16px;font-family: Lato, sans-serif;font-weight: bold;line-height: 3rem;color: var(--dark-grey3);font-size: 22px;font-style: normal;letter-spacing: normal;text-align: start;text-indent: 0px;text-transform: none\">Informa\u00e7\u00f5es t\u00e9cnicas<\/h4>\n<p><span style=\"margin: 0px;padding: 0px;font-weight: 450;font-size: 14px;line-height: 21px;color: var(--dark-grey2);font-family: Lato, sans-serif;font-style: normal;letter-spacing: normal;text-align: start;text-indent: 0px;text-transform: none\">Produto: Fonte Universal para notebook<br \/>\nMarca: Flex<br \/>\nMaterial: Pl\u00e1stico<br \/>\nCor: Preto<br \/>\nPot\u00eancia: 100w<br \/>\nTens\u00e3o el\u00e9trica: 110v &#8211; 240v<br \/>\nFrequ\u00eancia: 50\/60HZ<br \/>\nCaracter\u00edsticas: Sa\u00edda 12-24v dc 4a<br \/>\nProte\u00e7\u00e3o contra sobretens\u00e3o<br \/>\nProte\u00e7\u00e3o contra curto-circuito<br \/>\nConectores com trava de seguran\u00e7a<br \/>\nItens Inclusos: 1 Fonte Universal para notebook<br \/>\nDimens\u00f5es do produto (A X L X P): 15,5 x 4,6 x 10,8cm<br \/>\n<\/span><\/p>\n","protected":false},"featured_media":11139,"template":"","meta":{"_joinchat":[]},"product_brand":[],"product_cat":[130],"product_tag":[],"class_list":{"0":"post-11061","1":"product","2":"type-product","3":"status-publish","4":"has-post-thumbnail","6":"product_cat-informatica","8":"first","9":"instock","10":"shipping-taxable","11":"purchasable","12":"product-type-simple"},"_links":{"self":[{"href":"https:\/\/www.multicasa.com.br\/inicio\/wp-json\/wp\/v2\/product\/11061","targetHints":{"allow":["GET"]}}],"collection":[{"href":"https:\/\/www.multicasa.com.br\/inicio\/wp-json\/wp\/v2\/product"}],"about":[{"href":"https:\/\/www.multicasa.com.br\/inicio\/wp-json\/wp\/v2\/types\/product"}],"wp:featuredmedia":[{"embeddable":true,"href":"https:\/\/www.multicasa.com.br\/inicio\/wp-json\/wp\/v2\/media\/11139"}],"wp:attachment":[{"href":"https:\/\/www.multicasa.com.br\/inicio\/wp-json\/wp\/v2\/media?parent=11061"}],"wp:term":[{"taxonomy":"product_brand","embeddable":true,"href":"https:\/\/www.multicasa.com.br\/inicio\/wp-json\/wp\/v2\/product_brand?post=11061"},{"taxonomy":"product_cat","embeddable":true,"href":"https:\/\/www.multicasa.com.br\/inicio\/wp-json\/wp\/v2\/product_cat?post=11061"},{"taxonomy":"product_tag","embeddable":true,"href":"https:\/\/www.multicasa.com.br\/inicio\/wp-json\/wp\/v2\/product_tag?post=11061"}],"curies":[{"name":"wp","href":"https:\/\/api.w.org\/{rel}","templated":true}]}}